{"id":90088,"date":"2022-07-15T18:40:20","date_gmt":"2022-07-15T23:40:20","guid":{"rendered":"https:\/\/defabrica.com.mx\/defabrica\/?post_type=product&#038;p=90088"},"modified":"2023-01-18T14:53:03","modified_gmt":"2023-01-18T20:53:03","slug":"hp-omen-raton-optico-inalambrico-photon-negro","status":"publish","type":"product","link":"https:\/\/defabrica.com.mx\/defabrica\/producto\/hp-omen-raton-optico-inalambrico-photon-negro\/","title":{"rendered":"HP OMEN &#8211; Rat\u00f3n \u00f3ptico inal\u00e1mbrico Photon &#8211; Negro"},"content":{"rendered":"<div class=\"embedded-component-container lv product-description\">\n<div>\n<div id=\"shop-product-description-24004684\" class=\"_none\" data-version=\"1.3.46\">\n<div class=\"shop-product-description\">\n<section class=\"align-heading-left\" data-reactroot=\"\">\n<div class=\"long-description-container body-copy \">\n<div class=\"html-fragment\">Eclipsa a tu competencia mientras juegas con este mouse inal\u00e1mbrico HP OMEN Photon.\u00a0La bater\u00eda recargable ofrece hasta 50 horas de uso cuando est\u00e1 completamente cargada, y la compatibilidad de carga inal\u00e1mbrica Qi permite la alimentaci\u00f3n sin cables.\u00a0Este mouse inal\u00e1mbrico HP OMEN Photon tiene seis botones programables para personalizaci\u00f3n y el conector USB garantiza una conexi\u00f3n inal\u00e1mbrica r\u00e1pida y segura.<\/div>\n<\/div>\n<\/section>\n<\/div>\n<\/div>\n<\/div>\n<\/div>\n<div class=\"embedded-component-container lv product-features\">\n<h3><\/h3>\n<h3 class=\"heading-5 v-fw-regular feature-heading\"><strong>Caracter\u00edsticas<\/strong><\/h3>\n<ul>\n<li><strong>Conexi\u00f3n inal\u00e1mbrica<\/strong><br \/>\nEste mouse se conecta a su computadora mediante un receptor USB inal\u00e1mbrico.<\/li>\n<li><strong>tecnolog\u00eda \u00f3ptica<\/strong><br \/>\nLas luces LED escanean la superficie debajo del mouse para detectar movimiento con bastante precisi\u00f3n, adecuado para la inform\u00e1tica y la navegaci\u00f3n diarias.<\/li>\n<li><strong>6 botones<\/strong><br \/>\nProporcione acceso a comandos y funciones de uso frecuente para un control potente.<\/li>\n<li><strong>Compatible con la mayor\u00eda de las computadoras Windows y Mac<\/strong><br \/>\nFunciona en una amplia gama de computadoras.<\/li>\n<\/ul>\n<\/div>\n","protected":false},"excerpt":{"rendered":"<p>Eclipsa a tu competencia mientras juegas con este mouse inal\u00e1mbrico HP OMEN Photon.\u00a0La bater\u00eda recargable ofrece hasta 50 horas de uso cuando est\u00e1 completamente cargada, y la compatibilidad de carga<\/p>\n","protected":false},"featured_media":90092,"comment_status":"open","ping_status":"closed","template":"","meta":{"_acf_changed":false,"_joinchat":[]},"product_brand":[],"product_cat":[277,280,434],"product_tag":[],"class_list":{"0":"post-90088","1":"product","2":"type-product","3":"status-publish","4":"has-post-thumbnail","6":"product_cat-zona-gamer","7":"product_cat-pc-gaming","8":"product_cat-mouse-y-teclado-gamer","10":"first","11":"instock","12":"sale","13":"shipping-taxable","14":"purchasable","15":"product-type-simple"},"acf":[],"_links":{"self":[{"href":"https:\/\/defabrica.com.mx\/defabrica\/wp-json\/wp\/v2\/product\/90088","targetHints":{"allow":["GET"]}}],"collection":[{"href":"https:\/\/defabrica.com.mx\/defabrica\/wp-json\/wp\/v2\/product"}],"about":[{"href":"https:\/\/defabrica.com.mx\/defabrica\/wp-json\/wp\/v2\/types\/product"}],"replies":[{"embeddable":true,"href":"https:\/\/defabrica.com.mx\/defabrica\/wp-json\/wp\/v2\/comments?post=90088"}],"wp:featuredmedia":[{"embeddable":true,"href":"https:\/\/defabrica.com.mx\/defabrica\/wp-json\/wp\/v2\/media\/90092"}],"wp:attachment":[{"href":"https:\/\/defabrica.com.mx\/defabrica\/wp-json\/wp\/v2\/media?parent=90088"}],"wp:term":[{"taxonomy":"product_brand","embeddable":true,"href":"https:\/\/defabrica.com.mx\/defabrica\/wp-json\/wp\/v2\/product_brand?post=90088"},{"taxonomy":"product_cat","embeddable":true,"href":"https:\/\/defabrica.com.mx\/defabrica\/wp-json\/wp\/v2\/product_cat?post=90088"},{"taxonomy":"product_tag","embeddable":true,"href":"https:\/\/defabrica.com.mx\/defabrica\/wp-json\/wp\/v2\/product_tag?post=90088"}],"curies":[{"name":"wp","href":"https:\/\/api.w.org\/{rel}","templated":true}]}}