{"id":90082,"date":"2022-07-15T18:35:15","date_gmt":"2022-07-15T23:35:15","guid":{"rendered":"https:\/\/defabrica.com.mx\/defabrica\/?post_type=product&#038;p=90082"},"modified":"2022-07-15T18:35:15","modified_gmt":"2022-07-15T23:35:15","slug":"hp-omen-teclado-mecanico-para-juegos-con-cable-de-tamano-completo-con-codificador-negro","status":"publish","type":"product","link":"https:\/\/defabrica.com.mx\/defabrica\/producto\/hp-omen-teclado-mecanico-para-juegos-con-cable-de-tamano-completo-con-codificador-negro\/","title":{"rendered":"HP OMEN &#8211; Teclado mec\u00e1nico para juegos con cable de tama\u00f1o completo con codificador &#8211; Negro"},"content":{"rendered":"<div class=\"embedded-component-container lv product-description\">\n<div>\n<div id=\"shop-product-description-58434841\" class=\"_none\" data-version=\"1.3.46\">\n<div class=\"shop-product-description\">\n<section class=\"align-heading-left\" data-reactroot=\"\">\n<div class=\"long-description-container body-copy \">\n<div class=\"html-fragment\">Dirige una sinfon\u00eda impecable de pulsaciones de teclas, con un teclado mec\u00e1nico dise\u00f1ado para la competencia de alto nivel.\u00a0Anti-ghosting con N-key rollover y los interruptores mec\u00e1nicos CHERRY MX Red de gran capacidad de respuesta brindan la agilidad que necesita para maniobrar por delante de la competencia.<\/p>\n<h3><\/h3>\n<h3 class=\"heading-5 v-fw-regular feature-heading\"><strong>Caracter\u00edsticas<\/strong><\/h3>\n<div class=\"feature-body-container\">\n<div class=\"features-list-container\">\n<div class=\"features-list all-features\">\n<div class=\"list-row\">\n<ul>\n<li><strong>Interruptores mec\u00e1nicos CHERRY MX<\/strong><br \/>\nCHERRY MX Red, con su reactividad incre\u00edblemente r\u00e1pida y su funcionamiento suave, su sensaci\u00f3n lineal, combinada con una fuerza de resorte m\u00ednima, es ideal para las personas que juegan juegos de acci\u00f3n r\u00e1pida.<\/li>\n<li><strong>Teclado con cable USB<\/strong><br \/>\nOlv\u00eddese de la gesti\u00f3n de cables: el revestimiento trenzado mejora la durabilidad del cable USB y minimiza las torceduras.<\/li>\n<li><strong>Cada movimiento importa<\/strong><br \/>\nNo importa cu\u00e1ntas teclas se activen a la vez, se detecta cada pulsaci\u00f3n de tecla.<\/li>\n<li><strong>Ilumina tu precisi\u00f3n<\/strong><br \/>\nEvita errores de tecleo y observa c\u00f3mo cada tecla brilla con un rojo intenso con su propio LED dedicado.<\/li>\n<li><strong>Compite con comodidad<\/strong><br \/>\nLas patas ajustables en 2 direcciones cumplen con el \u00e1ngulo de mu\u00f1eca deseado para ayudar a prevenir calambres e incomodidad.<\/li>\n<li><strong>Integraci\u00f3n del centro de comando OMEN<\/strong><br \/>\nControle f\u00e1cilmente los efectos de iluminaci\u00f3n, el brillo, el encendido\/apagado de una sola tecla, las teclas multimedia, las macros con configuraciones sobre la marcha y el Centro de comando OMEN.<\/li>\n<\/ul>\n<\/div>\n<\/div>\n<\/div>\n<\/div>\n<\/div>\n<\/div>\n<\/section>\n<\/div>\n<\/div>\n<\/div>\n<\/div>\n<div class=\"embedded-component-container lv product-features\"><\/div>\n","protected":false},"excerpt":{"rendered":"<p>Dirige una sinfon\u00eda impecable de pulsaciones de teclas, con un teclado mec\u00e1nico dise\u00f1ado para la competencia de alto nivel.\u00a0Anti-ghosting con N-key rollover y los interruptores mec\u00e1nicos CHERRY MX Red de<\/p>\n","protected":false},"featured_media":90083,"comment_status":"open","ping_status":"closed","template":"","meta":{"_acf_changed":false,"_joinchat":[]},"product_brand":[],"product_cat":[277,280,434],"product_tag":[],"class_list":{"0":"post-90082","1":"product","2":"type-product","3":"status-publish","4":"has-post-thumbnail","6":"product_cat-zona-gamer","7":"product_cat-pc-gaming","8":"product_cat-mouse-y-teclado-gamer","10":"first","11":"instock","12":"sale","13":"shipping-taxable","14":"purchasable","15":"product-type-simple"},"acf":[],"_links":{"self":[{"href":"https:\/\/defabrica.com.mx\/defabrica\/wp-json\/wp\/v2\/product\/90082","targetHints":{"allow":["GET"]}}],"collection":[{"href":"https:\/\/defabrica.com.mx\/defabrica\/wp-json\/wp\/v2\/product"}],"about":[{"href":"https:\/\/defabrica.com.mx\/defabrica\/wp-json\/wp\/v2\/types\/product"}],"replies":[{"embeddable":true,"href":"https:\/\/defabrica.com.mx\/defabrica\/wp-json\/wp\/v2\/comments?post=90082"}],"wp:featuredmedia":[{"embeddable":true,"href":"https:\/\/defabrica.com.mx\/defabrica\/wp-json\/wp\/v2\/media\/90083"}],"wp:attachment":[{"href":"https:\/\/defabrica.com.mx\/defabrica\/wp-json\/wp\/v2\/media?parent=90082"}],"wp:term":[{"taxonomy":"product_brand","embeddable":true,"href":"https:\/\/defabrica.com.mx\/defabrica\/wp-json\/wp\/v2\/product_brand?post=90082"},{"taxonomy":"product_cat","embeddable":true,"href":"https:\/\/defabrica.com.mx\/defabrica\/wp-json\/wp\/v2\/product_cat?post=90082"},{"taxonomy":"product_tag","embeddable":true,"href":"https:\/\/defabrica.com.mx\/defabrica\/wp-json\/wp\/v2\/product_tag?post=90082"}],"curies":[{"name":"wp","href":"https:\/\/api.w.org\/{rel}","templated":true}]}}