{"id":90063,"date":"2022-07-15T14:41:07","date_gmt":"2022-07-15T19:41:07","guid":{"rendered":"https:\/\/defabrica.com.mx\/defabrica\/?post_type=product&#038;p=90063"},"modified":"2023-01-18T14:51:46","modified_gmt":"2023-01-18T20:51:46","slug":"lenovo-raton-optico-para-juegos-con-cable-legion-m500-rgb-negro","status":"publish","type":"product","link":"https:\/\/defabrica.com.mx\/defabrica\/producto\/lenovo-raton-optico-para-juegos-con-cable-legion-m500-rgb-negro\/","title":{"rendered":"Lenovo &#8211; Rat\u00f3n \u00f3ptico para juegos con cable Legion M500 RGB &#8211; Negro"},"content":{"rendered":"<div class=\"embedded-component-container lv product-description\">\n<div>\n<div id=\"shop-product-description-31125682\" class=\"_none\" data-version=\"1.3.46\">\n<div class=\"shop-product-description\">\n<section class=\"align-heading-left\" data-reactroot=\"\">\n<div class=\"long-description-container body-copy \">\n<div class=\"html-fragment\">Juega durante horas con la m\u00e1xima comodidad en el agarre de la palma: nunca m\u00e1s pierdas una sesi\u00f3n de juego debido a la tensi\u00f3n en la mano.\u00a0El mouse para juegos Lenovo Legion M500 RGB luce un dise\u00f1o que prioriza el rendimiento dise\u00f1ado en torno a lo \u00faltimo en ergonom\u00eda, lo que brinda a su mano la mejor comodidad posible al optimizar el agarre de la palma: la posici\u00f3n m\u00e1s natural.\u00a0Domina los t\u00edtulos m\u00e1s recientes con 16 000 precisiones DPO, interruptor DPI ajustable sobre la marcha y con el estilo \u00fanico de la familia de juegos Legion: ahora tu estilo, con 16,8 millones de colores en tres zonas LED configurables.<\/div>\n<\/div>\n<\/section>\n<\/div>\n<\/div>\n<\/div>\n<\/div>\n<div class=\"embedded-component-container lv product-features\">\n<h3><\/h3>\n<h3 class=\"heading-5 v-fw-regular feature-heading\"><strong>Caracter\u00edsticas<\/strong><\/h3>\n<ul>\n<li><strong>Mantente c\u00f3modo y saludable<\/strong><br \/>\nCon agarres laterales texturizados sin precedentes, el Legion M500 mantiene su mano bien descansada en la posici\u00f3n de agarre de la palma, lo que ahorra precisi\u00f3n en la sesi\u00f3n de juego de hoy y su salud a largo plazo.<\/li>\n<li><strong>Nunca comprometa el rendimiento<\/strong><br \/>\nDejando a un lado la ergonom\u00eda, el M500 tambi\u00e9n lidera el paquete con el rendimiento, con Omron Micro switches para 50 millones de clics, seguimiento de 16,000 DPI, tasa de sondeo de 1000 Hz y un cable trenzado ultraduradero.<\/li>\n<li><strong>Personaliza sobre la marcha<\/strong><br \/>\nHaga que el dise\u00f1o sea suyo con tres zonas LED de color RGB y establezca la precisi\u00f3n perfecta para cada juego a trav\u00e9s del cartucho extra\u00edble de 10 g de peso y el interruptor DPI sobre la marcha con tres perfiles integrados.<\/li>\n<\/ul>\n<\/div>\n","protected":false},"excerpt":{"rendered":"<p>Juega durante horas con la m\u00e1xima comodidad en el agarre de la palma: nunca m\u00e1s pierdas una sesi\u00f3n de juego debido a la tensi\u00f3n en la mano.\u00a0El mouse para juegos<\/p>\n","protected":false},"featured_media":90064,"comment_status":"open","ping_status":"closed","template":"","meta":{"_acf_changed":false,"_joinchat":[]},"product_brand":[],"product_cat":[277,280,434],"product_tag":[],"class_list":{"0":"post-90063","1":"product","2":"type-product","3":"status-publish","4":"has-post-thumbnail","6":"product_cat-zona-gamer","7":"product_cat-pc-gaming","8":"product_cat-mouse-y-teclado-gamer","10":"first","11":"instock","12":"sale","13":"shipping-taxable","14":"purchasable","15":"product-type-simple"},"acf":[],"_links":{"self":[{"href":"https:\/\/defabrica.com.mx\/defabrica\/wp-json\/wp\/v2\/product\/90063","targetHints":{"allow":["GET"]}}],"collection":[{"href":"https:\/\/defabrica.com.mx\/defabrica\/wp-json\/wp\/v2\/product"}],"about":[{"href":"https:\/\/defabrica.com.mx\/defabrica\/wp-json\/wp\/v2\/types\/product"}],"replies":[{"embeddable":true,"href":"https:\/\/defabrica.com.mx\/defabrica\/wp-json\/wp\/v2\/comments?post=90063"}],"wp:featuredmedia":[{"embeddable":true,"href":"https:\/\/defabrica.com.mx\/defabrica\/wp-json\/wp\/v2\/media\/90064"}],"wp:attachment":[{"href":"https:\/\/defabrica.com.mx\/defabrica\/wp-json\/wp\/v2\/media?parent=90063"}],"wp:term":[{"taxonomy":"product_brand","embeddable":true,"href":"https:\/\/defabrica.com.mx\/defabrica\/wp-json\/wp\/v2\/product_brand?post=90063"},{"taxonomy":"product_cat","embeddable":true,"href":"https:\/\/defabrica.com.mx\/defabrica\/wp-json\/wp\/v2\/product_cat?post=90063"},{"taxonomy":"product_tag","embeddable":true,"href":"https:\/\/defabrica.com.mx\/defabrica\/wp-json\/wp\/v2\/product_tag?post=90063"}],"curies":[{"name":"wp","href":"https:\/\/api.w.org\/{rel}","templated":true}]}}