{"id":90056,"date":"2022-07-15T14:38:23","date_gmt":"2022-07-15T19:38:23","guid":{"rendered":"https:\/\/defabrica.com.mx\/defabrica\/?post_type=product&#038;p=90056"},"modified":"2023-01-18T14:51:16","modified_gmt":"2023-01-18T20:51:16","slug":"lenovo-raton-optico-inalambrico-para-juegos-legion-m600-rgb-gris-hierro","status":"publish","type":"product","link":"https:\/\/defabrica.com.mx\/defabrica\/producto\/lenovo-raton-optico-inalambrico-para-juegos-legion-m600-rgb-gris-hierro\/","title":{"rendered":"Lenovo &#8211; Rat\u00f3n \u00f3ptico inal\u00e1mbrico para juegos Legion M600 RGB &#8211; Gris hierro"},"content":{"rendered":"<div class=\"embedded-component-container lv product-description\">\n<div>\n<div id=\"shop-product-description-7775898\" class=\"_none\" data-version=\"1.3.46\">\n<div class=\"shop-product-description\">\n<section class=\"align-heading-left\" data-reactroot=\"\">\n<div class=\"long-description-container body-copy \">\n<div class=\"html-fragment\">No vuelvas a perder una sesi\u00f3n de juego debido a la latencia o a que se agote la bater\u00eda.\u00a0El mouse inal\u00e1mbrico para juegos Lenovo Legion M600 tiene una bater\u00eda de duraci\u00f3n ultralarga que puede durar hasta 200 horas y una frecuencia de sondeo de 1000 Hz de \u00faltima generaci\u00f3n que generalmente se reserva para los ratones para juegos con cable.\u00a0Con un M600 en la mano, dominar\u00e1s los t\u00edtulos m\u00e1s recientes y te ver\u00e1s genial mientras lo haces con 16,8 millones de colores LED para elegir.<\/div>\n<\/div>\n<\/section>\n<\/div>\n<\/div>\n<\/div>\n<\/div>\n<div class=\"embedded-component-container lv product-features\">\n<h3><\/h3>\n<h3 class=\"heading-5 v-fw-regular feature-heading\"><strong>Caracter\u00edsticas<\/strong><\/h3>\n<ul>\n<li><strong>Problemas de bater\u00eda, solucionados<\/strong><br \/>\nLa corta duraci\u00f3n de la bater\u00eda y la carga inc\u00f3moda son las razones por las que los jugadores evitan los ratones inal\u00e1mbricos. El Legion M600 rompe el molde y ofrece hasta 200 horas de duraci\u00f3n de la bater\u00eda cuando est\u00e1 lleno y hasta 10 horas de duraci\u00f3n con una carga r\u00e1pida de 5 minutos mediante el puerto Tipo-C.<\/li>\n<li><strong>Rendimiento, como debe ser<\/strong><br \/>\nLa mayor\u00eda de los ratones inal\u00e1mbricos tienen problemas con el rendimiento. El M600 lidera el grupo con una tasa de sondeo de 1000 Hz que cambia el juego, microinterruptores Omron\u00ae que son buenos para 50 millones de clics y un sensor ajustable ultra preciso de 16,000 DPI (40 g \/ 400 IPS).<\/li>\n<li><strong>Ergon\u00f3mico, para todas las necesidades<\/strong><br \/>\nEl mouse inal\u00e1mbrico Legion M600 est\u00e1 dise\u00f1ado para brindar comodidad durante todo el d\u00eda y jugar sin dolor a los jugadores diestros y zurdos, ya sea que prefieran &#8216;agarre de garra&#8217; o &#8216;agarre de palma&#8217;.<\/li>\n<\/ul>\n<\/div>\n","protected":false},"excerpt":{"rendered":"<p>No vuelvas a perder una sesi\u00f3n de juego debido a la latencia o a que se agote la bater\u00eda.\u00a0El mouse inal\u00e1mbrico para juegos Lenovo Legion M600 tiene una bater\u00eda de<\/p>\n","protected":false},"featured_media":90057,"comment_status":"open","ping_status":"closed","template":"","meta":{"_acf_changed":false,"_joinchat":[]},"product_brand":[],"product_cat":[277,280,434],"product_tag":[],"class_list":{"0":"post-90056","1":"product","2":"type-product","3":"status-publish","4":"has-post-thumbnail","6":"product_cat-zona-gamer","7":"product_cat-pc-gaming","8":"product_cat-mouse-y-teclado-gamer","10":"first","11":"instock","12":"sale","13":"shipping-taxable","14":"purchasable","15":"product-type-simple"},"acf":[],"_links":{"self":[{"href":"https:\/\/defabrica.com.mx\/defabrica\/wp-json\/wp\/v2\/product\/90056","targetHints":{"allow":["GET"]}}],"collection":[{"href":"https:\/\/defabrica.com.mx\/defabrica\/wp-json\/wp\/v2\/product"}],"about":[{"href":"https:\/\/defabrica.com.mx\/defabrica\/wp-json\/wp\/v2\/types\/product"}],"replies":[{"embeddable":true,"href":"https:\/\/defabrica.com.mx\/defabrica\/wp-json\/wp\/v2\/comments?post=90056"}],"wp:featuredmedia":[{"embeddable":true,"href":"https:\/\/defabrica.com.mx\/defabrica\/wp-json\/wp\/v2\/media\/90057"}],"wp:attachment":[{"href":"https:\/\/defabrica.com.mx\/defabrica\/wp-json\/wp\/v2\/media?parent=90056"}],"wp:term":[{"taxonomy":"product_brand","embeddable":true,"href":"https:\/\/defabrica.com.mx\/defabrica\/wp-json\/wp\/v2\/product_brand?post=90056"},{"taxonomy":"product_cat","embeddable":true,"href":"https:\/\/defabrica.com.mx\/defabrica\/wp-json\/wp\/v2\/product_cat?post=90056"},{"taxonomy":"product_tag","embeddable":true,"href":"https:\/\/defabrica.com.mx\/defabrica\/wp-json\/wp\/v2\/product_tag?post=90056"}],"curies":[{"name":"wp","href":"https:\/\/api.w.org\/{rel}","templated":true}]}}