{"id":90052,"date":"2022-07-15T14:35:48","date_gmt":"2022-07-15T19:35:48","guid":{"rendered":"https:\/\/defabrica.com.mx\/defabrica\/?post_type=product&#038;p=90052"},"modified":"2023-01-18T14:50:56","modified_gmt":"2023-01-18T20:50:56","slug":"lenovo-legion-km300-paquete-de-teclado-para-juegos-rgb-con-cable-de-tamano-completo-y-mouse-optico-para-pc-negro","status":"publish","type":"product","link":"https:\/\/defabrica.com.mx\/defabrica\/producto\/lenovo-legion-km300-paquete-de-teclado-para-juegos-rgb-con-cable-de-tamano-completo-y-mouse-optico-para-pc-negro\/","title":{"rendered":"Lenovo &#8211; Legion KM300 Paquete de teclado para juegos RGB con cable de tama\u00f1o completo y mouse \u00f3ptico para PC &#8211; Negro"},"content":{"rendered":"<div class=\"embedded-component-container lv product-description\">\n<div>\n<div id=\"shop-product-description-42598080\" class=\"_none\" data-version=\"1.3.46\">\n<div class=\"shop-product-description\">\n<section class=\"align-heading-left\" data-reactroot=\"\">\n<div class=\"long-description-container body-copy \">\n<div class=\"html-fragment\">Dise\u00f1ado para nivelar el campo de juego, el teclado para juegos Lenovo\u2122 Legion K300 brinda a los jugadores principiantes todo lo que necesitan para competir con los profesionales, a una fracci\u00f3n del costo.\u00a0El dise\u00f1o de tama\u00f1o completo, las teclas programables y una membrana de rollover de 24 teclas con iluminaci\u00f3n RGB de 5 zonas establecen una base s\u00f3lida de estilo y rendimiento.\u00a0El dise\u00f1o compacto y la capacidad de ajuste lo convierten en el compa\u00f1ero perfecto tanto para torneos como para uso informal.\u00a0El mouse para juegos Lenovo\u2122 Legion M300 RGB ofrece el rendimiento, la comodidad y el control que los entusiastas jugadores principiantes necesitan para jugar como los profesionales.\u00a0Destinado a ser un aliado de confianza, cuenta con un dise\u00f1o ergon\u00f3mico y ambidiestro, 8 botones f\u00e1cilmente programables, un sensor ajustable ultrapreciso de 8000 DPI y retroiluminaci\u00f3n LED RGB personalizable en el ic\u00f3nico logotipo de Legion.<\/div>\n<\/div>\n<\/section>\n<\/div>\n<\/div>\n<\/div>\n<\/div>\n<div class=\"embedded-component-container lv product-features\">\n<h3><\/h3>\n<h3 class=\"heading-5 v-fw-regular feature-heading\"><strong>Caracter\u00edsticas<\/strong><\/h3>\n<ul>\n<li><strong>Minimalismo implacable<\/strong><br \/>\nLlevar m\u00e1s de lo esencial a la batalla puede interponerse en tu camino. El K300 fue dise\u00f1ado para ser compacto pero adaptable con espacio para ajustes, y liviano pero duradero con orificios de drenaje y teclas duraderas aptas para 20 millones de pulsaciones de teclas.<\/li>\n<li><strong>Desbloquea tu potencial<\/strong><br \/>\nPara los aspirantes a campeones, el nivel a alcanzar se vuelve cada vez m\u00e1s dif\u00edcil a medida que pasan los torneos. El M300 est\u00e1 dise\u00f1ado para brindarle una oportunidad de pelea con un seguimiento ajustable preciso de 8,000 DPI, microinterruptores que son buenos para 10 millones de clics y una tasa de sondeo respetable de 1000 Hz.<\/li>\n<li><strong>Rendimiento del torneo<\/strong><br \/>\nEl K300 combina una gama de componentes de alto rendimiento en su elegante estructura. Domine con anti-ghosting avanzado y rollover de 24 teclas que permite comandos simult\u00e1neos, gracias al rango de teclas t\u00e1ctil y al procesamiento preciso y sin latencia.<\/li>\n<li><strong>Maximice su comodidad<\/strong><br \/>\nEl mouse para juegos Legion M300 RGB est\u00e1 dise\u00f1ado para brindar comodidad durante todo el d\u00eda y jugar sin dolor a jugadores diestros y zurdos, y ya sea que prefieran &#8216;agarre de garra&#8217; o &#8216;agarre de palma&#8217;.<\/li>\n<li><strong>Control inigualable<\/strong><br \/>\nAdapte el K300 a sus necesidades a trav\u00e9s del software Legion incluido en la interfaz USB. Oscile la gama de colores y efectos de iluminaci\u00f3n preconstruidos o deje que su estilo brille al personalizar los LED RGB din\u00e1micos de 5 zonas para que se adapten a sus preferencias.<\/li>\n<li><strong>Mejora tu equipo<\/strong><br \/>\nEl mouse para juegos Legion M300 RGB fue dise\u00f1ado para ser asequible y, al mismo tiempo, ofrecer un rendimiento competitivo sin concesiones que se mantiene al d\u00eda con la calidad, el estilo y la comodidad de sus otros equipos de juego.<\/li>\n<\/ul>\n<\/div>\n","protected":false},"excerpt":{"rendered":"<p>Dise\u00f1ado para nivelar el campo de juego, el teclado para juegos Lenovo\u2122 Legion K300 brinda a los jugadores principiantes todo lo que necesitan para competir con los profesionales, a una<\/p>\n","protected":false},"featured_media":90053,"comment_status":"open","ping_status":"closed","template":"","meta":{"_acf_changed":false,"_joinchat":[]},"product_brand":[],"product_cat":[277,280,434],"product_tag":[],"class_list":{"0":"post-90052","1":"product","2":"type-product","3":"status-publish","4":"has-post-thumbnail","6":"product_cat-zona-gamer","7":"product_cat-pc-gaming","8":"product_cat-mouse-y-teclado-gamer","10":"first","11":"instock","12":"sale","13":"shipping-taxable","14":"purchasable","15":"product-type-simple"},"acf":[],"_links":{"self":[{"href":"https:\/\/defabrica.com.mx\/defabrica\/wp-json\/wp\/v2\/product\/90052","targetHints":{"allow":["GET"]}}],"collection":[{"href":"https:\/\/defabrica.com.mx\/defabrica\/wp-json\/wp\/v2\/product"}],"about":[{"href":"https:\/\/defabrica.com.mx\/defabrica\/wp-json\/wp\/v2\/types\/product"}],"replies":[{"embeddable":true,"href":"https:\/\/defabrica.com.mx\/defabrica\/wp-json\/wp\/v2\/comments?post=90052"}],"wp:featuredmedia":[{"embeddable":true,"href":"https:\/\/defabrica.com.mx\/defabrica\/wp-json\/wp\/v2\/media\/90053"}],"wp:attachment":[{"href":"https:\/\/defabrica.com.mx\/defabrica\/wp-json\/wp\/v2\/media?parent=90052"}],"wp:term":[{"taxonomy":"product_brand","embeddable":true,"href":"https:\/\/defabrica.com.mx\/defabrica\/wp-json\/wp\/v2\/product_brand?post=90052"},{"taxonomy":"product_cat","embeddable":true,"href":"https:\/\/defabrica.com.mx\/defabrica\/wp-json\/wp\/v2\/product_cat?post=90052"},{"taxonomy":"product_tag","embeddable":true,"href":"https:\/\/defabrica.com.mx\/defabrica\/wp-json\/wp\/v2\/product_tag?post=90052"}],"curies":[{"name":"wp","href":"https:\/\/api.w.org\/{rel}","templated":true}]}}