{"id":90046,"date":"2022-07-15T14:29:27","date_gmt":"2022-07-15T19:29:27","guid":{"rendered":"https:\/\/defabrica.com.mx\/defabrica\/?post_type=product&#038;p=90046"},"modified":"2023-01-18T14:50:30","modified_gmt":"2023-01-18T20:50:30","slug":"hyperx-teclado-mecanico-para-juegos-con-cable-de-tamano-completo-alloy-elite-2-negro","status":"publish","type":"product","link":"https:\/\/defabrica.com.mx\/defabrica\/producto\/hyperx-teclado-mecanico-para-juegos-con-cable-de-tamano-completo-alloy-elite-2-negro\/","title":{"rendered":"HyperX &#8211; Teclado mec\u00e1nico para juegos con cable de tama\u00f1o completo Alloy Elite 2 &#8211; Negro"},"content":{"rendered":"<div class=\"embedded-component-container lv product-description\">\n<div>\n<div id=\"shop-product-description-40141683\" class=\"_none\" data-version=\"1.3.46\">\n<div class=\"shop-product-description\">\n<section class=\"align-heading-left\" data-reactroot=\"\">\n<div class=\"long-description-container body-copy \">\n<div class=\"html-fragment\">Para jugadores, streamers y multitareas que necesitan tener m\u00e1s control al alcance de la mano, HyperX Alloy Elite 2 es el teclado para ti.\u00a0Con teclas multimedia dedicadas y una gran rueda de volumen, este teclado para juegos con todas las funciones est\u00e1 listo para todo, desde editar videos hasta ver pel\u00edculas.\u00a0Est\u00e1 construido con interruptores mec\u00e1nicos HyperX ultra confiables equilibrados para velocidad y capacidad de respuesta, para que pueda confiar en sus entradas clave.\u00a0Los LED expuestos de los interruptores se emparejan con las teclas transl\u00facidas HyperX Pudding Keycaps para darle a su iluminaci\u00f3n RGB un brillo adicional en comparaci\u00f3n con las teclas de colores s\u00f3lidos.<\/div>\n<\/div>\n<\/section>\n<\/div>\n<\/div>\n<\/div>\n<\/div>\n<div class=\"embedded-component-container lv product-features\">\n<h3><\/h3>\n<h3 class=\"heading-5 v-fw-regular feature-heading\"><strong>Caracter\u00edsticas<\/strong><\/h3>\n<ul>\n<li><strong>Teclas<\/strong><br \/>\nTeclas HyperX Pudding<\/li>\n<li><strong>Cambiar<\/strong><br \/>\nInterruptor rojo mec\u00e1nico HyperX<\/li>\n<li><strong>Encendiendo<\/strong><br \/>\nBarra de luz \u00fanica y efectos de iluminaci\u00f3n RGB din\u00e1micos<\/li>\n<li><strong>Material<\/strong><br \/>\nMarco de acero s\u00f3lido.<\/li>\n<li><strong>Memoria<\/strong><br \/>\nMemoria integrada para 3 perfiles, teclas multimedia dedicadas y rueda de gran volumen<\/li>\n<\/ul>\n<\/div>\n","protected":false},"excerpt":{"rendered":"<p>Para jugadores, streamers y multitareas que necesitan tener m\u00e1s control al alcance de la mano, HyperX Alloy Elite 2 es el teclado para ti.\u00a0Con teclas multimedia dedicadas y una gran<\/p>\n","protected":false},"featured_media":90048,"comment_status":"open","ping_status":"closed","template":"","meta":{"_acf_changed":false,"_joinchat":[]},"product_brand":[],"product_cat":[277,280,434],"product_tag":[],"class_list":{"0":"post-90046","1":"product","2":"type-product","3":"status-publish","4":"has-post-thumbnail","6":"product_cat-zona-gamer","7":"product_cat-pc-gaming","8":"product_cat-mouse-y-teclado-gamer","10":"first","11":"instock","12":"sale","13":"shipping-taxable","14":"purchasable","15":"product-type-simple"},"acf":[],"_links":{"self":[{"href":"https:\/\/defabrica.com.mx\/defabrica\/wp-json\/wp\/v2\/product\/90046","targetHints":{"allow":["GET"]}}],"collection":[{"href":"https:\/\/defabrica.com.mx\/defabrica\/wp-json\/wp\/v2\/product"}],"about":[{"href":"https:\/\/defabrica.com.mx\/defabrica\/wp-json\/wp\/v2\/types\/product"}],"replies":[{"embeddable":true,"href":"https:\/\/defabrica.com.mx\/defabrica\/wp-json\/wp\/v2\/comments?post=90046"}],"wp:featuredmedia":[{"embeddable":true,"href":"https:\/\/defabrica.com.mx\/defabrica\/wp-json\/wp\/v2\/media\/90048"}],"wp:attachment":[{"href":"https:\/\/defabrica.com.mx\/defabrica\/wp-json\/wp\/v2\/media?parent=90046"}],"wp:term":[{"taxonomy":"product_brand","embeddable":true,"href":"https:\/\/defabrica.com.mx\/defabrica\/wp-json\/wp\/v2\/product_brand?post=90046"},{"taxonomy":"product_cat","embeddable":true,"href":"https:\/\/defabrica.com.mx\/defabrica\/wp-json\/wp\/v2\/product_cat?post=90046"},{"taxonomy":"product_tag","embeddable":true,"href":"https:\/\/defabrica.com.mx\/defabrica\/wp-json\/wp\/v2\/product_tag?post=90046"}],"curies":[{"name":"wp","href":"https:\/\/api.w.org\/{rel}","templated":true}]}}