{"id":90040,"date":"2022-07-15T14:26:08","date_gmt":"2022-07-15T19:26:08","guid":{"rendered":"https:\/\/defabrica.com.mx\/defabrica\/?post_type=product&#038;p=90040"},"modified":"2023-01-18T14:50:08","modified_gmt":"2023-01-18T20:50:08","slug":"hyperx-raton-inalambrico-para-juegos-pulsefire-haste-negro","status":"publish","type":"product","link":"https:\/\/defabrica.com.mx\/defabrica\/producto\/hyperx-raton-inalambrico-para-juegos-pulsefire-haste-negro\/","title":{"rendered":"HyperX &#8211; Rat\u00f3n inal\u00e1mbrico para juegos Pulsefire Haste &#8211; Negro"},"content":{"rendered":"<div class=\"embedded-component-container lv product-description\">\n<div>\n<div id=\"shop-product-description-20425284\" class=\"_none\" data-version=\"1.3.46\">\n<div class=\"shop-product-description\">\n<section class=\"align-heading-left\" data-reactroot=\"\">\n<div class=\"long-description-container body-copy \">\n<div class=\"html-fragment\">El mouse inal\u00e1mbrico para juegos HyperX Pulsefire Haste incluye todas las mejores caracter\u00edsticas del ultraligero Pulsefire Haste, adem\u00e1s de una conexi\u00f3n inal\u00e1mbrica y una bater\u00eda de larga duraci\u00f3n, pero solo agrega solo 2 g de peso adicional*.\u00a0Si ha dudado en cortar el cable del mouse, no se preocupe, ya que la velocidad de respuesta de 1 ms y la se\u00f1al de 2,4 GHz de Pulsefire Haste brindan una conexi\u00f3n inal\u00e1mbrica de baja latencia que satisface las demandas de los jugadores de \u00e9lite.\u00a0No solo eso, sino que con hasta 100 horas de duraci\u00f3n de la bater\u00eda**, obtendr\u00e1 m\u00e1s de 4 d\u00edas completos de hacer clic en las cabezas con una sola carga de su mouse de panal.\u00a0Con un dise\u00f1o receptivo de botones divididos, no tendr\u00e1 que preocuparse por los clics perdidos, ya que los microinterruptores TTC Golden t\u00e1ctiles y satisfactorios est\u00e1n clasificados para hasta 80 millones de clics. Si prefiere un cable,<\/div>\n<\/div>\n<\/section>\n<\/div>\n<\/div>\n<\/div>\n<\/div>\n<div class=\"embedded-component-container lv product-features\">\n<h3><\/h3>\n<h3 class=\"heading-5 v-fw-regular feature-heading\"><strong>Caracter\u00edsticas<\/strong><\/h3>\n<ul>\n<li><strong>Tecnolog\u00eda inal\u00e1mbrica de grado de juego<\/strong><br \/>\nLa conectividad RF inal\u00e1mbrica de 2,4 GHz con capacidad de respuesta ofrece una comunicaci\u00f3n de baja latencia con una tasa de informe de 1 ms.<\/li>\n<li><strong>Dise\u00f1o ultraligero de carcasa hexagonal.<\/strong><br \/>\nEl Pulsefire Haste inal\u00e1mbrico es un mouse de malla con cortes que lo hacen m\u00e1s liviano que un mouse de carcasa s\u00f3lida, sin sacrificar la durabilidad. Theshell tambi\u00e9n permite un mejor flujo de aire y ventilaci\u00f3n.<\/li>\n<li><strong>Hasta 100 horas* de bater\u00eda de larga duraci\u00f3n<\/strong><br \/>\nNo tendr\u00e1s que preocuparte de que una bater\u00eda agotada provoque muertes en el juego gracias a las 100 horas de duraci\u00f3n de la bater\u00eda con una sola carga.<\/li>\n<li><strong>Anti-polvo, resistente al agua<\/strong><br \/>\nClasificaci\u00f3n IP55 para resistir el sudor y los accidentes acu\u00e1ticos menores, as\u00ed como el polvo, el aceite y la suciedad.<\/li>\n<li><strong>Interruptores micro a prueba de polvo TTC Golden<\/strong><br \/>\nEstos interruptores proporcionan clics s\u00f3lidos y satisfactorios para que sepa que se est\u00e1n registrando. Tambi\u00e9n cuentan con un revestimiento antipolvo y est\u00e1n clasificados para hasta 80 millones de clics.<\/li>\n<li><strong>Patines de PTFE de grado virgen puro<\/strong><br \/>\nLos patines 100% PTFE de baja fricci\u00f3n ayudan a proporcionar un deslizamiento f\u00e1cil y sin esfuerzo para que el mouse responda mejor. Tambi\u00e9n se incluye un juego de patines de repuesto en caso de que se desgasten.<\/li>\n<li><strong>Cinta de agarre incluida<\/strong><br \/>\nSi prefiere un poco m\u00e1s de control y comodidad, se incluye cinta de agarre f\u00e1cil de aplicar para los botones izquierdo\/derecho del mouse y los lados izquierdo\/derecho. Quitar la cinta es simple y no deja residuos pegajosos.<\/li>\n<li><strong>Personalizable con el software HyperX NGENUITY<\/strong><br \/>\nPersonalice f\u00e1cilmente la configuraci\u00f3n de DPI, la iluminaci\u00f3n RGB, las asignaciones de botones y grabe macros con el software HyperX NGENUITY potente y f\u00e1cil de usar.<\/li>\n<\/ul>\n<\/div>\n","protected":false},"excerpt":{"rendered":"<p>El mouse inal\u00e1mbrico para juegos HyperX Pulsefire Haste incluye todas las mejores caracter\u00edsticas del ultraligero Pulsefire Haste, adem\u00e1s de una conexi\u00f3n inal\u00e1mbrica y una bater\u00eda de larga duraci\u00f3n, pero solo<\/p>\n","protected":false},"featured_media":90041,"comment_status":"open","ping_status":"closed","template":"","meta":{"_acf_changed":false,"_joinchat":[]},"product_brand":[],"product_cat":[277,280,434],"product_tag":[],"class_list":{"0":"post-90040","1":"product","2":"type-product","3":"status-publish","4":"has-post-thumbnail","6":"product_cat-zona-gamer","7":"product_cat-pc-gaming","8":"product_cat-mouse-y-teclado-gamer","10":"first","11":"instock","12":"sale","13":"shipping-taxable","14":"purchasable","15":"product-type-simple"},"acf":[],"_links":{"self":[{"href":"https:\/\/defabrica.com.mx\/defabrica\/wp-json\/wp\/v2\/product\/90040","targetHints":{"allow":["GET"]}}],"collection":[{"href":"https:\/\/defabrica.com.mx\/defabrica\/wp-json\/wp\/v2\/product"}],"about":[{"href":"https:\/\/defabrica.com.mx\/defabrica\/wp-json\/wp\/v2\/types\/product"}],"replies":[{"embeddable":true,"href":"https:\/\/defabrica.com.mx\/defabrica\/wp-json\/wp\/v2\/comments?post=90040"}],"wp:featuredmedia":[{"embeddable":true,"href":"https:\/\/defabrica.com.mx\/defabrica\/wp-json\/wp\/v2\/media\/90041"}],"wp:attachment":[{"href":"https:\/\/defabrica.com.mx\/defabrica\/wp-json\/wp\/v2\/media?parent=90040"}],"wp:term":[{"taxonomy":"product_brand","embeddable":true,"href":"https:\/\/defabrica.com.mx\/defabrica\/wp-json\/wp\/v2\/product_brand?post=90040"},{"taxonomy":"product_cat","embeddable":true,"href":"https:\/\/defabrica.com.mx\/defabrica\/wp-json\/wp\/v2\/product_cat?post=90040"},{"taxonomy":"product_tag","embeddable":true,"href":"https:\/\/defabrica.com.mx\/defabrica\/wp-json\/wp\/v2\/product_tag?post=90040"}],"curies":[{"name":"wp","href":"https:\/\/api.w.org\/{rel}","templated":true}]}}