{"id":90035,"date":"2022-07-15T14:23:11","date_gmt":"2022-07-15T19:23:11","guid":{"rendered":"https:\/\/defabrica.com.mx\/defabrica\/?post_type=product&#038;p=90035"},"modified":"2023-01-18T14:46:58","modified_gmt":"2023-01-18T20:46:58","slug":"hyperx-alloy-origins-core-tkl-teclado-mecanico-con-cable-para-juegos-aqua-switch-con-retroiluminacion-rgb-negro","status":"publish","type":"product","link":"https:\/\/defabrica.com.mx\/defabrica\/producto\/hyperx-alloy-origins-core-tkl-teclado-mecanico-con-cable-para-juegos-aqua-switch-con-retroiluminacion-rgb-negro\/","title":{"rendered":"HyperX &#8211; Alloy Origins Core TKL Teclado mec\u00e1nico con cable para juegos Aqua Switch con retroiluminaci\u00f3n RGB &#8211; Negro"},"content":{"rendered":"<p>Ejerza un control total sobre su juego con este teclado mec\u00e1nico para juegos HyperX Alloy Origins Core.\u00a0Los interruptores t\u00e1ctiles HyperX Aqua ofrecen durabilidad y precisi\u00f3n para los juegos diarios, mientras que los tres \u00e1ngulos de teclado ajustables garantizan un funcionamiento c\u00f3modo.\u00a0Este teclado mec\u00e1nico para juegos HyperX Alloy Origins Core tiene un perfil compacto para la portabilidad, y las teclas retroiluminadas RGB permiten la personalizaci\u00f3n.<\/p>\n<h3><\/h3>\n<h3 class=\"heading-5 v-fw-regular feature-heading\"><strong>Caracter\u00edsticas<\/strong><\/h3>\n<ul>\n<li><strong>Interruptores mec\u00e1nicos HyperX Aqua<\/strong><br \/>\nOfrezca tiempos de respuesta r\u00e1pidos para una acci\u00f3n r\u00e1pida en el juego.<\/li>\n<li><strong>Controles multimedia<\/strong><br \/>\nPara que pueda ajustar la configuraci\u00f3n de audio mientras est\u00e1 en el juego.<\/li>\n<li><strong>Altura del teclado ajustable<\/strong><br \/>\nAs\u00ed podr\u00e1s configurar el teclado donde te resulte m\u00e1s c\u00f3modo.<\/li>\n<li><strong>Teclas retroiluminadas RGB<\/strong><br \/>\nLe permite ver su teclado incluso con poca luz.<\/li>\n<li><strong>interfaz USB<\/strong><br \/>\nPermite una simple conexi\u00f3n por cable a su computadora.<\/li>\n<li><strong>Compatible con Windows<\/strong><br \/>\nPara usar con su computadora actual.<\/li>\n<\/ul>\n","protected":false},"excerpt":{"rendered":"<p>Ejerza un control total sobre su juego con este teclado mec\u00e1nico para juegos HyperX Alloy Origins Core.\u00a0Los interruptores t\u00e1ctiles HyperX Aqua ofrecen durabilidad y precisi\u00f3n para los juegos diarios, mientras<\/p>\n","protected":false},"featured_media":90036,"comment_status":"open","ping_status":"closed","template":"","meta":{"_acf_changed":false,"_joinchat":[]},"product_brand":[],"product_cat":[277,280,434],"product_tag":[],"class_list":{"0":"post-90035","1":"product","2":"type-product","3":"status-publish","4":"has-post-thumbnail","6":"product_cat-zona-gamer","7":"product_cat-pc-gaming","8":"product_cat-mouse-y-teclado-gamer","10":"first","11":"instock","12":"sale","13":"shipping-taxable","14":"purchasable","15":"product-type-simple"},"acf":[],"_links":{"self":[{"href":"https:\/\/defabrica.com.mx\/defabrica\/wp-json\/wp\/v2\/product\/90035","targetHints":{"allow":["GET"]}}],"collection":[{"href":"https:\/\/defabrica.com.mx\/defabrica\/wp-json\/wp\/v2\/product"}],"about":[{"href":"https:\/\/defabrica.com.mx\/defabrica\/wp-json\/wp\/v2\/types\/product"}],"replies":[{"embeddable":true,"href":"https:\/\/defabrica.com.mx\/defabrica\/wp-json\/wp\/v2\/comments?post=90035"}],"wp:featuredmedia":[{"embeddable":true,"href":"https:\/\/defabrica.com.mx\/defabrica\/wp-json\/wp\/v2\/media\/90036"}],"wp:attachment":[{"href":"https:\/\/defabrica.com.mx\/defabrica\/wp-json\/wp\/v2\/media?parent=90035"}],"wp:term":[{"taxonomy":"product_brand","embeddable":true,"href":"https:\/\/defabrica.com.mx\/defabrica\/wp-json\/wp\/v2\/product_brand?post=90035"},{"taxonomy":"product_cat","embeddable":true,"href":"https:\/\/defabrica.com.mx\/defabrica\/wp-json\/wp\/v2\/product_cat?post=90035"},{"taxonomy":"product_tag","embeddable":true,"href":"https:\/\/defabrica.com.mx\/defabrica\/wp-json\/wp\/v2\/product_tag?post=90035"}],"curies":[{"name":"wp","href":"https:\/\/api.w.org\/{rel}","templated":true}]}}