{"id":90023,"date":"2022-07-15T14:17:06","date_gmt":"2022-07-15T19:17:06","guid":{"rendered":"https:\/\/defabrica.com.mx\/defabrica\/?post_type=product&#038;p=90023"},"modified":"2023-01-18T14:46:17","modified_gmt":"2023-01-18T20:46:17","slug":"hyperx-raton-optico-para-juegos-con-cable-pulsefire-surge-con-iluminacion-rgb-negro","status":"publish","type":"product","link":"https:\/\/defabrica.com.mx\/defabrica\/producto\/hyperx-raton-optico-para-juegos-con-cable-pulsefire-surge-con-iluminacion-rgb-negro\/","title":{"rendered":"HyperX &#8211; Rat\u00f3n \u00f3ptico para juegos con cable Pulsefire Surge con iluminaci\u00f3n RGB &#8211; Negro"},"content":{"rendered":"<p>Maneje juegos intensos con este mouse para juegos HyperX Pulsefire Surge.\u00a0Su sensor Pixart proporciona un seguimiento preciso de hasta 16 000 ppp y sus duraderos interruptores Omron soportan 50 millones de clics para un rendimiento duradero.\u00a0La memoria integrada de este mouse para juegos programable HyperX Pulsefire Surge le permite guardar hasta tres perfiles.<\/p>\n<h3><\/h3>\n<h3 class=\"heading-5 v-fw-regular feature-heading\"><strong>Caracter\u00edsticas<\/strong><\/h3>\n<ul>\n<li><strong>Conexi\u00f3n por cable<\/strong><br \/>\nEste mouse se conecta a su computadora mediante un puerto USB.<\/li>\n<li><strong>Anillo de luz personalizable<\/strong><br \/>\nProporciona efectos RGB de 360\u00b0 din\u00e1micos y deslumbrantes. Puede guardar hasta 3 perfiles de luz personalizados en la memoria integrada.<\/li>\n<li><strong>tecnolog\u00eda \u00f3ptica<\/strong><br \/>\nLas luces LED escanean la superficie debajo del mouse para detectar movimiento con bastante precisi\u00f3n, adecuado para la inform\u00e1tica y la navegaci\u00f3n diarias.<\/li>\n<li><strong>6 botones<\/strong><br \/>\nProporcione acceso a comandos y funciones de uso frecuente para un control potente.<\/li>\n<li><strong>M\u00e1ximo de 16000 ppp<\/strong><br \/>\nLe permite encontrar la sensibilidad perfecta.<\/li>\n<li><strong>Compatible con la mayor\u00eda de las versiones de Windows<\/strong><br \/>\nFunciona con la mayor\u00eda de las PC.<\/li>\n<\/ul>\n","protected":false},"excerpt":{"rendered":"<p>Maneje juegos intensos con este mouse para juegos HyperX Pulsefire Surge.\u00a0Su sensor Pixart proporciona un seguimiento preciso de hasta 16 000 ppp y sus duraderos interruptores Omron soportan 50 millones<\/p>\n","protected":false},"featured_media":90024,"comment_status":"open","ping_status":"closed","template":"","meta":{"_acf_changed":false,"_joinchat":[]},"product_brand":[],"product_cat":[277,280,434],"product_tag":[],"class_list":{"0":"post-90023","1":"product","2":"type-product","3":"status-publish","4":"has-post-thumbnail","6":"product_cat-zona-gamer","7":"product_cat-pc-gaming","8":"product_cat-mouse-y-teclado-gamer","10":"first","11":"instock","12":"sale","13":"shipping-taxable","14":"purchasable","15":"product-type-simple"},"acf":[],"_links":{"self":[{"href":"https:\/\/defabrica.com.mx\/defabrica\/wp-json\/wp\/v2\/product\/90023","targetHints":{"allow":["GET"]}}],"collection":[{"href":"https:\/\/defabrica.com.mx\/defabrica\/wp-json\/wp\/v2\/product"}],"about":[{"href":"https:\/\/defabrica.com.mx\/defabrica\/wp-json\/wp\/v2\/types\/product"}],"replies":[{"embeddable":true,"href":"https:\/\/defabrica.com.mx\/defabrica\/wp-json\/wp\/v2\/comments?post=90023"}],"wp:featuredmedia":[{"embeddable":true,"href":"https:\/\/defabrica.com.mx\/defabrica\/wp-json\/wp\/v2\/media\/90024"}],"wp:attachment":[{"href":"https:\/\/defabrica.com.mx\/defabrica\/wp-json\/wp\/v2\/media?parent=90023"}],"wp:term":[{"taxonomy":"product_brand","embeddable":true,"href":"https:\/\/defabrica.com.mx\/defabrica\/wp-json\/wp\/v2\/product_brand?post=90023"},{"taxonomy":"product_cat","embeddable":true,"href":"https:\/\/defabrica.com.mx\/defabrica\/wp-json\/wp\/v2\/product_cat?post=90023"},{"taxonomy":"product_tag","embeddable":true,"href":"https:\/\/defabrica.com.mx\/defabrica\/wp-json\/wp\/v2\/product_tag?post=90023"}],"curies":[{"name":"wp","href":"https:\/\/api.w.org\/{rel}","templated":true}]}}