{"id":90017,"date":"2022-07-15T14:13:47","date_gmt":"2022-07-15T19:13:47","guid":{"rendered":"https:\/\/defabrica.com.mx\/defabrica\/?post_type=product&#038;p=90017"},"modified":"2023-01-18T14:45:57","modified_gmt":"2023-01-18T20:45:57","slug":"hyperx-raton-optico-para-juegos-con-cable-pulsefire-haste-con-iluminacion-rgb-negro-y-negro","status":"publish","type":"product","link":"https:\/\/defabrica.com.mx\/defabrica\/producto\/hyperx-raton-optico-para-juegos-con-cable-pulsefire-haste-con-iluminacion-rgb-negro-y-negro\/","title":{"rendered":"HyperX &#8211; Rat\u00f3n \u00f3ptico para juegos con cable Pulsefire Haste con iluminaci\u00f3n RGB &#8211; Negro y negro"},"content":{"rendered":"<div class=\"embedded-component-container lv product-description\">\n<div>\n<div id=\"shop-product-description-23149039\" class=\"_none\" data-version=\"1.3.46\">\n<div class=\"shop-product-description\">\n<section class=\"align-heading-left\" data-reactroot=\"\">\n<div class=\"long-description-container body-copy \">\n<div class=\"html-fragment\">HyperX Pulsefire Haste est\u00e1 dise\u00f1ado para jugadores de \u00e9lite que buscan ganar cada fracci\u00f3n de segundo posible.\u00a0Con un peso de 59 gramos, este rat\u00f3n con forma de panal sensible y con todas las funciones tiene todo lo que necesita, solo que sin el peso adicional.\u00a0Los microinterruptores TTC Golden brindan clics confiables y satisfactorios para que no tenga que preocuparse por las entradas faltantes.\u00a0El cable flexible HyperFlex y los patines de PTFE de grado virgen proporcionan un deslizamiento suave y f\u00e1cil y un movimiento receptivo.\u00a0Ultraligero, 59 g, dise\u00f1o hexagonal, carcasa de nido de abeja, cable HyperFlex, hasta 16000 DPI, 6 botones programables<\/div>\n<\/div>\n<\/section>\n<\/div>\n<\/div>\n<\/div>\n<\/div>\n<div class=\"embedded-component-container lv product-features\">\n<h3><\/h3>\n<h3 class=\"heading-5 v-fw-regular feature-heading\"><strong>Caracter\u00edsticas<\/strong><\/h3>\n<ul>\n<li><strong>Dise\u00f1o ultraligero de carcasa hexagonal.<\/strong><br \/>\nProporciona un peso ligero como una pluma sin p\u00e9rdida de durabilidad.<\/li>\n<li><strong>Cable USB hiperflexible<\/strong><br \/>\nReduce la tensi\u00f3n y la resistencia para que el mouse pueda moverse con facilidad.<\/li>\n<li><strong>Microinterruptor a prueba de polvo dorado TTC<\/strong><br \/>\nConmutadores duraderos y fiables clasificados para 60 millones de clics.<\/li>\n<li><strong>Patines de PTFE de grado virgen puro<\/strong><br \/>\nProporciona baja fricci\u00f3n y alta capacidad de respuesta para un deslizamiento r\u00e1pido y sin esfuerzo.<\/li>\n<li><strong>Cinta de agarre incluida<\/strong><br \/>\nProporciona control y seguimiento mejorados sin sacrificar la comodidad.<\/li>\n<li><strong>Seis botones programables<\/strong><br \/>\nBrinda acceso a comandos y funciones de uso frecuente para un control poderoso.<\/li>\n<li><strong>Compatible con la mayor\u00eda de las versiones de Windows<\/strong><br \/>\nFunciona con la mayor\u00eda de las PC.<\/li>\n<\/ul>\n<\/div>\n","protected":false},"excerpt":{"rendered":"<p>HyperX Pulsefire Haste est\u00e1 dise\u00f1ado para jugadores de \u00e9lite que buscan ganar cada fracci\u00f3n de segundo posible.\u00a0Con un peso de 59 gramos, este rat\u00f3n con forma de panal sensible y<\/p>\n","protected":false},"featured_media":90018,"comment_status":"open","ping_status":"closed","template":"","meta":{"_acf_changed":false,"_joinchat":[]},"product_brand":[],"product_cat":[277,280,434],"product_tag":[],"class_list":{"0":"post-90017","1":"product","2":"type-product","3":"status-publish","4":"has-post-thumbnail","6":"product_cat-zona-gamer","7":"product_cat-pc-gaming","8":"product_cat-mouse-y-teclado-gamer","10":"first","11":"instock","12":"sale","13":"shipping-taxable","14":"purchasable","15":"product-type-simple"},"acf":[],"_links":{"self":[{"href":"https:\/\/defabrica.com.mx\/defabrica\/wp-json\/wp\/v2\/product\/90017","targetHints":{"allow":["GET"]}}],"collection":[{"href":"https:\/\/defabrica.com.mx\/defabrica\/wp-json\/wp\/v2\/product"}],"about":[{"href":"https:\/\/defabrica.com.mx\/defabrica\/wp-json\/wp\/v2\/types\/product"}],"replies":[{"embeddable":true,"href":"https:\/\/defabrica.com.mx\/defabrica\/wp-json\/wp\/v2\/comments?post=90017"}],"wp:featuredmedia":[{"embeddable":true,"href":"https:\/\/defabrica.com.mx\/defabrica\/wp-json\/wp\/v2\/media\/90018"}],"wp:attachment":[{"href":"https:\/\/defabrica.com.mx\/defabrica\/wp-json\/wp\/v2\/media?parent=90017"}],"wp:term":[{"taxonomy":"product_brand","embeddable":true,"href":"https:\/\/defabrica.com.mx\/defabrica\/wp-json\/wp\/v2\/product_brand?post=90017"},{"taxonomy":"product_cat","embeddable":true,"href":"https:\/\/defabrica.com.mx\/defabrica\/wp-json\/wp\/v2\/product_cat?post=90017"},{"taxonomy":"product_tag","embeddable":true,"href":"https:\/\/defabrica.com.mx\/defabrica\/wp-json\/wp\/v2\/product_tag?post=90017"}],"curies":[{"name":"wp","href":"https:\/\/api.w.org\/{rel}","templated":true}]}}