{"id":90005,"date":"2022-07-15T14:07:35","date_gmt":"2022-07-15T19:07:35","guid":{"rendered":"https:\/\/defabrica.com.mx\/defabrica\/?post_type=product&#038;p=90005"},"modified":"2023-01-18T14:45:14","modified_gmt":"2023-01-18T20:45:14","slug":"hyperx-teclado-de-membrana-para-juegos-con-cable-de-tamano-completo-con-nucleo-de-aleacion-e-iluminacion-rgb-negro","status":"publish","type":"product","link":"https:\/\/defabrica.com.mx\/defabrica\/producto\/hyperx-teclado-de-membrana-para-juegos-con-cable-de-tamano-completo-con-nucleo-de-aleacion-e-iluminacion-rgb-negro\/","title":{"rendered":"HyperX &#8211; Teclado de membrana para juegos con cable de tama\u00f1o completo con n\u00facleo de aleaci\u00f3n e iluminaci\u00f3n RGB &#8211; Negro"},"content":{"rendered":"<p>Mejore su rendimiento en el juego con este teclado para juegos HyperX Alloy Core RGB.\u00a0Sus teclas suaves al tacto est\u00e1n equipadas con funcionalidad anti-ghosting para evitar pulsaciones de teclas accidentales, y los controles de medios dedicados brindan acceso r\u00e1pido a las funciones de uso frecuente para una operaci\u00f3n perfecta.\u00a0Este teclado para juegos HyperX Alloy Core RGB est\u00e1 alojado en un marco de pl\u00e1stico reforzado para una m\u00e1xima estabilidad.<\/p>\n<h3><\/h3>\n<h3 class=\"heading-5 v-fw-regular feature-heading\"><strong>Caracter\u00edsticas<\/strong><\/h3>\n<ul>\n<li><strong>Barra de luces exclusiva y efectos de iluminaci\u00f3n RGB din\u00e1micos<\/strong><br \/>\nImpresionante resplandor combinado con seis ajustes preestablecidos de efectos: Ciclo de color, Onda de espectro, Respiraci\u00f3n, S\u00f3lido, Cinco zonas y Aurora.<\/li>\n<li><strong>Cinco zonas de iluminaci\u00f3n y personalizaci\u00f3n multicolor<\/strong><br \/>\nLe permite personalizar cinco zonas del teclado con el color de su elecci\u00f3n.<\/li>\n<li><strong>Teclado de membrana con teclas silenciosas y receptivas<\/strong><br \/>\nLas teclas suaves al tacto tienen una sensaci\u00f3n t\u00e1ctil, pero est\u00e1n ajustadas para ser silenciosas, y tambi\u00e9n cuentan con funcionalidad anti-ghosting de grado de juego y transferencia de teclas.<\/li>\n<li><strong>Cable USB trenzado de 6&#8242;<\/strong><br \/>\nOfrece una conexi\u00f3n estable y conveniente a su PC y proporciona hasta 1000 Hz de tasa de agrupaci\u00f3n.<\/li>\n<li><strong>Controles de medios dedicados<\/strong><br \/>\nBotones de acceso r\u00e1pido para controlar la iluminaci\u00f3n y el modo de juego al alcance de tu mano.<\/li>\n<li><strong>Modo de bloqueo del teclado<\/strong><br \/>\nLe permite bloquear su teclado sin tener que bloquear su sistema.<\/li>\n<li><strong>Estructura s\u00f3lida y duradera<\/strong><br \/>\nFabricado con un marco de pl\u00e1stico reforzado y duradero, Alloy Core RGB fue construido para brindar estabilidad y confiabilidad a los jugadores que desean un teclado que dure.<\/li>\n<li><strong>Dise\u00f1o resistente a derrames<\/strong><br \/>\nProbado para soportar hasta 120 ml de l\u00edquido, por lo que los accidentes con bebidas no acabar\u00e1n con tu juego.<\/li>\n<li><strong>Compatible con Windows<\/strong><br \/>\nPara usar con su computadora existente que se ejecuta en Windows 10, 8.1, 8 o 7.<\/li>\n<\/ul>\n","protected":false},"excerpt":{"rendered":"<p>Mejore su rendimiento en el juego con este teclado para juegos HyperX Alloy Core RGB.\u00a0Sus teclas suaves al tacto est\u00e1n equipadas con funcionalidad anti-ghosting para evitar pulsaciones de teclas accidentales,<\/p>\n","protected":false},"featured_media":90007,"comment_status":"open","ping_status":"closed","template":"","meta":{"_acf_changed":false,"_joinchat":[]},"product_brand":[],"product_cat":[277,280,434],"product_tag":[],"class_list":{"0":"post-90005","1":"product","2":"type-product","3":"status-publish","4":"has-post-thumbnail","6":"product_cat-zona-gamer","7":"product_cat-pc-gaming","8":"product_cat-mouse-y-teclado-gamer","10":"first","11":"instock","12":"sale","13":"shipping-taxable","14":"purchasable","15":"product-type-simple"},"acf":[],"_links":{"self":[{"href":"https:\/\/defabrica.com.mx\/defabrica\/wp-json\/wp\/v2\/product\/90005","targetHints":{"allow":["GET"]}}],"collection":[{"href":"https:\/\/defabrica.com.mx\/defabrica\/wp-json\/wp\/v2\/product"}],"about":[{"href":"https:\/\/defabrica.com.mx\/defabrica\/wp-json\/wp\/v2\/types\/product"}],"replies":[{"embeddable":true,"href":"https:\/\/defabrica.com.mx\/defabrica\/wp-json\/wp\/v2\/comments?post=90005"}],"wp:featuredmedia":[{"embeddable":true,"href":"https:\/\/defabrica.com.mx\/defabrica\/wp-json\/wp\/v2\/media\/90007"}],"wp:attachment":[{"href":"https:\/\/defabrica.com.mx\/defabrica\/wp-json\/wp\/v2\/media?parent=90005"}],"wp:term":[{"taxonomy":"product_brand","embeddable":true,"href":"https:\/\/defabrica.com.mx\/defabrica\/wp-json\/wp\/v2\/product_brand?post=90005"},{"taxonomy":"product_cat","embeddable":true,"href":"https:\/\/defabrica.com.mx\/defabrica\/wp-json\/wp\/v2\/product_cat?post=90005"},{"taxonomy":"product_tag","embeddable":true,"href":"https:\/\/defabrica.com.mx\/defabrica\/wp-json\/wp\/v2\/product_tag?post=90005"}],"curies":[{"name":"wp","href":"https:\/\/api.w.org\/{rel}","templated":true}]}}