{"id":89989,"date":"2022-07-15T13:57:43","date_gmt":"2022-07-15T18:57:43","guid":{"rendered":"https:\/\/defabrica.com.mx\/defabrica\/?post_type=product&#038;p=89989"},"modified":"2023-01-18T14:43:16","modified_gmt":"2023-01-18T20:43:16","slug":"logitech-g-pro-tkl-wired-mechanical-gx-blue-clicky-switch-gaming-keyboard-con-retroiluminacion-rgb-negro","status":"publish","type":"product","link":"https:\/\/defabrica.com.mx\/defabrica\/producto\/logitech-g-pro-tkl-wired-mechanical-gx-blue-clicky-switch-gaming-keyboard-con-retroiluminacion-rgb-negro\/","title":{"rendered":"Logitech &#8211; G PRO TKL Wired Mechanical GX Blue Clicky Switch Gaming Keyboard con retroiluminaci\u00f3n RGB &#8211; Negro"},"content":{"rendered":"<div class=\"embedded-component-container lv product-description\">\n<div>\n<div id=\"shop-product-description-71703669\" class=\"_none\" data-version=\"1.3.46\">\n<div class=\"shop-product-description\">\n<section class=\"align-heading-left\" data-reactroot=\"\">\n<div class=\"long-description-container body-copy \">\n<div class=\"html-fragment\">Construido para profesionales de abajo hacia arriba.\u00a0Un dise\u00f1o compacto sin llave libera espacio en la mesa para el mouse de baja sensibilidad.\u00a0Los interruptores Clicky de nivel profesional le brindan un golpe de retroalimentaci\u00f3n audible.\u00a0LIGHTSYNC RGB programable y la memoria integrada le permiten personalizar y almacenar un patr\u00f3n de iluminaci\u00f3n para torneos.\u00a0Un cable desmontable facilita el transporte.\u00a0Jugar para ganar.<\/div>\n<\/div>\n<\/section>\n<\/div>\n<\/div>\n<\/div>\n<\/div>\n<div class=\"embedded-component-container lv product-features\">\n<h3><\/h3>\n<h3 class=\"heading-5 v-fw-regular feature-heading\"><strong>Caracter\u00edsticas<\/strong><\/h3>\n<ul>\n<li><strong>Hecho a medida para profesionales<\/strong><br \/>\nConstruido con y para atletas de esports para rendimiento, velocidad y precisi\u00f3n a nivel de competencia.<\/li>\n<li><strong>Interruptores GX Blue Clicky de calidad profesional<\/strong><br \/>\nLos duraderos interruptores GX Blue Clicky brindan un clic audible y t\u00e1ctil para una pulsaci\u00f3n de tecla s\u00f3lida y segura.<\/li>\n<li><strong>Dise\u00f1o compacto ultraport\u00e1til<\/strong><br \/>\nEl dise\u00f1o compacto ultraport\u00e1til sin llave libera espacio en la mesa para el movimiento del mouse. Es f\u00e1cil de empacar y transportar a los torneos.<\/li>\n<li><strong>SINCRONIZACI\u00d3N DE LUZ RGB<\/strong><br \/>\nUse LIGHTSYNC para resaltar teclas y programar patrones de iluminaci\u00f3n est\u00e1ticos en la memoria integrada para sistemas de torneos que no permiten instalaciones de G HUB.*<\/li>\n<li><strong>cable desmontable<\/strong><br \/>\nLos cables Micro USB desmontables cuentan con un dise\u00f1o de tres puntas para una conexi\u00f3n f\u00e1cil y segura y un transporte seguro en su bolsa de viaje.<\/li>\n<li><strong>Pies de goma antideslizantes y ajuste de \u00e1ngulo<\/strong><br \/>\nAjuste de \u00e1ngulo de tres pasos para niveles adicionales de comodidad, adem\u00e1s de pies de goma para una excelente estabilidad durante juegos intensos.<\/li>\n<li><strong>12 macros de tecla F programables<\/strong><br \/>\nEjecute un conjunto de acciones o comandos complejos o cronometrados con solo presionar un bot\u00f3n. La programaci\u00f3n y el uso de la tecla F (F1-F12) requiere el software Logitech G HUB.*<\/li>\n<\/ul>\n<\/div>\n","protected":false},"excerpt":{"rendered":"<p>Construido para profesionales de abajo hacia arriba.\u00a0Un dise\u00f1o compacto sin llave libera espacio en la mesa para el mouse de baja sensibilidad.\u00a0Los interruptores Clicky de nivel profesional le brindan un<\/p>\n","protected":false},"featured_media":89990,"comment_status":"open","ping_status":"closed","template":"","meta":{"_acf_changed":false,"_joinchat":[]},"product_brand":[],"product_cat":[277,280,434],"product_tag":[],"class_list":{"0":"post-89989","1":"product","2":"type-product","3":"status-publish","4":"has-post-thumbnail","6":"product_cat-zona-gamer","7":"product_cat-pc-gaming","8":"product_cat-mouse-y-teclado-gamer","10":"first","11":"instock","12":"sale","13":"shipping-taxable","14":"purchasable","15":"product-type-simple"},"acf":[],"_links":{"self":[{"href":"https:\/\/defabrica.com.mx\/defabrica\/wp-json\/wp\/v2\/product\/89989","targetHints":{"allow":["GET"]}}],"collection":[{"href":"https:\/\/defabrica.com.mx\/defabrica\/wp-json\/wp\/v2\/product"}],"about":[{"href":"https:\/\/defabrica.com.mx\/defabrica\/wp-json\/wp\/v2\/types\/product"}],"replies":[{"embeddable":true,"href":"https:\/\/defabrica.com.mx\/defabrica\/wp-json\/wp\/v2\/comments?post=89989"}],"wp:featuredmedia":[{"embeddable":true,"href":"https:\/\/defabrica.com.mx\/defabrica\/wp-json\/wp\/v2\/media\/89990"}],"wp:attachment":[{"href":"https:\/\/defabrica.com.mx\/defabrica\/wp-json\/wp\/v2\/media?parent=89989"}],"wp:term":[{"taxonomy":"product_brand","embeddable":true,"href":"https:\/\/defabrica.com.mx\/defabrica\/wp-json\/wp\/v2\/product_brand?post=89989"},{"taxonomy":"product_cat","embeddable":true,"href":"https:\/\/defabrica.com.mx\/defabrica\/wp-json\/wp\/v2\/product_cat?post=89989"},{"taxonomy":"product_tag","embeddable":true,"href":"https:\/\/defabrica.com.mx\/defabrica\/wp-json\/wp\/v2\/product_tag?post=89989"}],"curies":[{"name":"wp","href":"https:\/\/api.w.org\/{rel}","templated":true}]}}