{"id":89983,"date":"2022-07-15T13:54:31","date_gmt":"2022-07-15T18:54:31","guid":{"rendered":"https:\/\/defabrica.com.mx\/defabrica\/?post_type=product&#038;p=89983"},"modified":"2022-07-15T13:54:31","modified_gmt":"2022-07-15T18:54:31","slug":"logitech-raton-optico-para-juegos-con-cable-g502-hero-con-iluminacion-rgb-k-da-blanco","status":"publish","type":"product","link":"https:\/\/defabrica.com.mx\/defabrica\/producto\/logitech-raton-optico-para-juegos-con-cable-g502-hero-con-iluminacion-rgb-k-da-blanco\/","title":{"rendered":"Logitech &#8211; Rat\u00f3n \u00f3ptico para juegos con cable G502 HERO con iluminaci\u00f3n RGB &#8211; K\/DA, blanco"},"content":{"rendered":"<div class=\"embedded-component-container lv product-description\">\n<div>\n<div id=\"shop-product-description-4262468\" class=\"_none\" data-version=\"1.3.46\">\n<div class=\"shop-product-description\">\n<section class=\"align-heading-left\" data-reactroot=\"\">\n<div class=\"long-description-container body-copy \">\n<div class=\"html-fragment\"><span>Juega All Out con tu mouse para juegos favorito de alto rendimiento.\u00a0Personaliza la iluminaci\u00f3n RGB para que coincida con tu estilo y entorno o sincroniza con otros productos Logitech G.\u00a0El mouse para juegos G502 HERO K\/DA cuenta con nuestro sensor \u00f3ptico HERO 25K de \u00faltima generaci\u00f3n para lograr la m\u00e1xima precisi\u00f3n y precisi\u00f3n de seguimiento.\u00a0Independientemente de su estilo de juego, es f\u00e1cil modificar el G502 HERO K\/DA para que se adapte a sus requisitos, con perfiles personalizados para sus juegos, sensibilidad ajustable de 200 a 25 600 DPI y un sistema de peso ajustable que permite ajustar y equilibrar hasta cinco Pesos de 3,6 g para el equilibrio y la sensaci\u00f3n adecuados.<\/span><\/div>\n<\/div>\n<\/section>\n<\/div>\n<\/div>\n<\/div>\n<\/div>\n<div class=\"embedded-component-container lv product-features\">\n<h3><\/h3>\n<h3 class=\"heading-5 v-fw-regular feature-heading\"><strong>Caracter\u00edsticas<\/strong><\/h3>\n<ul>\n<li><strong>jugar todo<\/strong><br \/>\nEl mouse para juegos G502 K\/DA est\u00e1 dise\u00f1ado con el arte oficial K\/DA del universo alternativo de League of Legends para una experiencia de juego completa e inmersiva.<\/li>\n<li><strong>Sensor HERO 25K<\/strong><br \/>\nActualizaci\u00f3n mediante software gratuito de G HUB. Nuestro m\u00e1s avanzado con seguimiento 1:1, m\u00e1s de 400 IPS y una sensibilidad m\u00e1xima de 100 &#8211; 25,600 DPI m\u00e1s cero suavizado, filtrado o aceleraci\u00f3n.<\/li>\n<li><strong>Personalizable 11 botones personalizables y memoria integrada<\/strong><br \/>\nAsigne comandos personalizados a los botones y guarde hasta cinco perfiles listos para jugar directamente en el mouse.*<\/li>\n<li><strong>Sistema de peso ajustable<\/strong><br \/>\nOrganice hasta 5 pesas extra\u00edbles de 0,13 oz dentro del mouse para ajustar el peso y el equilibrio de forma personalizada; configuraciones en una variedad de delantero, trasero, izquierdo, derecho y central.<\/li>\n<li><strong>SINCRONIZACI\u00d3N DE LUZ RGB<\/strong><br \/>\nIluminaci\u00f3n RGB programable y tecnolog\u00eda LIGHTSYNC de casi 16,8 millones de colores para combinar con los colores de su equipo, lucir los suyos propios o sincronizar colores con otros equipos Logitech G.*<\/li>\n<li><strong>Tensi\u00f3n del bot\u00f3n del interruptor mec\u00e1nico<\/strong><br \/>\nEl sistema de tensi\u00f3n de resorte de metal y las bisagras de pivote est\u00e1n integrados en los botones izquierdo y derecho del mouse para juegos para una sensaci\u00f3n de clic n\u00edtida y limpia con respuesta de clic r\u00e1pida.<\/li>\n<li><strong>memoria integrada<\/strong><br \/>\nUse Logitech G HUB para guardar su configuraci\u00f3n en la memoria integrada del mouse y ll\u00e9vela con usted. Su configuraci\u00f3n guardada funcionar\u00e1 en cualquier PC sin software adicional o sin necesidad de iniciar sesi\u00f3n.<\/li>\n<\/ul>\n<\/div>\n","protected":false},"excerpt":{"rendered":"<p>Juega All Out con tu mouse para juegos favorito de alto rendimiento.\u00a0Personaliza la iluminaci\u00f3n RGB para que coincida con tu estilo y entorno o sincroniza con otros productos Logitech G.\u00a0El<\/p>\n","protected":false},"featured_media":89984,"comment_status":"open","ping_status":"closed","template":"","meta":{"_acf_changed":false,"_joinchat":[]},"product_brand":[],"product_cat":[277,280,434],"product_tag":[],"class_list":{"0":"post-89983","1":"product","2":"type-product","3":"status-publish","4":"has-post-thumbnail","6":"product_cat-zona-gamer","7":"product_cat-pc-gaming","8":"product_cat-mouse-y-teclado-gamer","10":"first","11":"instock","12":"sale","13":"shipping-taxable","14":"purchasable","15":"product-type-simple"},"acf":[],"_links":{"self":[{"href":"https:\/\/defabrica.com.mx\/defabrica\/wp-json\/wp\/v2\/product\/89983","targetHints":{"allow":["GET"]}}],"collection":[{"href":"https:\/\/defabrica.com.mx\/defabrica\/wp-json\/wp\/v2\/product"}],"about":[{"href":"https:\/\/defabrica.com.mx\/defabrica\/wp-json\/wp\/v2\/types\/product"}],"replies":[{"embeddable":true,"href":"https:\/\/defabrica.com.mx\/defabrica\/wp-json\/wp\/v2\/comments?post=89983"}],"wp:featuredmedia":[{"embeddable":true,"href":"https:\/\/defabrica.com.mx\/defabrica\/wp-json\/wp\/v2\/media\/89984"}],"wp:attachment":[{"href":"https:\/\/defabrica.com.mx\/defabrica\/wp-json\/wp\/v2\/media?parent=89983"}],"wp:term":[{"taxonomy":"product_brand","embeddable":true,"href":"https:\/\/defabrica.com.mx\/defabrica\/wp-json\/wp\/v2\/product_brand?post=89983"},{"taxonomy":"product_cat","embeddable":true,"href":"https:\/\/defabrica.com.mx\/defabrica\/wp-json\/wp\/v2\/product_cat?post=89983"},{"taxonomy":"product_tag","embeddable":true,"href":"https:\/\/defabrica.com.mx\/defabrica\/wp-json\/wp\/v2\/product_tag?post=89983"}],"curies":[{"name":"wp","href":"https:\/\/api.w.org\/{rel}","templated":true}]}}