{"id":89962,"date":"2022-07-15T13:44:53","date_gmt":"2022-07-15T18:44:53","guid":{"rendered":"https:\/\/defabrica.com.mx\/defabrica\/?post_type=product&#038;p=89962"},"modified":"2023-01-18T14:41:34","modified_gmt":"2023-01-18T20:41:34","slug":"logitech-g305-lightspeed-raton-optico-inalambrico-para-juegos-con-6-botones-programables-con-sensor-hero-de-12000-dpi-negro","status":"publish","type":"product","link":"https:\/\/defabrica.com.mx\/defabrica\/producto\/logitech-g305-lightspeed-raton-optico-inalambrico-para-juegos-con-6-botones-programables-con-sensor-hero-de-12000-dpi-negro\/","title":{"rendered":"Logitech &#8211; G305 LIGHTSPEED Rat\u00f3n \u00f3ptico inal\u00e1mbrico para juegos con 6 botones programables con sensor HERO de 12,000 DPI &#8211; Negro"},"content":{"rendered":"<div class=\"embedded-component-container lv product-description\">\n<div>\n<div id=\"shop-product-description-12627328\" class=\"_none\" data-version=\"1.3.46\">\n<div class=\"shop-product-description\">\n<section class=\"align-heading-left\" data-reactroot=\"\">\n<div class=\"long-description-container body-copy \">\n<div class=\"html-fragment\">G305 presenta el sensor HERO de pr\u00f3xima generaci\u00f3n con una sensibilidad de 12,000 DPI y un rendimiento inal\u00e1mbrico LIGHTSPEED de 1 ms.\u00a0Es de larga duraci\u00f3n con 250 horas de juego con una bater\u00eda AA (una luz indicadora te recuerda antes de que necesites una nueva AA), ultraport\u00e1til con almacenamiento de nanorreceptor integrado, peso ligero de 99 gramos y listo para jugar con 6 botones programables.\u00a0G305 es el mouse inal\u00e1mbrico LIGHTSPEED para todos.<\/div>\n<\/div>\n<\/section>\n<\/div>\n<\/div>\n<\/div>\n<\/div>\n<div class=\"embedded-component-container lv product-features\">\n<h3><\/h3>\n<h3 class=\"heading-5 v-fw-regular feature-heading\"><strong>Caracter\u00edsticas<\/strong><\/h3>\n<ul>\n<li><strong>Sensor H\u00c9ROE<\/strong><br \/>\nEl sensor \u00f3ptico HERO de pr\u00f3xima generaci\u00f3n ofrece un rendimiento incre\u00edble y hasta 10 veces m\u00e1s eficiencia energ\u00e9tica que las generaciones anteriores, con una precisi\u00f3n de 400 IPS y una sensibilidad de hasta 12 000 DPI.<\/li>\n<li><strong>Velocidad de luz inal\u00e1mbrica<\/strong><br \/>\nLa tecnolog\u00eda inal\u00e1mbrica ultrarr\u00e1pida LIGHTSPEED le brinda una experiencia de juego sin demoras, brindando una capacidad de respuesta y confiabilidad incre\u00edbles con una tasa de informe de 1 ms para un rendimiento de nivel competitivo.<\/li>\n<li><strong>Vida ultralarga<\/strong><br \/>\nEl mouse inal\u00e1mbrico G305 cuenta con unas incre\u00edbles 250 horas de juego continuo con solo 1 bater\u00eda AA; cambie al modo Endurance a trav\u00e9s del software Logitech G HUB y prolongue la duraci\u00f3n de la bater\u00eda hasta 9 meses.<\/li>\n<li><strong>6 botones programables<\/strong><br \/>\nEste mouse de computadora cuenta con 10 millones de interruptores de clic para los dos botones principales con sistema de tensi\u00f3n de clic, adem\u00e1s del clic central, el bot\u00f3n DPI y dos botones laterales.<\/li>\n<li><strong>Dise\u00f1o ligero<\/strong><br \/>\nInal\u00e1mbrico no tiene por qu\u00e9 significar pesado, el mouse liviano G305 brinda una alta maniobrabilidad con solo 3.4 oz gracias al dise\u00f1o mec\u00e1nico liviano y eficiente y al uso ultra eficiente de la bater\u00eda<\/li>\n<li><strong>Juega en cualquier lugar<\/strong><br \/>\nEl dise\u00f1o duradero y compacto con almacenamiento de nanorreceptor incorporado hace que el G305 no solo sea un excelente mouse de escritorio port\u00e1til, sino tambi\u00e9n un excelente compa\u00f1ero de viaje para computadora port\u00e1til, util\u00edcelo con una computadora port\u00e1til para juegos y juegue en cualquier lugar.<\/li>\n<\/ul>\n<\/div>\n","protected":false},"excerpt":{"rendered":"<p>G305 presenta el sensor HERO de pr\u00f3xima generaci\u00f3n con una sensibilidad de 12,000 DPI y un rendimiento inal\u00e1mbrico LIGHTSPEED de 1 ms.\u00a0Es de larga duraci\u00f3n con 250 horas de juego<\/p>\n","protected":false},"featured_media":89963,"comment_status":"open","ping_status":"closed","template":"","meta":{"_acf_changed":false,"_joinchat":[]},"product_brand":[],"product_cat":[277,280,434],"product_tag":[],"class_list":{"0":"post-89962","1":"product","2":"type-product","3":"status-publish","4":"has-post-thumbnail","6":"product_cat-zona-gamer","7":"product_cat-pc-gaming","8":"product_cat-mouse-y-teclado-gamer","10":"first","11":"instock","12":"sale","13":"shipping-taxable","14":"purchasable","15":"product-type-simple"},"acf":[],"_links":{"self":[{"href":"https:\/\/defabrica.com.mx\/defabrica\/wp-json\/wp\/v2\/product\/89962","targetHints":{"allow":["GET"]}}],"collection":[{"href":"https:\/\/defabrica.com.mx\/defabrica\/wp-json\/wp\/v2\/product"}],"about":[{"href":"https:\/\/defabrica.com.mx\/defabrica\/wp-json\/wp\/v2\/types\/product"}],"replies":[{"embeddable":true,"href":"https:\/\/defabrica.com.mx\/defabrica\/wp-json\/wp\/v2\/comments?post=89962"}],"wp:featuredmedia":[{"embeddable":true,"href":"https:\/\/defabrica.com.mx\/defabrica\/wp-json\/wp\/v2\/media\/89963"}],"wp:attachment":[{"href":"https:\/\/defabrica.com.mx\/defabrica\/wp-json\/wp\/v2\/media?parent=89962"}],"wp:term":[{"taxonomy":"product_brand","embeddable":true,"href":"https:\/\/defabrica.com.mx\/defabrica\/wp-json\/wp\/v2\/product_brand?post=89962"},{"taxonomy":"product_cat","embeddable":true,"href":"https:\/\/defabrica.com.mx\/defabrica\/wp-json\/wp\/v2\/product_cat?post=89962"},{"taxonomy":"product_tag","embeddable":true,"href":"https:\/\/defabrica.com.mx\/defabrica\/wp-json\/wp\/v2\/product_tag?post=89962"}],"curies":[{"name":"wp","href":"https:\/\/api.w.org\/{rel}","templated":true}]}}