{"id":89956,"date":"2022-07-15T13:42:06","date_gmt":"2022-07-15T18:42:06","guid":{"rendered":"https:\/\/defabrica.com.mx\/defabrica\/?post_type=product&#038;p=89956"},"modified":"2023-01-18T14:41:13","modified_gmt":"2023-01-18T20:41:13","slug":"logitech-mx-mechanical-mini-compact-teclado-mecanico-inalambrico-con-interruptor-tactil-para-windows-macos-con-teclas-retroiluminadas-grafito","status":"publish","type":"product","link":"https:\/\/defabrica.com.mx\/defabrica\/producto\/logitech-mx-mechanical-mini-compact-teclado-mecanico-inalambrico-con-interruptor-tactil-para-windows-macos-con-teclas-retroiluminadas-grafito\/","title":{"rendered":"Logitech &#8211; MX Mechanical Mini Compact Teclado mec\u00e1nico inal\u00e1mbrico con interruptor t\u00e1ctil para Windows\/macOS con teclas retroiluminadas &#8211; Grafito"},"content":{"rendered":"<div class=\"embedded-component-container lv product-description\">\n<div>\n<div id=\"shop-product-description-72521451\" class=\"_none\" data-version=\"1.3.46\">\n<div class=\"shop-product-description\">\n<section class=\"align-heading-left\" data-reactroot=\"\">\n<div class=\"long-description-container body-copy \">\n<div class=\"html-fragment\">Presentamos MX Mechanical Mini: un teclado minimalista con una sensaci\u00f3n, precisi\u00f3n y rendimiento extraordinarios.\u00a0La escritura mec\u00e1nica de bajo perfil brinda una respuesta satisfactoria en los interruptores de tecla que elija: Tactile Quiet, Clicky o Linear.\u00a0MX Mechanical Mini est\u00e1 dise\u00f1ado para brindar comodidad ergon\u00f3mica, con iluminaci\u00f3n inteligente y Easy-Switch, lo que le permite conectar hasta 3 dispositivos y mantenerse en su flujo durante horas.<\/div>\n<\/div>\n<\/section>\n<\/div>\n<\/div>\n<\/div>\n<\/div>\n<div class=\"embedded-component-container lv product-features\">\n<h3><\/h3>\n<h3 class=\"heading-5 v-fw-regular feature-heading\"><strong>Caracter\u00edsticas<\/strong><\/h3>\n<ul>\n<li><strong>Escritura mec\u00e1nica fluida y silenciosa<\/strong><br \/>\nEl teclado MX Mechanical Mini cuenta con interruptores Tactile Quiet que brindan una sensaci\u00f3n y un flujo de nivel superior con menos ruido; tambi\u00e9n est\u00e1n disponibles los interruptores Clicky y Linear.<\/li>\n<li><strong>Teclas de perfil bajo, m\u00e1s comodidad<\/strong><br \/>\nUn dise\u00f1o de teclado dise\u00f1ado para una precisi\u00f3n sin esfuerzo, con un factor de forma peque\u00f1o y compacto e interruptores mec\u00e1nicos de bajo perfil para una mejor ergonom\u00eda.<\/li>\n<li><strong>Iluminaci\u00f3n inteligente<\/strong><br \/>\nLas teclas retroiluminadas se iluminan en el momento en que sus manos se acercan al teclado inal\u00e1mbrico y se ajustan autom\u00e1ticamente para adaptarse a las condiciones cambiantes de iluminaci\u00f3n.<\/li>\n<li><strong>Flujo de trabajo m\u00e1s r\u00e1pido, m\u00e1s personalizaci\u00f3n<\/strong><br \/>\nPersonalice las teclas Fn, asigne efectos de retroiluminaci\u00f3n, habilite Flow entre computadoras, control de m\u00faltiples dispositivos y m\u00e1s en Logi Options+ mejorado.\u00b9<\/li>\n<li><strong>M\u00faltiples dispositivos, m\u00faltiples sistemas operativos<\/strong><br \/>\nEmpareje el teclado inal\u00e1mbrico MX Mechanical Mini Bluetooth con hasta 3 dispositivos en casi cualquier sistema operativo a trav\u00e9s de Bluetooth Low Energy o el receptor Logi Bolt incluido.\u00b2<\/li>\n<li><strong>Carga r\u00e1pida USB-C<\/strong><br \/>\nEl teclado MX Mechanical Mini permanece encendido hasta 15 d\u00edas con una carga completa o hasta 10 meses con la retroiluminaci\u00f3n apagada.\u00b3<\/li>\n<li><strong>MX Mec\u00e1nico de tama\u00f1o completo<\/strong><br \/>\nSi procesa n\u00fameros con frecuencia, tambi\u00e9n est\u00e1 disponible un factor de forma de teclado de tama\u00f1o completo con un teclado num\u00e9rico integrado.<\/li>\n<\/ul>\n<\/div>\n","protected":false},"excerpt":{"rendered":"<p>Presentamos MX Mechanical Mini: un teclado minimalista con una sensaci\u00f3n, precisi\u00f3n y rendimiento extraordinarios.\u00a0La escritura mec\u00e1nica de bajo perfil brinda una respuesta satisfactoria en los interruptores de tecla que elija:<\/p>\n","protected":false},"featured_media":89957,"comment_status":"open","ping_status":"closed","template":"","meta":{"_acf_changed":false,"_joinchat":[]},"product_brand":[],"product_cat":[277,280,434],"product_tag":[],"class_list":{"0":"post-89956","1":"product","2":"type-product","3":"status-publish","4":"has-post-thumbnail","6":"product_cat-zona-gamer","7":"product_cat-pc-gaming","8":"product_cat-mouse-y-teclado-gamer","10":"first","11":"instock","12":"sale","13":"shipping-taxable","14":"purchasable","15":"product-type-simple"},"acf":[],"_links":{"self":[{"href":"https:\/\/defabrica.com.mx\/defabrica\/wp-json\/wp\/v2\/product\/89956","targetHints":{"allow":["GET"]}}],"collection":[{"href":"https:\/\/defabrica.com.mx\/defabrica\/wp-json\/wp\/v2\/product"}],"about":[{"href":"https:\/\/defabrica.com.mx\/defabrica\/wp-json\/wp\/v2\/types\/product"}],"replies":[{"embeddable":true,"href":"https:\/\/defabrica.com.mx\/defabrica\/wp-json\/wp\/v2\/comments?post=89956"}],"wp:featuredmedia":[{"embeddable":true,"href":"https:\/\/defabrica.com.mx\/defabrica\/wp-json\/wp\/v2\/media\/89957"}],"wp:attachment":[{"href":"https:\/\/defabrica.com.mx\/defabrica\/wp-json\/wp\/v2\/media?parent=89956"}],"wp:term":[{"taxonomy":"product_brand","embeddable":true,"href":"https:\/\/defabrica.com.mx\/defabrica\/wp-json\/wp\/v2\/product_brand?post=89956"},{"taxonomy":"product_cat","embeddable":true,"href":"https:\/\/defabrica.com.mx\/defabrica\/wp-json\/wp\/v2\/product_cat?post=89956"},{"taxonomy":"product_tag","embeddable":true,"href":"https:\/\/defabrica.com.mx\/defabrica\/wp-json\/wp\/v2\/product_tag?post=89956"}],"curies":[{"name":"wp","href":"https:\/\/api.w.org\/{rel}","templated":true}]}}