{"id":89918,"date":"2022-07-15T13:20:53","date_gmt":"2022-07-15T18:20:53","guid":{"rendered":"https:\/\/defabrica.com.mx\/defabrica\/?post_type=product&#038;p=89918"},"modified":"2023-01-18T14:20:08","modified_gmt":"2023-01-18T20:20:08","slug":"logitech-raton-optico-para-juegos-con-cable-g203-lightsync-con-sensor-de-8000-dpi-negro","status":"publish","type":"product","link":"https:\/\/defabrica.com.mx\/defabrica\/producto\/logitech-raton-optico-para-juegos-con-cable-g203-lightsync-con-sensor-de-8000-dpi-negro\/","title":{"rendered":"Logitech &#8211; Rat\u00f3n \u00f3ptico para juegos con cable G203 LIGHTSYNC con sensor de 8,000 DPI &#8211; Negro"},"content":{"rendered":"<div class=\"embedded-component-container lv product-description\">\n<div>\n<div id=\"shop-product-description-2847787\" class=\"_none\" data-version=\"1.3.46\">\n<div class=\"shop-product-description\">\n<section class=\"align-heading-left\" data-reactroot=\"\">\n<div class=\"long-description-container body-copy \">\n<div class=\"html-fragment\">G203 LIGHTSYNC est\u00e1 listo para jugar con un sensor de 8,000 DPI y LIGHTSYNC RGB personalizable y vibrante.\u00a0LIGHTSYNC RGB se puede personalizar con efectos o patrones de ondas de color en aproximadamente 16,8 millones de colores para adaptarse a su estilo de juego, configuraci\u00f3n y estado de \u00e1nimo.\u00a0El sensor para juegos responde con precisi\u00f3n a tus movimientos y puedes personalizar la configuraci\u00f3n para adaptarla a la sensibilidad que desees.\u00a0El dise\u00f1o simple de 6 botones y la forma cl\u00e1sica de juego forman un dise\u00f1o c\u00f3modo, probado y amado, con botones que puede programar para simplificar las tareas.\u00a0Los botones primarios son mec\u00e1nicos y est\u00e1n tensados \u200b\u200bcon resortes met\u00e1licos duraderos para brindar confiabilidad, rendimiento y una sensaci\u00f3n excelente.\u00a0Las funciones avanzadas requieren el software para juegos Logitech G HUB.<\/div>\n<\/div>\n<\/section>\n<\/div>\n<\/div>\n<\/div>\n<\/div>\n<div class=\"embedded-component-container lv product-features\">\n<h3><\/h3>\n<h3 class=\"heading-5 v-fw-regular feature-heading\"><strong>Caracter\u00edsticas<\/strong><\/h3>\n<ul>\n<li><strong>sensor de 8000 ppp<\/strong><br \/>\nJuega con un seguimiento ultrapreciso gracias a un sensor de 8000 DPI. Recorra 5 configuraciones de sensibilidad, as\u00ed como el mapeo de pantalla con G HUB, para un rendimiento constante.<\/li>\n<li><strong>SINCRONIZACI\u00d3N DE LUZ RGB<\/strong><br \/>\nCon 16,8 millones de colores tendr\u00e1s todo el arco\u00edris al alcance de tu mano. Combine patrones y divi\u00e9rtase con los efectos de iluminaci\u00f3n \u00f3ptica que se adaptan a todos sus estados de \u00e1nimo.<\/li>\n<li><strong>Dise\u00f1o probado por jugadores<\/strong><br \/>\nUn dise\u00f1o simple de 6 botones le da una forma de juego cl\u00e1sica. C\u00f3modo, probado y cl\u00e1sico para un control total sobre el juego. Simplifique las tareas con botones programables personalizados.<\/li>\n<li><strong>Tensado de bot\u00f3n de resorte mec\u00e1nico<\/strong><br \/>\nLos botones mec\u00e1nicos se tensan con resortes met\u00e1licos duraderos. Los clics n\u00edtidos le brindan informaci\u00f3n precisa para mejorar la precisi\u00f3n y la sensaci\u00f3n.<\/li>\n<li><strong>Ajustes personalizados<\/strong><br \/>\nCompatible con el software de juegos Logitech G Hub para que pueda personalizar su configuraci\u00f3n. Marque DPI de 200-8,000 para obtener m\u00e1s precisi\u00f3n que nunca, para juegos livianos y receptivos.<\/li>\n<li><strong>Se integra con equipo Logitech<\/strong><br \/>\nCree una experiencia de juego personal con este mouse con cable para computadoras port\u00e1tiles y computadoras Mac o PC que se integra f\u00e1cilmente con todo su equipo Logitech G.<\/li>\n<\/ul>\n<\/div>\n","protected":false},"excerpt":{"rendered":"<p>G203 LIGHTSYNC est\u00e1 listo para jugar con un sensor de 8,000 DPI y LIGHTSYNC RGB personalizable y vibrante.\u00a0LIGHTSYNC RGB se puede personalizar con efectos o patrones de ondas de color<\/p>\n","protected":false},"featured_media":89919,"comment_status":"open","ping_status":"closed","template":"","meta":{"_acf_changed":false,"_joinchat":[]},"product_brand":[],"product_cat":[277,280,434],"product_tag":[],"class_list":{"0":"post-89918","1":"product","2":"type-product","3":"status-publish","4":"has-post-thumbnail","6":"product_cat-zona-gamer","7":"product_cat-pc-gaming","8":"product_cat-mouse-y-teclado-gamer","10":"first","11":"instock","12":"sale","13":"shipping-taxable","14":"purchasable","15":"product-type-simple"},"acf":[],"_links":{"self":[{"href":"https:\/\/defabrica.com.mx\/defabrica\/wp-json\/wp\/v2\/product\/89918","targetHints":{"allow":["GET"]}}],"collection":[{"href":"https:\/\/defabrica.com.mx\/defabrica\/wp-json\/wp\/v2\/product"}],"about":[{"href":"https:\/\/defabrica.com.mx\/defabrica\/wp-json\/wp\/v2\/types\/product"}],"replies":[{"embeddable":true,"href":"https:\/\/defabrica.com.mx\/defabrica\/wp-json\/wp\/v2\/comments?post=89918"}],"wp:featuredmedia":[{"embeddable":true,"href":"https:\/\/defabrica.com.mx\/defabrica\/wp-json\/wp\/v2\/media\/89919"}],"wp:attachment":[{"href":"https:\/\/defabrica.com.mx\/defabrica\/wp-json\/wp\/v2\/media?parent=89918"}],"wp:term":[{"taxonomy":"product_brand","embeddable":true,"href":"https:\/\/defabrica.com.mx\/defabrica\/wp-json\/wp\/v2\/product_brand?post=89918"},{"taxonomy":"product_cat","embeddable":true,"href":"https:\/\/defabrica.com.mx\/defabrica\/wp-json\/wp\/v2\/product_cat?post=89918"},{"taxonomy":"product_tag","embeddable":true,"href":"https:\/\/defabrica.com.mx\/defabrica\/wp-json\/wp\/v2\/product_tag?post=89918"}],"curies":[{"name":"wp","href":"https:\/\/api.w.org\/{rel}","templated":true}]}}