{"id":89906,"date":"2022-07-15T13:14:46","date_gmt":"2022-07-15T18:14:46","guid":{"rendered":"https:\/\/defabrica.com.mx\/defabrica\/?post_type=product&#038;p=89906"},"modified":"2022-07-15T13:14:46","modified_gmt":"2022-07-15T18:14:46","slug":"logitech-raton-optico-para-juegos-con-cable-g-mx518-negro-gris","status":"publish","type":"product","link":"https:\/\/defabrica.com.mx\/defabrica\/producto\/logitech-raton-optico-para-juegos-con-cable-g-mx518-negro-gris\/","title":{"rendered":"Logitech &#8211; Rat\u00f3n \u00f3ptico para juegos con cable G MX518 &#8211; Negro\/Gris"},"content":{"rendered":"<p>Mantenga el control total mientras juega con este mouse para juegos Logitech G MX518.\u00a0El cable de 7 pies permite el movimiento libre para jugar sin problemas, mientras que el sensor \u00f3ptico tiene una resoluci\u00f3n de hasta 16 000 ppp para un seguimiento preciso.\u00a0Este mouse para juegos Logitech G MX518 tiene ocho botones programables para una f\u00e1cil personalizaci\u00f3n, y la memoria integrada le permite guardar hasta cinco perfiles para una operaci\u00f3n perfecta en diferentes PC.<\/p>\n<h3><\/h3>\n<h3 class=\"heading-5 v-fw-regular feature-heading\"><strong>Caracter\u00edsticas<\/strong><\/h3>\n<ul>\n<li><strong>Software de juegos Logitech G HUB<\/strong><br \/>\nLe brinda un control f\u00e1cil para personalizar y acceder a funciones avanzadas. Personaliza por juego, con\u00e9ctate a aplicaciones de terceros como Discord o descarga y comparte perfiles de juegos personalizados con la comunidad de Logitech G.<\/li>\n<li><strong>Cinco perfiles a bordo<\/strong><br \/>\nGuarde hasta cinco perfiles diferentes directamente en el mouse para llevar su configuraci\u00f3n a cualquier parte.<\/li>\n<li><strong>M\u00e1ximo de 16.000 ppp<\/strong><br \/>\nLe permite encontrar la sensibilidad perfecta.<\/li>\n<li><strong>tecnolog\u00eda \u00f3ptica<\/strong><br \/>\nLas luces LED escanean la superficie debajo del mouse para detectar movimiento con bastante precisi\u00f3n, adecuado para la inform\u00e1tica y la navegaci\u00f3n diarias.<\/li>\n<li><strong>Compatible con la mayor\u00eda de las PC con Windows y Mac<\/strong><br \/>\nFunciona en una amplia gama de computadoras.<\/li>\n<li><strong>Ocho botones programables<\/strong><br \/>\nTotalmente programable con el software G HUB.<\/li>\n<\/ul>\n","protected":false},"excerpt":{"rendered":"<p>Mantenga el control total mientras juega con este mouse para juegos Logitech G MX518.\u00a0El cable de 7 pies permite el movimiento libre para jugar sin problemas, mientras que el sensor<\/p>\n","protected":false},"featured_media":89907,"comment_status":"open","ping_status":"closed","template":"","meta":{"_acf_changed":false,"_joinchat":[]},"product_brand":[],"product_cat":[277,280,434],"product_tag":[],"class_list":{"0":"post-89906","1":"product","2":"type-product","3":"status-publish","4":"has-post-thumbnail","6":"product_cat-zona-gamer","7":"product_cat-pc-gaming","8":"product_cat-mouse-y-teclado-gamer","10":"first","11":"instock","12":"sale","13":"shipping-taxable","14":"purchasable","15":"product-type-simple"},"acf":[],"_links":{"self":[{"href":"https:\/\/defabrica.com.mx\/defabrica\/wp-json\/wp\/v2\/product\/89906","targetHints":{"allow":["GET"]}}],"collection":[{"href":"https:\/\/defabrica.com.mx\/defabrica\/wp-json\/wp\/v2\/product"}],"about":[{"href":"https:\/\/defabrica.com.mx\/defabrica\/wp-json\/wp\/v2\/types\/product"}],"replies":[{"embeddable":true,"href":"https:\/\/defabrica.com.mx\/defabrica\/wp-json\/wp\/v2\/comments?post=89906"}],"wp:featuredmedia":[{"embeddable":true,"href":"https:\/\/defabrica.com.mx\/defabrica\/wp-json\/wp\/v2\/media\/89907"}],"wp:attachment":[{"href":"https:\/\/defabrica.com.mx\/defabrica\/wp-json\/wp\/v2\/media?parent=89906"}],"wp:term":[{"taxonomy":"product_brand","embeddable":true,"href":"https:\/\/defabrica.com.mx\/defabrica\/wp-json\/wp\/v2\/product_brand?post=89906"},{"taxonomy":"product_cat","embeddable":true,"href":"https:\/\/defabrica.com.mx\/defabrica\/wp-json\/wp\/v2\/product_cat?post=89906"},{"taxonomy":"product_tag","embeddable":true,"href":"https:\/\/defabrica.com.mx\/defabrica\/wp-json\/wp\/v2\/product_tag?post=89906"}],"curies":[{"name":"wp","href":"https:\/\/api.w.org\/{rel}","templated":true}]}}