{"id":89893,"date":"2022-07-15T13:08:50","date_gmt":"2022-07-15T18:08:50","guid":{"rendered":"https:\/\/defabrica.com.mx\/defabrica\/?post_type=product&#038;p=89893"},"modified":"2023-01-18T14:18:54","modified_gmt":"2023-01-18T20:18:54","slug":"logitech-raton-optico-para-juegos-con-cable-g600-mmo-negro","status":"publish","type":"product","link":"https:\/\/defabrica.com.mx\/defabrica\/producto\/logitech-raton-optico-para-juegos-con-cable-g600-mmo-negro\/","title":{"rendered":"Logitech &#8211; Rat\u00f3n \u00f3ptico para juegos con cable G600 MMO &#8211; Negro"},"content":{"rendered":"<p>Obtenga una ventaja competitiva en el campo de batalla virtual o en la pista de carreras con este mouse para juegos Logitech G600 MMO.\u00a0La iluminaci\u00f3n RGB permite sincronizar con tu equipo para personalizar, y los 20 botones ofrecen un control total para juegos inmersivos.\u00a0Este mouse para juegos Logitech G600 MMO tiene una resoluci\u00f3n de 8200 ppp para un seguimiento preciso, y el agarre contorneado permite un manejo c\u00f3modo.<\/p>\n<h3><\/h3>\n<h3 class=\"heading-5 v-fw-regular feature-heading\"><strong>Caracter\u00edsticas<\/strong><\/h3>\n<ul>\n<li><strong>Software de juegos Logitech G HUB<\/strong><br \/>\nLe brinda un control f\u00e1cil para personalizar y acceder a funciones avanzadas. Personaliza por juego, con\u00e9ctate a aplicaciones de terceros como Discord o descarga y comparte perfiles de juegos personalizados con la comunidad de Logitech G.<\/li>\n<li><strong>Tres perfiles integrados: dos para MMO y uno para FPS<\/strong><br \/>\nAlmacene asignaciones de botones, informaci\u00f3n de seguimiento y configuraciones de color de iluminaci\u00f3n.<\/li>\n<li><strong>M\u00e1ximo de 8200 ppp<\/strong><br \/>\nLe permite encontrar la sensibilidad perfecta.<\/li>\n<li><strong>tecnolog\u00eda \u00f3ptica<\/strong><br \/>\nLas luces LED escanean la superficie debajo del mouse para detectar movimiento con bastante precisi\u00f3n, adecuado para la inform\u00e1tica y la navegaci\u00f3n diarias.<\/li>\n<li><strong>Compatible con la mayor\u00eda de las versiones de Windows<\/strong><br \/>\nFunciona con la mayor\u00eda de las PC.<\/li>\n<li><strong>20 botones programables<\/strong><br \/>\nTotalmente programable con el software G HUB.<\/li>\n<\/ul>\n","protected":false},"excerpt":{"rendered":"<p>Obtenga una ventaja competitiva en el campo de batalla virtual o en la pista de carreras con este mouse para juegos Logitech G600 MMO.\u00a0La iluminaci\u00f3n RGB permite sincronizar con tu<\/p>\n","protected":false},"featured_media":89894,"comment_status":"open","ping_status":"closed","template":"","meta":{"_acf_changed":false,"_joinchat":[]},"product_brand":[],"product_cat":[277,280,434],"product_tag":[],"class_list":{"0":"post-89893","1":"product","2":"type-product","3":"status-publish","4":"has-post-thumbnail","6":"product_cat-zona-gamer","7":"product_cat-pc-gaming","8":"product_cat-mouse-y-teclado-gamer","10":"first","11":"instock","12":"sale","13":"shipping-taxable","14":"purchasable","15":"product-type-simple"},"acf":[],"_links":{"self":[{"href":"https:\/\/defabrica.com.mx\/defabrica\/wp-json\/wp\/v2\/product\/89893","targetHints":{"allow":["GET"]}}],"collection":[{"href":"https:\/\/defabrica.com.mx\/defabrica\/wp-json\/wp\/v2\/product"}],"about":[{"href":"https:\/\/defabrica.com.mx\/defabrica\/wp-json\/wp\/v2\/types\/product"}],"replies":[{"embeddable":true,"href":"https:\/\/defabrica.com.mx\/defabrica\/wp-json\/wp\/v2\/comments?post=89893"}],"wp:featuredmedia":[{"embeddable":true,"href":"https:\/\/defabrica.com.mx\/defabrica\/wp-json\/wp\/v2\/media\/89894"}],"wp:attachment":[{"href":"https:\/\/defabrica.com.mx\/defabrica\/wp-json\/wp\/v2\/media?parent=89893"}],"wp:term":[{"taxonomy":"product_brand","embeddable":true,"href":"https:\/\/defabrica.com.mx\/defabrica\/wp-json\/wp\/v2\/product_brand?post=89893"},{"taxonomy":"product_cat","embeddable":true,"href":"https:\/\/defabrica.com.mx\/defabrica\/wp-json\/wp\/v2\/product_cat?post=89893"},{"taxonomy":"product_tag","embeddable":true,"href":"https:\/\/defabrica.com.mx\/defabrica\/wp-json\/wp\/v2\/product_tag?post=89893"}],"curies":[{"name":"wp","href":"https:\/\/api.w.org\/{rel}","templated":true}]}}