{"id":89885,"date":"2022-07-15T13:04:31","date_gmt":"2022-07-15T18:04:31","guid":{"rendered":"https:\/\/defabrica.com.mx\/defabrica\/?post_type=product&#038;p=89885"},"modified":"2023-01-18T14:17:40","modified_gmt":"2023-01-18T20:17:40","slug":"logitech-pro-x-superlight-raton-optico-inalambrico-ligero-para-juegos-con-sensor-hero-25k-negro","status":"publish","type":"product","link":"https:\/\/defabrica.com.mx\/defabrica\/producto\/logitech-pro-x-superlight-raton-optico-inalambrico-ligero-para-juegos-con-sensor-hero-25k-negro\/","title":{"rendered":"Logitech &#8211; PRO X SUPERLIGHT Rat\u00f3n \u00f3ptico inal\u00e1mbrico ligero para juegos con sensor HERO 25K &#8211; Negro"},"content":{"rendered":"<div class=\"embedded-component-container lv product-description\">\n<div>\n<div id=\"shop-product-description-61096196\" class=\"_none\" data-version=\"1.3.46\">\n<div class=\"shop-product-description\">\n<section class=\"align-heading-left\" data-reactroot=\"\">\n<div class=\"long-description-container body-copy \">\n<div class=\"html-fragment\">Presentamos PRO X SUPERLIGHT, uno de nuestros mouse PRO m\u00e1s livianos y r\u00e1pidos.\u00a0Desarrollado por LIGHTSPEED, est\u00e1 aqu\u00ed para ayudarlo a eliminar todos los obst\u00e1culos, para que pueda concentrarse en nada m\u00e1s que en ganar.\u00a0Obtenga un control incre\u00edblemente preciso, r\u00e1pido y consistente con el sensor HERO.\u00a0Tome el primero m\u00e1s r\u00e1pido con pies de PTFE sin aditivos que brindan un deslizamiento mucho m\u00e1s suave.\u00a0Desarrollado en colaboraci\u00f3n con un gran grupo de los mejores profesionales de esports del mundo, PRO X SUPERLIGHT presenta un dise\u00f1o hiperminimalista, pero est\u00e1 repleto de nuestras \u00faltimas tecnolog\u00edas y avances.\u00a0PRO X SUPERLIGHT est\u00e1 disponible en blanco y negro.<\/div>\n<\/div>\n<\/section>\n<\/div>\n<\/div>\n<\/div>\n<\/div>\n<div class=\"embedded-component-container lv product-features\">\n<h3><\/h3>\n<h3 class=\"heading-5 v-fw-regular feature-heading\"><strong>Caracter\u00edsticas<\/strong><\/h3>\n<ul>\n<li><strong>Hecho con y para jugadores profesionales<\/strong><br \/>\nDise\u00f1ado en colaboraci\u00f3n con los profesionales de deportes electr\u00f3nicos de juegos l\u00edderes en el mundo; dise\u00f1ado para ganar, es el pin\u00e1culo de nuestra b\u00fasqueda continua del m\u00e1s alto nivel de rendimiento.<\/li>\n<li><strong>Ingenier\u00eda ultraligera<\/strong><br \/>\nCon menos de 2,2 oz con un redise\u00f1o hiperm\u00ednimo que logra una reducci\u00f3n de peso de casi un 25 por ciento en comparaci\u00f3n con el mouse inal\u00e1mbrico PRO est\u00e1ndar.<\/li>\n<li><strong>Velocidad de luz inal\u00e1mbrica<\/strong><br \/>\nCon un rendimiento inal\u00e1mbrico USB de nivel profesional, LIGHTSPEED proporciona una conexi\u00f3n de tasa de informe de 1 ms s\u00f3lida y s\u00faper r\u00e1pida, sin el arrastre y la distracci\u00f3n de un cable de computadora.<\/li>\n<li><strong>Sensor H\u00c9ROE 25K<\/strong><br \/>\nEste mouse para juegos Pro tiene la \u00faltima versi\u00f3n del sensor Hero; el sensor de juegos m\u00e1s preciso, de alto rendimiento y eficiente hasta la fecha, que supera los 400 IPS y ofrece un seguimiento de 25600 DPI.<\/li>\n<li><strong>deslizamiento suave<\/strong><br \/>\nLos grandes pies de PTFE sin aditivos de este mouse para juegos Logitech G brindan un deslizamiento suave para una conexi\u00f3n pura y fluida con el juego.<\/li>\n<\/ul>\n<\/div>\n","protected":false},"excerpt":{"rendered":"<p>Presentamos PRO X SUPERLIGHT, uno de nuestros mouse PRO m\u00e1s livianos y r\u00e1pidos.\u00a0Desarrollado por LIGHTSPEED, est\u00e1 aqu\u00ed para ayudarlo a eliminar todos los obst\u00e1culos, para que pueda concentrarse en nada<\/p>\n","protected":false},"featured_media":89887,"comment_status":"open","ping_status":"closed","template":"","meta":{"_acf_changed":false,"_joinchat":[]},"product_brand":[],"product_cat":[277,280,434],"product_tag":[],"class_list":{"0":"post-89885","1":"product","2":"type-product","3":"status-publish","4":"has-post-thumbnail","6":"product_cat-zona-gamer","7":"product_cat-pc-gaming","8":"product_cat-mouse-y-teclado-gamer","10":"first","11":"instock","12":"sale","13":"shipping-taxable","14":"purchasable","15":"product-type-simple"},"acf":[],"_links":{"self":[{"href":"https:\/\/defabrica.com.mx\/defabrica\/wp-json\/wp\/v2\/product\/89885","targetHints":{"allow":["GET"]}}],"collection":[{"href":"https:\/\/defabrica.com.mx\/defabrica\/wp-json\/wp\/v2\/product"}],"about":[{"href":"https:\/\/defabrica.com.mx\/defabrica\/wp-json\/wp\/v2\/types\/product"}],"replies":[{"embeddable":true,"href":"https:\/\/defabrica.com.mx\/defabrica\/wp-json\/wp\/v2\/comments?post=89885"}],"wp:featuredmedia":[{"embeddable":true,"href":"https:\/\/defabrica.com.mx\/defabrica\/wp-json\/wp\/v2\/media\/89887"}],"wp:attachment":[{"href":"https:\/\/defabrica.com.mx\/defabrica\/wp-json\/wp\/v2\/media?parent=89885"}],"wp:term":[{"taxonomy":"product_brand","embeddable":true,"href":"https:\/\/defabrica.com.mx\/defabrica\/wp-json\/wp\/v2\/product_brand?post=89885"},{"taxonomy":"product_cat","embeddable":true,"href":"https:\/\/defabrica.com.mx\/defabrica\/wp-json\/wp\/v2\/product_cat?post=89885"},{"taxonomy":"product_tag","embeddable":true,"href":"https:\/\/defabrica.com.mx\/defabrica\/wp-json\/wp\/v2\/product_tag?post=89885"}],"curies":[{"name":"wp","href":"https:\/\/api.w.org\/{rel}","templated":true}]}}