{"id":89873,"date":"2022-07-15T12:45:26","date_gmt":"2022-07-15T17:45:26","guid":{"rendered":"https:\/\/defabrica.com.mx\/defabrica\/?post_type=product&#038;p=89873"},"modified":"2023-01-18T14:16:56","modified_gmt":"2023-01-18T20:16:56","slug":"logitech-g413-tkl-se-teclado-para-juegos-con-interruptor-tactil-mecanico-con-cable-sin-llave-para-windows-mac-con-teclas-retroiluminadas-negro","status":"publish","type":"product","link":"https:\/\/defabrica.com.mx\/defabrica\/producto\/logitech-g413-tkl-se-teclado-para-juegos-con-interruptor-tactil-mecanico-con-cable-sin-llave-para-windows-mac-con-teclas-retroiluminadas-negro\/","title":{"rendered":"Logitech &#8211; G413 TKL SE Teclado para juegos con interruptor t\u00e1ctil mec\u00e1nico con cable sin llave para Windows\/Mac con teclas retroiluminadas &#8211; Negro"},"content":{"rendered":"<div class=\"embedded-component-container lv product-description\">\n<div>\n<div id=\"shop-product-description-82465536\" class=\"_none\" data-version=\"1.3.46\">\n<div class=\"shop-product-description\">\n<section class=\"align-heading-left\" data-reactroot=\"\">\n<div class=\"long-description-container body-copy \">\n<div class=\"html-fragment\">Mejora tu experiencia de juego con el teclado mec\u00e1nico para juegos Logitech G413 TKL SE.\u00a0Ofrece una experiencia de interruptor mec\u00e1nico de nivel de juego.\u00a0Est\u00e1 dise\u00f1ado para ayudar a los jugadores serios a desempe\u00f1arse a un nivel superior y esforzarse a\u00fan m\u00e1s.\u00a0El G413 TKL SE cuenta con interruptores mec\u00e1nicos t\u00e1ctiles;\u00a0Teclas PBT, rendimiento anti-efecto fantasma de rollover de 6 teclas;\u00a0un ba\u00fal de aluminio cepillado en negro con iluminaci\u00f3n LED blanca;\u00a012 controles multimedia con teclas de funci\u00f3n;\u00a0y tecnolog\u00eda confiable con cable USB.<\/div>\n<\/div>\n<\/section>\n<\/div>\n<\/div>\n<\/div>\n<\/div>\n<div class=\"embedded-component-container lv product-features\">\n<h3><\/h3>\n<h3 class=\"heading-5 v-fw-regular feature-heading\"><strong>Caracter\u00edsticas<\/strong><\/h3>\n<ul>\n<li><strong>Lleva tus habilidades de juego al siguiente nivel<\/strong><br \/>\nEl Logitech G413 TKL SE es un teclado sin teclado num\u00e9rico con funciones para juegos y la durabilidad y el rendimiento necesarios para competir.<\/li>\n<li><strong>Teclas PBT<\/strong><br \/>\nResistente al calor y al desgaste, este teclado para juegos de computadora cuenta con el material m\u00e1s duradero utilizado en el dise\u00f1o de teclas.<\/li>\n<li><strong>Interruptores mec\u00e1nicos t\u00e1ctiles<\/strong><br \/>\nEl rendimiento sin concesiones siempre est\u00e1 al alcance de la mano con este teclado para juegos con cable.<\/li>\n<li><strong>Color, material y acabado de primera calidad.<\/strong><br \/>\nMejore su configuraci\u00f3n de juego con este teclado retroiluminado que cuenta con un elegante estuche superior de aluminio cepillado en negro e iluminaci\u00f3n LED blanca.<\/li>\n<li><strong>Rendimiento anti-fantasma de rollover de 6 teclas<\/strong><br \/>\nExperimente una entrada de teclas confiable con este teclado anti-fantasma en comparaci\u00f3n con los teclados mec\u00e1nicos que no son para juegos.<\/li>\n<li><strong>Controles multimedia con tecla FN<\/strong><br \/>\nDoce (12) teclas de funci\u00f3n (FN) le permiten controlar el volumen, reproducir y pausar, saltar pistas, silenciar, cambiar la iluminaci\u00f3n, bloquear Windows, etc.<\/li>\n<li><strong>Dise\u00f1o de cuerpo robusto con m\u00ednima flexi\u00f3n<\/strong><br \/>\nEl estuche superior de aleaci\u00f3n de aluminio y magnesio cepillado sirve como columna vertebral del teclado con cable.<\/li>\n<li><strong>Opci\u00f3n de tama\u00f1o completo<\/strong><br \/>\nTambi\u00e9n est\u00e1 disponible un dise\u00f1o completo de 104 teclas (Logitech G413 SE).<\/li>\n<li><strong>Carbono neutral certificado<\/strong><br \/>\nLas instalaciones de fabricaci\u00f3n de Logitech se han reducido a cero emisiones netas de carbono mediante la compra de energ\u00eda renovable y compensaciones de carbono.<\/li>\n<\/ul>\n<\/div>\n","protected":false},"excerpt":{"rendered":"<p>Mejora tu experiencia de juego con el teclado mec\u00e1nico para juegos Logitech G413 TKL SE.\u00a0Ofrece una experiencia de interruptor mec\u00e1nico de nivel de juego.\u00a0Est\u00e1 dise\u00f1ado para ayudar a los jugadores<\/p>\n","protected":false},"featured_media":89874,"comment_status":"open","ping_status":"closed","template":"","meta":{"_acf_changed":false,"_joinchat":[]},"product_brand":[],"product_cat":[277,280,434],"product_tag":[],"class_list":{"0":"post-89873","1":"product","2":"type-product","3":"status-publish","4":"has-post-thumbnail","6":"product_cat-zona-gamer","7":"product_cat-pc-gaming","8":"product_cat-mouse-y-teclado-gamer","10":"first","11":"instock","12":"sale","13":"shipping-taxable","14":"purchasable","15":"product-type-simple"},"acf":[],"_links":{"self":[{"href":"https:\/\/defabrica.com.mx\/defabrica\/wp-json\/wp\/v2\/product\/89873","targetHints":{"allow":["GET"]}}],"collection":[{"href":"https:\/\/defabrica.com.mx\/defabrica\/wp-json\/wp\/v2\/product"}],"about":[{"href":"https:\/\/defabrica.com.mx\/defabrica\/wp-json\/wp\/v2\/types\/product"}],"replies":[{"embeddable":true,"href":"https:\/\/defabrica.com.mx\/defabrica\/wp-json\/wp\/v2\/comments?post=89873"}],"wp:featuredmedia":[{"embeddable":true,"href":"https:\/\/defabrica.com.mx\/defabrica\/wp-json\/wp\/v2\/media\/89874"}],"wp:attachment":[{"href":"https:\/\/defabrica.com.mx\/defabrica\/wp-json\/wp\/v2\/media?parent=89873"}],"wp:term":[{"taxonomy":"product_brand","embeddable":true,"href":"https:\/\/defabrica.com.mx\/defabrica\/wp-json\/wp\/v2\/product_brand?post=89873"},{"taxonomy":"product_cat","embeddable":true,"href":"https:\/\/defabrica.com.mx\/defabrica\/wp-json\/wp\/v2\/product_cat?post=89873"},{"taxonomy":"product_tag","embeddable":true,"href":"https:\/\/defabrica.com.mx\/defabrica\/wp-json\/wp\/v2\/product_tag?post=89873"}],"curies":[{"name":"wp","href":"https:\/\/api.w.org\/{rel}","templated":true}]}}