{"id":89861,"date":"2022-07-15T12:37:21","date_gmt":"2022-07-15T17:37:21","guid":{"rendered":"https:\/\/defabrica.com.mx\/defabrica\/?post_type=product&#038;p=89861"},"modified":"2023-01-18T14:16:17","modified_gmt":"2023-01-18T20:16:17","slug":"logitech-prodigy-g213-teclado-para-juegos-de-membrana-con-cable-de-tamano-completo-con-retroiluminacion-rgb-negro","status":"publish","type":"product","link":"https:\/\/defabrica.com.mx\/defabrica\/producto\/logitech-prodigy-g213-teclado-para-juegos-de-membrana-con-cable-de-tamano-completo-con-retroiluminacion-rgb-negro\/","title":{"rendered":"Logitech &#8211; Prodigy G213 Teclado para juegos de membrana con cable de tama\u00f1o completo con retroiluminaci\u00f3n RGB &#8211; Negro"},"content":{"rendered":"<div class=\"embedded-component-container lv product-description\">\n<div>\n<div id=\"shop-product-description-13458847\" class=\"_none\" data-version=\"1.3.46\">\n<div class=\"shop-product-description\">\n<section class=\"align-heading-left\" data-reactroot=\"\">\n<div class=\"long-description-container body-copy \">\n<div class=\"html-fragment\">Duradero, preciso y resistente a derrames, G213 Prodigy est\u00e1 dise\u00f1ado para tu forma de jugar.\u00a0Con teclas ajustadas para el rendimiento, G213 Prodigy re\u00fane lo mejor en sensaci\u00f3n t\u00e1ctil y rendimiento de nivel de juego.\u00a0Las zonas de iluminaci\u00f3n RGB se pueden personalizar con patrones y colores de iluminaci\u00f3n para agregar un toque personal a su estaci\u00f3n de juego.<\/div>\n<\/div>\n<\/section>\n<\/div>\n<\/div>\n<\/div>\n<\/div>\n<div class=\"embedded-component-container lv product-features\">\n<h3><\/h3>\n<h3 class=\"heading-5 v-fw-regular feature-heading\"><strong>Caracter\u00edsticas<\/strong><\/h3>\n<ul>\n<li><strong>Teclas Logitech Mech-Dome<\/strong><br \/>\nCada tecla est\u00e1 ajustada para mejorar la experiencia t\u00e1ctil, brindando una respuesta ultrarr\u00e1pida y receptiva, mientras que la matriz de juego anti-ghosting est\u00e1 ajustada para un rendimiento de juego \u00f3ptimo, manteni\u00e9ndote en control.<\/li>\n<li><strong>Zonas de iluminaci\u00f3n RGB n\u00edtidas y brillantes<\/strong><br \/>\nPersonalice 5 zonas de iluminaci\u00f3n personalizables con m\u00e1s de 16,8 millones de colores para que coincidan con su configuraci\u00f3n o juego y sincronice los efectos de iluminaci\u00f3n retroiluminados con otros dispositivos Logitech G mediante Logitech G Hub<\/li>\n<li><strong>Controles de teclado<\/strong><br \/>\nEl teclado para juegos G213 cuenta con controles de medios dedicados que pueden reproducir, pausar y silenciar m\u00fasica y videos al instante; ajusta f\u00e1cilmente el volumen o salta a la siguiente canci\u00f3n con solo tocar un bot\u00f3n.<\/li>\n<li><strong>Altura del teclado ajustable y reposamanos<\/strong><br \/>\nEl reposamanos integrado y las patas ajustables le permiten colocar el teclado en la posici\u00f3n ideal, para que sea c\u00f3modo de usar incluso durante las sesiones de juego m\u00e1s largas.<\/li>\n<li><strong>Dise\u00f1o duradero y resistente a derrames<\/strong><br \/>\nG213 Prodigy es un teclado de tama\u00f1o completo dise\u00f1ado para juegos y productividad, con un cuerpo delgado dise\u00f1ado para jugadores de todos los niveles y una construcci\u00f3n duradera para repeler l\u00edquidos, migas y suciedad para facilitar la limpieza<\/li>\n<li><strong>interfaz USB<\/strong><br \/>\nPermite una simple conexi\u00f3n por cable a su computadora.<\/li>\n<li><strong>Compatible con Windows<\/strong><br \/>\nPara usar con su computadora actual.<\/li>\n<\/ul>\n<\/div>\n","protected":false},"excerpt":{"rendered":"<p>Duradero, preciso y resistente a derrames, G213 Prodigy est\u00e1 dise\u00f1ado para tu forma de jugar.\u00a0Con teclas ajustadas para el rendimiento, G213 Prodigy re\u00fane lo mejor en sensaci\u00f3n t\u00e1ctil y rendimiento<\/p>\n","protected":false},"featured_media":89862,"comment_status":"open","ping_status":"closed","template":"","meta":{"_acf_changed":false,"_joinchat":[]},"product_brand":[],"product_cat":[277,280,434],"product_tag":[],"class_list":{"0":"post-89861","1":"product","2":"type-product","3":"status-publish","4":"has-post-thumbnail","6":"product_cat-zona-gamer","7":"product_cat-pc-gaming","8":"product_cat-mouse-y-teclado-gamer","10":"first","11":"instock","12":"sale","13":"shipping-taxable","14":"purchasable","15":"product-type-simple"},"acf":[],"_links":{"self":[{"href":"https:\/\/defabrica.com.mx\/defabrica\/wp-json\/wp\/v2\/product\/89861","targetHints":{"allow":["GET"]}}],"collection":[{"href":"https:\/\/defabrica.com.mx\/defabrica\/wp-json\/wp\/v2\/product"}],"about":[{"href":"https:\/\/defabrica.com.mx\/defabrica\/wp-json\/wp\/v2\/types\/product"}],"replies":[{"embeddable":true,"href":"https:\/\/defabrica.com.mx\/defabrica\/wp-json\/wp\/v2\/comments?post=89861"}],"wp:featuredmedia":[{"embeddable":true,"href":"https:\/\/defabrica.com.mx\/defabrica\/wp-json\/wp\/v2\/media\/89862"}],"wp:attachment":[{"href":"https:\/\/defabrica.com.mx\/defabrica\/wp-json\/wp\/v2\/media?parent=89861"}],"wp:term":[{"taxonomy":"product_brand","embeddable":true,"href":"https:\/\/defabrica.com.mx\/defabrica\/wp-json\/wp\/v2\/product_brand?post=89861"},{"taxonomy":"product_cat","embeddable":true,"href":"https:\/\/defabrica.com.mx\/defabrica\/wp-json\/wp\/v2\/product_cat?post=89861"},{"taxonomy":"product_tag","embeddable":true,"href":"https:\/\/defabrica.com.mx\/defabrica\/wp-json\/wp\/v2\/product_tag?post=89861"}],"curies":[{"name":"wp","href":"https:\/\/api.w.org\/{rel}","templated":true}]}}