{"id":89835,"date":"2022-07-15T12:24:24","date_gmt":"2022-07-15T17:24:24","guid":{"rendered":"https:\/\/defabrica.com.mx\/defabrica\/?post_type=product&#038;p=89835"},"modified":"2023-01-18T14:14:48","modified_gmt":"2023-01-18T20:14:48","slug":"logitech-g915-lightspeed-tkl-teclado-mecanico-inalambrico-para-juegos-con-interruptor-lineal-gl-con-retroiluminacion-rbg-negro","status":"publish","type":"product","link":"https:\/\/defabrica.com.mx\/defabrica\/producto\/logitech-g915-lightspeed-tkl-teclado-mecanico-inalambrico-para-juegos-con-interruptor-lineal-gl-con-retroiluminacion-rbg-negro\/","title":{"rendered":"Logitech &#8211; G915 LIGHTSPEED TKL Teclado mec\u00e1nico inal\u00e1mbrico para juegos con interruptor lineal GL con retroiluminaci\u00f3n RBG &#8211; Negro"},"content":{"rendered":"<div class=\"embedded-component-container lv product-description\">\n<div>\n<div id=\"shop-product-description-72128863\" class=\"_none\" data-version=\"1.3.46\">\n<div class=\"shop-product-description\">\n<section class=\"align-heading-left\" data-reactroot=\"\">\n<div class=\"long-description-container body-copy \">\n<div class=\"html-fragment\">G915 TKL es una nueva clase de teclado mec\u00e1nico inal\u00e1mbrico para juegos con tres selecciones de interruptores GL de bajo perfil y tecnolog\u00eda inal\u00e1mbrica LIGHTSPEED de 1 ms de grado profesional.\u00a0Capaz de ofrecer hasta 40 horas de juego continuo con una carga completa.\u00a0Tecnolog\u00eda LIGHTSYNC RGB totalmente personalizable por tecla y avanzada para sincronizar la iluminaci\u00f3n con cualquier contenido.<\/div>\n<\/div>\n<\/section>\n<\/div>\n<\/div>\n<\/div>\n<\/div>\n<div class=\"embedded-component-container lv product-features\">\n<h3><\/h3>\n<h3 class=\"heading-5 v-fw-regular feature-heading\"><strong>Caracter\u00edsticas<\/strong><\/h3>\n<ul>\n<li><strong>Tecnolog\u00eda LIGHTSYNC<\/strong><br \/>\nProporciona iluminaci\u00f3n RGB que sincroniza la iluminaci\u00f3n con cualquier contenido. Personaliza cada tecla o crea animaciones personalizadas a partir de ~16,8 millones de colores con el software Logitech G HUB.<\/li>\n<li><strong>Tecnolog\u00eda inal\u00e1mbrica LIGHTSPEED<\/strong><br \/>\nOfrece un rendimiento profesional con flexibilidad y sin cables. Crea una est\u00e9tica limpia para las estaciones de batalla. Ofrece 40 horas con una sola carga completa.<\/li>\n<li><strong>40 horas de tiempo de juego con una sola carga<\/strong><br \/>\nAvisos de bater\u00eda baja al 15 % en el LED de bater\u00eda del teclado y mediante notificaci\u00f3n emergente en el software Logitech G HUB. Se recarga r\u00e1pidamente en 3 horas.<\/li>\n<li><strong>Interruptores mec\u00e1nicos de bajo perfil<\/strong><br \/>\nOfrezca la velocidad, la precisi\u00f3n y el rendimiento de un interruptor mec\u00e1nico a la mitad de la altura.<\/li>\n<li><strong>Controles de medios dedicados<\/strong><br \/>\nProporcione un control conveniente y f\u00e1cil para reproducir, pausar, omitir o silenciar r\u00e1pidamente sus medios.<\/li>\n<li><strong>Dise\u00f1o sin llave<\/strong><br \/>\nProporciona m\u00e1s espacio para el movimiento del rat\u00f3n. Guarde el receptor USB en la parte posterior del teclado para una portabilidad adicional.<\/li>\n<li><strong>Aleaci\u00f3n de aluminio de calidad aeron\u00e1utica<\/strong><br \/>\nOfrece un dise\u00f1o incre\u00edblemente delgado pero r\u00edgido y duradero.<\/li>\n<li><strong>Con\u00e9ctese a m\u00faltiples dispositivos a trav\u00e9s de LIGHTSPEED o Bluetooth<\/strong><br \/>\nAlterne entre la tecnolog\u00eda inal\u00e1mbrica LIGHTSPEED de alto rendimiento a trav\u00e9s del receptor USB y Bluetooth, de forma r\u00e1pida y sencilla.<\/li>\n<li><strong>Compatible con la mayor\u00eda de las computadoras Windows y Mac<\/strong><br \/>\nFunciona en una amplia gama de computadoras.<\/li>\n<\/ul>\n<\/div>\n","protected":false},"excerpt":{"rendered":"<p>G915 TKL es una nueva clase de teclado mec\u00e1nico inal\u00e1mbrico para juegos con tres selecciones de interruptores GL de bajo perfil y tecnolog\u00eda inal\u00e1mbrica LIGHTSPEED de 1 ms de grado<\/p>\n","protected":false},"featured_media":89836,"comment_status":"open","ping_status":"closed","template":"","meta":{"_acf_changed":false,"_joinchat":[]},"product_brand":[],"product_cat":[277,280,434],"product_tag":[],"class_list":{"0":"post-89835","1":"product","2":"type-product","3":"status-publish","4":"has-post-thumbnail","6":"product_cat-zona-gamer","7":"product_cat-pc-gaming","8":"product_cat-mouse-y-teclado-gamer","10":"first","11":"instock","12":"sale","13":"shipping-taxable","14":"purchasable","15":"product-type-simple"},"acf":[],"_links":{"self":[{"href":"https:\/\/defabrica.com.mx\/defabrica\/wp-json\/wp\/v2\/product\/89835","targetHints":{"allow":["GET"]}}],"collection":[{"href":"https:\/\/defabrica.com.mx\/defabrica\/wp-json\/wp\/v2\/product"}],"about":[{"href":"https:\/\/defabrica.com.mx\/defabrica\/wp-json\/wp\/v2\/types\/product"}],"replies":[{"embeddable":true,"href":"https:\/\/defabrica.com.mx\/defabrica\/wp-json\/wp\/v2\/comments?post=89835"}],"wp:featuredmedia":[{"embeddable":true,"href":"https:\/\/defabrica.com.mx\/defabrica\/wp-json\/wp\/v2\/media\/89836"}],"wp:attachment":[{"href":"https:\/\/defabrica.com.mx\/defabrica\/wp-json\/wp\/v2\/media?parent=89835"}],"wp:term":[{"taxonomy":"product_brand","embeddable":true,"href":"https:\/\/defabrica.com.mx\/defabrica\/wp-json\/wp\/v2\/product_brand?post=89835"},{"taxonomy":"product_cat","embeddable":true,"href":"https:\/\/defabrica.com.mx\/defabrica\/wp-json\/wp\/v2\/product_cat?post=89835"},{"taxonomy":"product_tag","embeddable":true,"href":"https:\/\/defabrica.com.mx\/defabrica\/wp-json\/wp\/v2\/product_tag?post=89835"}],"curies":[{"name":"wp","href":"https:\/\/api.w.org\/{rel}","templated":true}]}}