{"id":89787,"date":"2022-07-15T11:55:00","date_gmt":"2022-07-15T16:55:00","guid":{"rendered":"https:\/\/defabrica.com.mx\/defabrica\/?post_type=product&#038;p=89787"},"modified":"2022-07-15T11:55:00","modified_gmt":"2022-07-15T16:55:00","slug":"logitech-g815-lightsync-teclado-para-juegos-con-interruptor-lineal-gl-mecanico-con-cable-de-tamano-completo-con-retroiluminacion-rgb-carbono","status":"publish","type":"product","link":"https:\/\/defabrica.com.mx\/defabrica\/producto\/logitech-g815-lightsync-teclado-para-juegos-con-interruptor-lineal-gl-mecanico-con-cable-de-tamano-completo-con-retroiluminacion-rgb-carbono\/","title":{"rendered":"Logitech &#8211; G815 LIGHTSYNC Teclado para juegos con interruptor lineal GL mec\u00e1nico con cable de tama\u00f1o completo con retroiluminaci\u00f3n RGB &#8211; Carbono"},"content":{"rendered":"<p>G815 incluye tecnolog\u00edas de juego avanzadas en un dise\u00f1o ultradelgado y sofisticado.\u00a0Totalmente personalizable por tecla, la tecnolog\u00eda LIGHTSYNC RGB tambi\u00e9n reacciona a la acci\u00f3n del juego, el audio y el color de la pantalla a tu elecci\u00f3n.\u00a0Con un dise\u00f1o elegante, incre\u00edblemente delgado pero duradero y resistente, G815 cuenta con interruptores GL de bajo perfil y alto rendimiento disponibles en experiencia Clicky, Tactile o Linear.\u00a0Las teclas G programables le permiten crear y ejecutar acciones complejas de manera simple e intuitiva, y la rueda de volumen y las teclas multimedia le brindan un control r\u00e1pido y f\u00e1cil sobre el video, el audio y la transmisi\u00f3n.\u00a0G815 tambi\u00e9n cuenta con un paso de USB para conectar r\u00e1pidamente una unidad flash u otro dispositivo para cargar.<\/p>\n<h3><\/h3>\n<h3 class=\"heading-5 v-fw-regular feature-heading\"><strong>Caracter\u00edsticas<\/strong><\/h3>\n<ul>\n<li><strong>Tecnolog\u00eda LIGHTSYNC RGB<\/strong><br \/>\nLe permite personalizar cada tecla o crear animaciones personalizadas a partir de aproximadamente 16,8 millones de colores mediante el software Logitech G HUB.<\/li>\n<li><strong>Software Logitech G HUB<\/strong><br \/>\nLe brinda un control f\u00e1cil para personalizar y acceder a funciones avanzadas. Personaliza por juego, con\u00e9ctate a aplicaciones de terceros como Discord o descarga y comparte perfiles de juegos personalizados con la comunidad de Logitech G.<\/li>\n<li><strong>Paso de USB 2.0<\/strong><br \/>\nEl cable USB dedicado adicional conecta el puerto a su propia entrada para un rendimiento de potencia y velocidad de datos completos, requiere dos puertos USB.<\/li>\n<li><strong>Interruptores mec\u00e1nicos de bajo perfil<\/strong><br \/>\nOfrece la velocidad, la precisi\u00f3n y el rendimiento de un interruptor mec\u00e1nico a la mitad de la altura. El interruptor lineal GL presenta una pulsaci\u00f3n de tecla completamente suave a trav\u00e9s del punto de actuaci\u00f3n.<\/li>\n<li><strong>Cinco teclas G dedicadas<\/strong><br \/>\nSe puede programar con macros y comandos personalizados por juego o perfil de aplicaci\u00f3n. Usa Logitech G HUB para configurar y administrar f\u00e1cilmente perfiles, comandos y m\u00e1s.<\/li>\n<li><strong>Controles de medios dedicados<\/strong><br \/>\nProporcione un control conveniente y f\u00e1cil para reproducir, pausar, omitir o silenciar r\u00e1pidamente sus medios.<\/li>\n<li><strong>Aleaci\u00f3n de aluminio de calidad aeron\u00e1utica<\/strong><br \/>\nOfrece un dise\u00f1o incre\u00edblemente delgado pero r\u00edgido y duradero.<\/li>\n<li><strong>interfaz USB<\/strong><br \/>\nPermite una simple conexi\u00f3n por cable a su computadora.<\/li>\n<li><strong>Compatible con PC y Mac<\/strong><br \/>\nFunciona en una amplia gama de computadoras.<\/li>\n<\/ul>\n","protected":false},"excerpt":{"rendered":"<p>G815 incluye tecnolog\u00edas de juego avanzadas en un dise\u00f1o ultradelgado y sofisticado.\u00a0Totalmente personalizable por tecla, la tecnolog\u00eda LIGHTSYNC RGB tambi\u00e9n reacciona a la acci\u00f3n del juego, el audio y el<\/p>\n","protected":false},"featured_media":89789,"comment_status":"open","ping_status":"closed","template":"","meta":{"_acf_changed":false,"_joinchat":[]},"product_brand":[],"product_cat":[277,280,434],"product_tag":[],"class_list":{"0":"post-89787","1":"product","2":"type-product","3":"status-publish","4":"has-post-thumbnail","6":"product_cat-zona-gamer","7":"product_cat-pc-gaming","8":"product_cat-mouse-y-teclado-gamer","10":"first","11":"instock","12":"sale","13":"shipping-taxable","14":"purchasable","15":"product-type-simple"},"acf":[],"_links":{"self":[{"href":"https:\/\/defabrica.com.mx\/defabrica\/wp-json\/wp\/v2\/product\/89787","targetHints":{"allow":["GET"]}}],"collection":[{"href":"https:\/\/defabrica.com.mx\/defabrica\/wp-json\/wp\/v2\/product"}],"about":[{"href":"https:\/\/defabrica.com.mx\/defabrica\/wp-json\/wp\/v2\/types\/product"}],"replies":[{"embeddable":true,"href":"https:\/\/defabrica.com.mx\/defabrica\/wp-json\/wp\/v2\/comments?post=89787"}],"wp:featuredmedia":[{"embeddable":true,"href":"https:\/\/defabrica.com.mx\/defabrica\/wp-json\/wp\/v2\/media\/89789"}],"wp:attachment":[{"href":"https:\/\/defabrica.com.mx\/defabrica\/wp-json\/wp\/v2\/media?parent=89787"}],"wp:term":[{"taxonomy":"product_brand","embeddable":true,"href":"https:\/\/defabrica.com.mx\/defabrica\/wp-json\/wp\/v2\/product_brand?post=89787"},{"taxonomy":"product_cat","embeddable":true,"href":"https:\/\/defabrica.com.mx\/defabrica\/wp-json\/wp\/v2\/product_cat?post=89787"},{"taxonomy":"product_tag","embeddable":true,"href":"https:\/\/defabrica.com.mx\/defabrica\/wp-json\/wp\/v2\/product_tag?post=89787"}],"curies":[{"name":"wp","href":"https:\/\/api.w.org\/{rel}","templated":true}]}}