{"id":89675,"date":"2022-07-15T08:14:54","date_gmt":"2022-07-15T13:14:54","guid":{"rendered":"https:\/\/defabrica.com.mx\/defabrica\/?post_type=product&#038;p=89675"},"modified":"2023-01-18T14:05:02","modified_gmt":"2023-01-18T20:05:02","slug":"art-of-rally-nintendo-switch","status":"publish","type":"product","link":"https:\/\/defabrica.com.mx\/defabrica\/producto\/art-of-rally-nintendo-switch\/","title":{"rendered":"art of rally &#8211; Nintendo Switch"},"content":{"rendered":"<div class=\"embedded-component-container lv product-description\">\n<div>\n<div id=\"shop-product-description-24466469\" class=\"_none\" data-version=\"1.3.46\">\n<div class=\"shop-product-description\">\n<section class=\"align-heading-left\" data-reactroot=\"\">\n<div class=\"long-description-container body-copy \">\n<div class=\"html-fragment\">\u00abHacer algo peligroso con estilo es arte&#8230;\u00bb art of rally es una experiencia estilizada inspirada en la \u00e9poca dorada del rally del creador de Absolute Drift.\u00a0Corre por todo el mundo a trav\u00e9s de entornos coloridos y estilizados en una vista de arriba hacia abajo.\u00a0Compite por el primer lugar en las tablas de clasificaci\u00f3n con desaf\u00edos diarios y semanales.\u00a0\u00bfPodr\u00e1s dominar el arte del rally?<\/div>\n<\/div>\n<\/section>\n<\/div>\n<\/div>\n<\/div>\n<\/div>\n<div class=\"embedded-component-container lv product-features\">\n<h3><\/h3>\n<h3 class=\"heading-5 v-fw-regular feature-heading\"><strong>Caracter\u00edsticas<\/strong><\/h3>\n<ul>\n<li><strong>Vive la \u00e9poca dorada de los rallyes en el modo Carrera, recorriendo 72 etapas desde Finlandia hasta Cerde\u00f1a, Noruega, Jap\u00f3n, Alemania y \u00c1frica.<\/strong><\/li>\n<li><strong>Ponte al volante de tus autos antiguos favoritos, desde los a\u00f1os 60 hasta los 80, Grupo B, Grupo S y Grupo A.<\/strong><\/li>\n<li><strong>Desde opciones para principiantes hasta modos de conducci\u00f3n que desafiar\u00e1n a los conductores m\u00e1s expertos, todos los jugadores pueden enfrentarse a las carreras utilizando sus trucos de conducci\u00f3n de rally favoritos: movimiento escandinavo, contradirecci\u00f3n, frenado con el pie izquierdo, giros con el freno de mano.<\/strong><\/li>\n<li><strong>Consigue tu nombre en la parte superior de la tabla de clasificaci\u00f3n en nuestros desaf\u00edos diarios y semanales. Demuestra tus habilidades de conducci\u00f3n, o simplemente tus paisajes favoritos, con el modo Foto y Reproducci\u00f3n integrado.<\/strong><\/li>\n<li><strong>Idiomas: ingl\u00e9s americano, portugu\u00e9s brasile\u00f1o, ingl\u00e9s brit\u00e1nico, franc\u00e9s, alem\u00e1n, italiano, coreano, espa\u00f1ol latinoamericano, portugu\u00e9s, ruso, chino simplificado, espa\u00f1ol, chino tradicional<\/strong><\/li>\n<\/ul>\n<\/div>\n","protected":false},"excerpt":{"rendered":"<p>\u00abHacer algo peligroso con estilo es arte&#8230;\u00bb art of rally es una experiencia estilizada inspirada en la \u00e9poca dorada del rally del creador de Absolute Drift.\u00a0Corre por todo el mundo<\/p>\n","protected":false},"featured_media":89676,"comment_status":"open","ping_status":"closed","template":"","meta":{"_acf_changed":false,"_joinchat":[]},"product_brand":[],"product_cat":[277,894],"product_tag":[],"class_list":{"0":"post-89675","1":"product","2":"type-product","3":"status-publish","4":"has-post-thumbnail","6":"product_cat-zona-gamer","7":"product_cat-videojuegos","9":"first","10":"instock","11":"sale","12":"shipping-taxable","13":"purchasable","14":"product-type-simple"},"acf":[],"_links":{"self":[{"href":"https:\/\/defabrica.com.mx\/defabrica\/wp-json\/wp\/v2\/product\/89675","targetHints":{"allow":["GET"]}}],"collection":[{"href":"https:\/\/defabrica.com.mx\/defabrica\/wp-json\/wp\/v2\/product"}],"about":[{"href":"https:\/\/defabrica.com.mx\/defabrica\/wp-json\/wp\/v2\/types\/product"}],"replies":[{"embeddable":true,"href":"https:\/\/defabrica.com.mx\/defabrica\/wp-json\/wp\/v2\/comments?post=89675"}],"wp:featuredmedia":[{"embeddable":true,"href":"https:\/\/defabrica.com.mx\/defabrica\/wp-json\/wp\/v2\/media\/89676"}],"wp:attachment":[{"href":"https:\/\/defabrica.com.mx\/defabrica\/wp-json\/wp\/v2\/media?parent=89675"}],"wp:term":[{"taxonomy":"product_brand","embeddable":true,"href":"https:\/\/defabrica.com.mx\/defabrica\/wp-json\/wp\/v2\/product_brand?post=89675"},{"taxonomy":"product_cat","embeddable":true,"href":"https:\/\/defabrica.com.mx\/defabrica\/wp-json\/wp\/v2\/product_cat?post=89675"},{"taxonomy":"product_tag","embeddable":true,"href":"https:\/\/defabrica.com.mx\/defabrica\/wp-json\/wp\/v2\/product_tag?post=89675"}],"curies":[{"name":"wp","href":"https:\/\/api.w.org\/{rel}","templated":true}]}}