{"id":89668,"date":"2022-07-15T08:10:32","date_gmt":"2022-07-15T13:10:32","guid":{"rendered":"https:\/\/defabrica.com.mx\/defabrica\/?post_type=product&#038;p=89668"},"modified":"2023-01-18T14:04:42","modified_gmt":"2023-01-18T20:04:42","slug":"absolute-drift-zen-edition-edicion-fisica-premium-nintendo-switch","status":"publish","type":"product","link":"https:\/\/defabrica.com.mx\/defabrica\/producto\/absolute-drift-zen-edition-edicion-fisica-premium-nintendo-switch\/","title":{"rendered":"Absolute Drift: Zen Edition &#8211; Edici\u00f3n f\u00edsica premium &#8211; Nintendo Switch"},"content":{"rendered":"<div class=\"embedded-component-container lv product-description\">\n<div>\n<div id=\"shop-product-description-70055956\" class=\"_none\" data-version=\"1.3.46\">\n<div class=\"shop-product-description\">\n<section class=\"align-heading-left\" data-reactroot=\"\">\n<div class=\"long-description-container body-copy \">\n<div class=\"html-fragment\">Esta es una experiencia de manejo como ninguna otra.\u00a0Viaja de aprendiz a maestro vagabundo mientras perfeccionas tus habilidades en un hermoso mundo minimalista.\u00a0Esfu\u00e9rzate hasta el l\u00edmite en pistas a la deriva y caminos salvajes de monta\u00f1a mientras trabajas para desbloquear trofeos y eventos de \u00e9lite.\u00a0Compite contra los fantasmas de los mejores jugadores del mundo o perfecciona tus habilidades superando a tu propio fantasma.\u00a0Rel\u00e1jate con m\u00e1s de 3 horas de m\u00fasica electr\u00f3nica original de C41 y NYTE mientras desaf\u00edas tus habilidades de conducci\u00f3n a cada paso hasta que finalmente domines el arte de derrapar.<\/div>\n<\/div>\n<\/section>\n<\/div>\n<\/div>\n<\/div>\n<\/div>\n<div class=\"embedded-component-container lv product-features\">\n<h3><\/h3>\n<h3 class=\"heading-5 v-fw-regular feature-heading\"><strong>Caracter\u00edsticas<\/strong><\/h3>\n<ul>\n<li><strong>Conduce y personaliza hasta 6 coches de deriva.<\/strong><\/li>\n<li><strong>3 modos de juego: Driftkhana, Drifting y Mountain Drifting con 34 niveles.<\/strong><\/li>\n<li><strong>5 \u00e1reas de itinerancia libre, cada una con niveles y temas \u00fanicos, desde aeropuertos y muelles hasta una metr\u00f3polis flotante.<\/strong><\/li>\n<li><strong>Tablas de clasificaci\u00f3n en l\u00ednea, repeticiones y autos fantasma. \u00a1Mira las carreras de tus amigos o las mejores del mundo!<\/strong><\/li>\n<li><strong>M\u00e1s de 3 horas de Drum &amp; Bass limpio y m\u00fasica electr\u00f3nica de C41 y Nyte.<\/strong><\/li>\n<li><strong>Texto del juego en ingl\u00e9s, franc\u00e9s, alem\u00e1n, italiano, espa\u00f1ol, coreano, portugu\u00e9s, ruso, chino y japon\u00e9s<\/strong><\/li>\n<\/ul>\n<div class=\"feature-body-container\">\n<div class=\"features-list-container\"><\/div>\n<\/div>\n<\/div>\n","protected":false},"excerpt":{"rendered":"<p>Esta es una experiencia de manejo como ninguna otra.\u00a0Viaja de aprendiz a maestro vagabundo mientras perfeccionas tus habilidades en un hermoso mundo minimalista.\u00a0Esfu\u00e9rzate hasta el l\u00edmite en pistas a la<\/p>\n","protected":false},"featured_media":89673,"comment_status":"open","ping_status":"closed","template":"","meta":{"_acf_changed":false,"_joinchat":[]},"product_brand":[],"product_cat":[277,894],"product_tag":[],"class_list":{"0":"post-89668","1":"product","2":"type-product","3":"status-publish","4":"has-post-thumbnail","6":"product_cat-zona-gamer","7":"product_cat-videojuegos","9":"first","10":"instock","11":"sale","12":"shipping-taxable","13":"purchasable","14":"product-type-simple"},"acf":[],"_links":{"self":[{"href":"https:\/\/defabrica.com.mx\/defabrica\/wp-json\/wp\/v2\/product\/89668","targetHints":{"allow":["GET"]}}],"collection":[{"href":"https:\/\/defabrica.com.mx\/defabrica\/wp-json\/wp\/v2\/product"}],"about":[{"href":"https:\/\/defabrica.com.mx\/defabrica\/wp-json\/wp\/v2\/types\/product"}],"replies":[{"embeddable":true,"href":"https:\/\/defabrica.com.mx\/defabrica\/wp-json\/wp\/v2\/comments?post=89668"}],"wp:featuredmedia":[{"embeddable":true,"href":"https:\/\/defabrica.com.mx\/defabrica\/wp-json\/wp\/v2\/media\/89673"}],"wp:attachment":[{"href":"https:\/\/defabrica.com.mx\/defabrica\/wp-json\/wp\/v2\/media?parent=89668"}],"wp:term":[{"taxonomy":"product_brand","embeddable":true,"href":"https:\/\/defabrica.com.mx\/defabrica\/wp-json\/wp\/v2\/product_brand?post=89668"},{"taxonomy":"product_cat","embeddable":true,"href":"https:\/\/defabrica.com.mx\/defabrica\/wp-json\/wp\/v2\/product_cat?post=89668"},{"taxonomy":"product_tag","embeddable":true,"href":"https:\/\/defabrica.com.mx\/defabrica\/wp-json\/wp\/v2\/product_tag?post=89668"}],"curies":[{"name":"wp","href":"https:\/\/api.w.org\/{rel}","templated":true}]}}