{"id":89650,"date":"2022-07-15T07:56:46","date_gmt":"2022-07-15T12:56:46","guid":{"rendered":"https:\/\/defabrica.com.mx\/defabrica\/?post_type=product&#038;p=89650"},"modified":"2022-07-15T07:56:46","modified_gmt":"2022-07-15T12:56:46","slug":"spiritfarer-nintendo-switch","status":"publish","type":"product","link":"https:\/\/defabrica.com.mx\/defabrica\/producto\/spiritfarer-nintendo-switch\/","title":{"rendered":"Spiritfarer &#8211; Nintendo Switch"},"content":{"rendered":"<div class=\"embedded-component-container lv product-description\">\n<div>\n<div id=\"shop-product-description-71292650\" class=\"_none\" data-version=\"1.3.46\">\n<div class=\"shop-product-description\">\n<section class=\"align-heading-left\" data-reactroot=\"\">\n<div class=\"long-description-container body-copy \">\n<div class=\"html-fragment\"><span>Spiritfarer es un acogedor juego de gesti\u00f3n sobre la muerte.\u00a0Disfruta del arte y la animaci\u00f3n bellamente dibujados a mano como capit\u00e1n de ferry para el difunto.\u00a0Construye un barco para explorar el mundo, cuida de tus amigos espirituales y gu\u00edalos a trav\u00e9s de mares m\u00edsticos para finalmente liberarlos al m\u00e1s all\u00e1.<\/span><\/div>\n<\/div>\n<\/section>\n<\/div>\n<\/div>\n<\/div>\n<\/div>\n<div class=\"embedded-component-container lv product-features\">\n<h3><\/h3>\n<h3 class=\"heading-5 v-fw-regular feature-heading\"><strong>Caracter\u00edsticas<\/strong><\/h3>\n<ul>\n<li><strong>Explora un mundo fant\u00e1sticamente imaginativo, desl\u00edzate por niveles de plataformas y personaliza tu ferry.<\/strong><\/li>\n<li><strong>Conozca, cuide y vincule con un elenco de personajes \u00fanicos.<\/strong><\/li>\n<li><strong>Experimenta el juego con un amigo en el juego cooperativo de dos jugadores.<\/strong><\/li>\n<\/ul>\n<\/div>\n","protected":false},"excerpt":{"rendered":"<p>Spiritfarer es un acogedor juego de gesti\u00f3n sobre la muerte.\u00a0Disfruta del arte y la animaci\u00f3n bellamente dibujados a mano como capit\u00e1n de ferry para el difunto.\u00a0Construye un barco para explorar<\/p>\n","protected":false},"featured_media":89651,"comment_status":"open","ping_status":"closed","template":"","meta":{"_acf_changed":false,"_joinchat":[]},"product_brand":[],"product_cat":[277,894],"product_tag":[],"class_list":{"0":"post-89650","1":"product","2":"type-product","3":"status-publish","4":"has-post-thumbnail","6":"product_cat-zona-gamer","7":"product_cat-videojuegos","9":"first","10":"instock","11":"sale","12":"shipping-taxable","13":"purchasable","14":"product-type-simple"},"acf":[],"_links":{"self":[{"href":"https:\/\/defabrica.com.mx\/defabrica\/wp-json\/wp\/v2\/product\/89650","targetHints":{"allow":["GET"]}}],"collection":[{"href":"https:\/\/defabrica.com.mx\/defabrica\/wp-json\/wp\/v2\/product"}],"about":[{"href":"https:\/\/defabrica.com.mx\/defabrica\/wp-json\/wp\/v2\/types\/product"}],"replies":[{"embeddable":true,"href":"https:\/\/defabrica.com.mx\/defabrica\/wp-json\/wp\/v2\/comments?post=89650"}],"wp:featuredmedia":[{"embeddable":true,"href":"https:\/\/defabrica.com.mx\/defabrica\/wp-json\/wp\/v2\/media\/89651"}],"wp:attachment":[{"href":"https:\/\/defabrica.com.mx\/defabrica\/wp-json\/wp\/v2\/media?parent=89650"}],"wp:term":[{"taxonomy":"product_brand","embeddable":true,"href":"https:\/\/defabrica.com.mx\/defabrica\/wp-json\/wp\/v2\/product_brand?post=89650"},{"taxonomy":"product_cat","embeddable":true,"href":"https:\/\/defabrica.com.mx\/defabrica\/wp-json\/wp\/v2\/product_cat?post=89650"},{"taxonomy":"product_tag","embeddable":true,"href":"https:\/\/defabrica.com.mx\/defabrica\/wp-json\/wp\/v2\/product_tag?post=89650"}],"curies":[{"name":"wp","href":"https:\/\/api.w.org\/{rel}","templated":true}]}}