{"id":89634,"date":"2022-07-15T07:40:06","date_gmt":"2022-07-15T12:40:06","guid":{"rendered":"https:\/\/defabrica.com.mx\/defabrica\/?post_type=product&#038;p=89634"},"modified":"2023-01-18T13:59:25","modified_gmt":"2023-01-18T19:59:25","slug":"eastward-nintendo-switch","status":"publish","type":"product","link":"https:\/\/defabrica.com.mx\/defabrica\/producto\/eastward-nintendo-switch\/","title":{"rendered":"Eastward &#8211; Nintendo Switch"},"content":{"rendered":"<p>Bienvenido al encantador mundo de Eastward: \u00a1la poblaci\u00f3n est\u00e1 disminuyendo!\u00a0Escapa de las garras tir\u00e1nicas de la sociedad subterr\u00e1nea y \u00fanete al d\u00fao poco com\u00fan, Sam y John, en una emocionante aventura hacia la tierra de arriba.\u00a0En un futuro cercano, la sociedad se precipita r\u00e1pidamente por el camino de la destrucci\u00f3n.\u00a0Una presencia desconocida y t\u00f3xica se ha extendido y envenenado el aire.\u00a0Aquellos que pudieron escapar acudieron en masa a las aldeas subterr\u00e1neas para comenzar una nueva vida.<\/p>\n<h3 class=\"heading-5 v-fw-regular feature-heading\"><strong>Caracter\u00edsticas<\/strong><\/h3>\n<ul>\n<li><strong>El RPG retro por excelencia para Nintendo Switch<\/strong><\/li>\n<li><strong>M\u00e1s de 500 000 unidades vendidas en PC con una calificaci\u00f3n positiva del 86 %<\/strong><\/li>\n<li><strong>Amado por cr\u00edticos y fan\u00e1ticos por igual.<\/strong><\/li>\n<li><strong>Viene con un paquete de pegatinas exclusivo de Chibi con arte del juego.<\/strong><\/li>\n<\/ul>\n","protected":false},"excerpt":{"rendered":"<p>Bienvenido al encantador mundo de Eastward: \u00a1la poblaci\u00f3n est\u00e1 disminuyendo!\u00a0Escapa de las garras tir\u00e1nicas de la sociedad subterr\u00e1nea y \u00fanete al d\u00fao poco com\u00fan, Sam y John, en una emocionante<\/p>\n","protected":false},"featured_media":89635,"comment_status":"open","ping_status":"closed","template":"","meta":{"_acf_changed":false,"_joinchat":[]},"product_brand":[],"product_cat":[277,894],"product_tag":[],"class_list":{"0":"post-89634","1":"product","2":"type-product","3":"status-publish","4":"has-post-thumbnail","6":"product_cat-zona-gamer","7":"product_cat-videojuegos","9":"first","10":"instock","11":"sale","12":"shipping-taxable","13":"purchasable","14":"product-type-simple"},"acf":[],"_links":{"self":[{"href":"https:\/\/defabrica.com.mx\/defabrica\/wp-json\/wp\/v2\/product\/89634","targetHints":{"allow":["GET"]}}],"collection":[{"href":"https:\/\/defabrica.com.mx\/defabrica\/wp-json\/wp\/v2\/product"}],"about":[{"href":"https:\/\/defabrica.com.mx\/defabrica\/wp-json\/wp\/v2\/types\/product"}],"replies":[{"embeddable":true,"href":"https:\/\/defabrica.com.mx\/defabrica\/wp-json\/wp\/v2\/comments?post=89634"}],"wp:featuredmedia":[{"embeddable":true,"href":"https:\/\/defabrica.com.mx\/defabrica\/wp-json\/wp\/v2\/media\/89635"}],"wp:attachment":[{"href":"https:\/\/defabrica.com.mx\/defabrica\/wp-json\/wp\/v2\/media?parent=89634"}],"wp:term":[{"taxonomy":"product_brand","embeddable":true,"href":"https:\/\/defabrica.com.mx\/defabrica\/wp-json\/wp\/v2\/product_brand?post=89634"},{"taxonomy":"product_cat","embeddable":true,"href":"https:\/\/defabrica.com.mx\/defabrica\/wp-json\/wp\/v2\/product_cat?post=89634"},{"taxonomy":"product_tag","embeddable":true,"href":"https:\/\/defabrica.com.mx\/defabrica\/wp-json\/wp\/v2\/product_tag?post=89634"}],"curies":[{"name":"wp","href":"https:\/\/api.w.org\/{rel}","templated":true}]}}