{"id":89627,"date":"2022-07-15T07:33:08","date_gmt":"2022-07-15T12:33:08","guid":{"rendered":"https:\/\/defabrica.com.mx\/defabrica\/?post_type=product&#038;p=89627"},"modified":"2023-01-18T13:59:04","modified_gmt":"2023-01-18T19:59:04","slug":"edicion-estandar-de-death-stranding-playstation-4-playstation-5","status":"publish","type":"product","link":"https:\/\/defabrica.com.mx\/defabrica\/producto\/edicion-estandar-de-death-stranding-playstation-4-playstation-5\/","title":{"rendered":"Edici\u00f3n est\u00e1ndar de Death Stranding &#8211; PlayStation 4, PlayStation 5"},"content":{"rendered":"<div class=\"embedded-component-container lv product-description\">\n<div>\n<div id=\"shop-product-description-94696196\" class=\"_none\" data-version=\"1.3.46\">\n<div class=\"shop-product-description\">\n<section class=\"align-heading-left\" data-reactroot=\"\">\n<div class=\"long-description-container body-copy \">\n<div class=\"html-fragment\">Sam Bridges debe enfrentarse a un mundo transformado por Death Stranding.\u00a0Con los restos de nuestro futuro en sus manos, se embarca en un viaje para reunir al mundo destrozado.<\/div>\n<\/div>\n<\/section>\n<\/div>\n<\/div>\n<\/div>\n<\/div>\n<div class=\"embedded-component-container lv product-features\">\n<h3><\/h3>\n<h3 class=\"heading-5 v-fw-regular feature-heading\"><strong>Caracter\u00edsticas<\/strong><\/h3>\n<ul>\n<li><strong>Del legendario creador de juegos Hideo Kojima, llega una experiencia completamente nueva que desaf\u00eda el g\u00e9nero para PlayStation 4.<\/strong><\/li>\n<li><strong>Sam Bridges debe enfrentarse a un mundo completamente transformado por Death Stranding. Con los restos desconectados de nuestro futuro en sus manos, se embarca en un viaje para volver a conectar el mundo destrozado paso a paso.<\/strong><\/li>\n<li><strong>Con criaturas espectrales plagando el paisaje y la humanidad al borde de una extinci\u00f3n masiva, depende de Sam viajar a trav\u00e9s del continente devastado y salvar a la humanidad de la aniquilaci\u00f3n inminente.<\/strong><\/li>\n<li><strong>\u00bfCu\u00e1l es el misterio de Death Stranding? \u00bfQu\u00e9 descubrir\u00e1 Sam en el camino por delante? Una experiencia de juego sin precedentes contiene estas respuestas y m\u00e1s<\/strong><\/li>\n<li><strong>Protagonizada por Norman Reedus, Mads Mikkelsen, L\u00e9a Seydoux y Lindsay Wagner<\/strong><\/li>\n<li><strong>para 1 jugador<\/strong><\/li>\n<\/ul>\n<\/div>\n","protected":false},"excerpt":{"rendered":"<p>Sam Bridges debe enfrentarse a un mundo transformado por Death Stranding.\u00a0Con los restos de nuestro futuro en sus manos, se embarca en un viaje para reunir al mundo destrozado. Caracter\u00edsticas<\/p>\n","protected":false},"featured_media":89628,"comment_status":"open","ping_status":"closed","template":"","meta":{"_acf_changed":false,"_joinchat":[]},"product_brand":[],"product_cat":[277,894],"product_tag":[],"class_list":{"0":"post-89627","1":"product","2":"type-product","3":"status-publish","4":"has-post-thumbnail","6":"product_cat-zona-gamer","7":"product_cat-videojuegos","9":"first","10":"instock","11":"sale","12":"shipping-taxable","13":"purchasable","14":"product-type-simple"},"acf":[],"_links":{"self":[{"href":"https:\/\/defabrica.com.mx\/defabrica\/wp-json\/wp\/v2\/product\/89627","targetHints":{"allow":["GET"]}}],"collection":[{"href":"https:\/\/defabrica.com.mx\/defabrica\/wp-json\/wp\/v2\/product"}],"about":[{"href":"https:\/\/defabrica.com.mx\/defabrica\/wp-json\/wp\/v2\/types\/product"}],"replies":[{"embeddable":true,"href":"https:\/\/defabrica.com.mx\/defabrica\/wp-json\/wp\/v2\/comments?post=89627"}],"wp:featuredmedia":[{"embeddable":true,"href":"https:\/\/defabrica.com.mx\/defabrica\/wp-json\/wp\/v2\/media\/89628"}],"wp:attachment":[{"href":"https:\/\/defabrica.com.mx\/defabrica\/wp-json\/wp\/v2\/media?parent=89627"}],"wp:term":[{"taxonomy":"product_brand","embeddable":true,"href":"https:\/\/defabrica.com.mx\/defabrica\/wp-json\/wp\/v2\/product_brand?post=89627"},{"taxonomy":"product_cat","embeddable":true,"href":"https:\/\/defabrica.com.mx\/defabrica\/wp-json\/wp\/v2\/product_cat?post=89627"},{"taxonomy":"product_tag","embeddable":true,"href":"https:\/\/defabrica.com.mx\/defabrica\/wp-json\/wp\/v2\/product_tag?post=89627"}],"curies":[{"name":"wp","href":"https:\/\/api.w.org\/{rel}","templated":true}]}}