{"id":89621,"date":"2022-07-15T07:28:38","date_gmt":"2022-07-15T12:28:38","guid":{"rendered":"https:\/\/defabrica.com.mx\/defabrica\/?post_type=product&#038;p=89621"},"modified":"2023-01-18T13:58:44","modified_gmt":"2023-01-18T19:58:44","slug":"days-gone-playstation-4-playstation-5","status":"publish","type":"product","link":"https:\/\/defabrica.com.mx\/defabrica\/producto\/days-gone-playstation-4-playstation-5\/","title":{"rendered":"Days Gone &#8211; PlayStation 4, PlayStation 5"},"content":{"rendered":"<div class=\"embedded-component-container lv product-description\">\n<div>\n<div id=\"shop-product-description-443540\" class=\"_none\" data-version=\"1.3.46\">\n<div class=\"shop-product-description\">\n<section class=\"align-heading-left\" data-reactroot=\"\">\n<div class=\"long-description-container body-copy \">\n<div class=\"html-fragment\">En un mundo devastado por una pandemia global, solo quedan unos pocos vestigios de humanidad en Ride or Die.\u00a0Deacon St. John, un motociclista fuera de la ley, hace de la carretera su hogar mientras explora el noroeste del Pac\u00edfico y descubre que el mundo realmente tiene un prop\u00f3sito, pero evita que los Freakers te persigan por el desolado paisaje de mundo abierto de Ride or Die.<\/div>\n<\/div>\n<\/section>\n<\/div>\n<\/div>\n<\/div>\n<\/div>\n<div class=\"embedded-component-container lv product-features\">\n<h3><\/h3>\n<h3 class=\"heading-5 v-fw-regular feature-heading\"><strong>Caracter\u00edsticas<\/strong><\/h3>\n<ul>\n<li><strong>Las actualizaciones gratuitas de contenido posteriores al lanzamiento comienzan el 6 de junio de 2019 (se requiere conexi\u00f3n a Internet para descargar contenido)<\/strong><\/li>\n<li><strong>Dificultad de supervivencia: 6 de junio de 2019<\/strong><br \/>\nJuega una nueva dificultad que crea una experiencia m\u00e1s desafiante para sobrevivir en la naturaleza salvaje de Oreg\u00f3n central:<br \/>\n&#8211; Enemigos m\u00e1s duros<br \/>\n&#8211; Viaje r\u00e1pido desactivado<br \/>\n&#8211; HUD solo aparece al activar Survival Vision<\/li>\n<li><strong>\u00a1Juega y supera la dificultad Supervivencia para ganar nuevos dise\u00f1os de motos y trofeos que muestran tus logros!<\/strong><\/li>\n<li><strong>Desaf\u00edos semanales: se lanzar\u00e1 un nuevo desaf\u00edo gratuito cada semana durante 12 semanas para que los jugadores los superen. Consigue una puntuaci\u00f3n alta en estos desaf\u00edos de combate, motos y hordas para obtener parches especiales que te har\u00e1n m\u00e1s fuerte. \u00a1Incluso puedes traer estos parches de vuelta al juego principal!<\/strong><\/li>\n<li><strong>Obtener una puntuaci\u00f3n m\u00e1s alta tambi\u00e9n te permitir\u00e1 obtener m\u00e1s cr\u00e9ditos para comprar m\u00e1scaras de personajes, m\u00e1scaras de bicicletas y anillos potenciadores que puedes usar en estos desaf\u00edos.<\/strong><\/li>\n<li><strong>Juega como Deacon St. John, un cazarrecompensas que se enfrenta a una lucha brutal por la supervivencia, en busca de una raz\u00f3n para vivir.<\/strong><\/li>\n<li><strong>Adem\u00e1s de vagabundos humanos, merodeadores y otros grupos, Deacon debe enfrentarse a un desierto invadido por Freakers: criaturas salvajes y sin sentido, m\u00e1s animales que humanos pero muy vivas y que evolucionan r\u00e1pidamente.<\/strong><\/li>\n<li><strong>El \u00e1spero desierto alto del noroeste del Pac\u00edfico ofrece una gran variedad de ambientes en una sola \u00e1rea geogr\u00e1fica<\/strong><\/li>\n<li><strong>En un minuto, Deacon puede estar cabalgando a trav\u00e9s de un bosque pr\u00edstino, un campo de nieve, un prado exuberante, y al siguiente, estar en los duros campos de lava del desierto.<\/strong><\/li>\n<li><strong>Los entornos peligrosos, marcados por millones de a\u00f1os de actividad volc\u00e1nica, est\u00e1n definidos por antiguos flujos de lava, monta\u00f1as, cuevas, acantilados y cuencas de r\u00edos, que brindan un tel\u00f3n de fondo impresionante para un estilo de juego igualmente diverso.<\/strong><\/li>\n<li><strong>Las minas de cinabrio, las cuevas de tubos de lava y los peque\u00f1os pueblos rurales ofrecen una variedad de entornos para explorar<\/strong><\/li>\n<li><strong>Days Gone, que es un ejemplo de juego real y de forma libre, ofrece libertad para explorar, crear estrategias y jugar \u00aba tu manera\u00bb. Cada desaf\u00edo se puede abordar y completar en un n\u00famero casi infinito de formas.<\/strong><\/li>\n<li><strong>Televisor 4K mejorado. Cuando se juega en un televisor 4K con PS4 Pro, Days Gone tiene una resoluci\u00f3n din\u00e1mica de 2160p.<\/strong><\/li>\n<li><strong>TV HD mejorada. Cuando se juega en un televisor HD con PS4 Pro, los jugadores pueden experimentar una mayor claridad de imagen a trav\u00e9s del supermuestreo de una imagen de mayor resoluci\u00f3n hasta 1080p.<\/strong><\/li>\n<li><strong>Compatible con HDR. Cuando se juega en una pantalla HDR, los jugadores pueden experimentar el mundo de Days Gone con iluminaci\u00f3n HDR y una amplia gama de colores.<\/strong><\/li>\n<li><strong>Auriculares Platinum (compatibilidad con audio 3D).<\/strong><\/li>\n<\/ul>\n<\/div>\n","protected":false},"excerpt":{"rendered":"<p>En un mundo devastado por una pandemia global, solo quedan unos pocos vestigios de humanidad en Ride or Die.\u00a0Deacon St. John, un motociclista fuera de la ley, hace de la<\/p>\n","protected":false},"featured_media":89622,"comment_status":"open","ping_status":"closed","template":"","meta":{"_acf_changed":false,"_joinchat":[]},"product_brand":[],"product_cat":[277,894],"product_tag":[],"class_list":{"0":"post-89621","1":"product","2":"type-product","3":"status-publish","4":"has-post-thumbnail","6":"product_cat-zona-gamer","7":"product_cat-videojuegos","9":"first","10":"instock","11":"sale","12":"shipping-taxable","13":"purchasable","14":"product-type-simple"},"acf":[],"_links":{"self":[{"href":"https:\/\/defabrica.com.mx\/defabrica\/wp-json\/wp\/v2\/product\/89621","targetHints":{"allow":["GET"]}}],"collection":[{"href":"https:\/\/defabrica.com.mx\/defabrica\/wp-json\/wp\/v2\/product"}],"about":[{"href":"https:\/\/defabrica.com.mx\/defabrica\/wp-json\/wp\/v2\/types\/product"}],"replies":[{"embeddable":true,"href":"https:\/\/defabrica.com.mx\/defabrica\/wp-json\/wp\/v2\/comments?post=89621"}],"wp:featuredmedia":[{"embeddable":true,"href":"https:\/\/defabrica.com.mx\/defabrica\/wp-json\/wp\/v2\/media\/89622"}],"wp:attachment":[{"href":"https:\/\/defabrica.com.mx\/defabrica\/wp-json\/wp\/v2\/media?parent=89621"}],"wp:term":[{"taxonomy":"product_brand","embeddable":true,"href":"https:\/\/defabrica.com.mx\/defabrica\/wp-json\/wp\/v2\/product_brand?post=89621"},{"taxonomy":"product_cat","embeddable":true,"href":"https:\/\/defabrica.com.mx\/defabrica\/wp-json\/wp\/v2\/product_cat?post=89621"},{"taxonomy":"product_tag","embeddable":true,"href":"https:\/\/defabrica.com.mx\/defabrica\/wp-json\/wp\/v2\/product_tag?post=89621"}],"curies":[{"name":"wp","href":"https:\/\/api.w.org\/{rel}","templated":true}]}}