{"id":89614,"date":"2022-07-15T07:22:52","date_gmt":"2022-07-15T12:22:52","guid":{"rendered":"https:\/\/defabrica.com.mx\/defabrica\/?post_type=product&#038;p=89614"},"modified":"2023-01-18T13:58:24","modified_gmt":"2023-01-18T19:58:24","slug":"edicion-estandar-de-demons-souls-playstation-5","status":"publish","type":"product","link":"https:\/\/defabrica.com.mx\/defabrica\/producto\/edicion-estandar-de-demons-souls-playstation-5\/","title":{"rendered":"Edici\u00f3n est\u00e1ndar de Demon&#8217;s Souls &#8211; PlayStation 5"},"content":{"rendered":"<p>De Bluepoint Games llega una nueva versi\u00f3n del cl\u00e1sico de PlayStation, Demon&#8217;s Souls.\u00a0Completamente reconstruido desde cero y mejorado magistralmente, este remake presenta los horrores de una tierra de fantas\u00eda oscura y cargada de niebla a toda una nueva generaci\u00f3n de jugadores.\u00a0Aquellos que han enfrentado sus pruebas y tribulaciones antes pueden desafiar una vez m\u00e1s la oscuridad con una calidad visual y un rendimiento sorprendentes.\u00a0En su b\u00fasqueda de poder, el 12\u00ba rey de Boletaria, el Rey Allant, canaliz\u00f3 las antiguas Artes del Alma, despertando a un demonio de los albores del tiempo, The Old One.\u00a0Con la invocaci\u00f3n de The Old One, una niebla incolora barri\u00f3 la tierra, desatando criaturas de pesadilla que ansiaban almas humanas.<\/p>\n<h3 class=\"heading-5 v-fw-regular feature-heading\"><strong>Caracter\u00edsticas<\/strong><\/h3>\n<ul>\n<li><strong>Descubre d\u00f3nde comenz\u00f3 el viaje: experimenta el desaf\u00edo brutal original completamente rehecho desde cero. Todo presentado en una calidad visual asombrosa con un rendimiento mejorado, este es el mundo de Boletaria como nunca antes lo hab\u00edas visto.<\/strong><\/li>\n<li><strong>Convi\u00e9rtete en el Asesino de Demonios: avent\u00farate en el reino norte\u00f1o de Boletaria, una tierra de caballeros que alguna vez fue pr\u00f3spera y ahora acosada por criaturas indescriptibles y demonios voraces. Conoce personajes extra\u00f1os, trastornados y retorcidos por el mundo que los rodea, y desentra\u00f1a la inquietante historia de Demon&#8217;s Souls.<\/strong><\/li>\n<li><strong>Domina las artes de la hechicer\u00eda y la guerra: perfecciona y perfecciona tus habilidades en combate. Sepa cu\u00e1ndo seguir adelante y cu\u00e1ndo esperar su momento, ya que con cada golpe fallado y error por descuido corre el riesgo de perder las almas que ha trabajado tan duro para recolectar.<\/strong><\/li>\n<li><strong>Sin embargo, las recompensas por matar a los enemigos m\u00e1s fuertes son inmensas, y la muerte no significa el final, es solo otro estado del ser.<\/strong><\/li>\n<li><strong>Enfr\u00e9ntate a los mejores guerreros del mundo en combates JcJ: las invasiones en l\u00ednea* aumentan el peligro de tu misi\u00f3n. O juega de forma cooperativa convocando aliados para que te ayuden en tu lucha contra los demonios.<\/strong><\/li>\n<\/ul>\n","protected":false},"excerpt":{"rendered":"<p>De Bluepoint Games llega una nueva versi\u00f3n del cl\u00e1sico de PlayStation, Demon&#8217;s Souls.\u00a0Completamente reconstruido desde cero y mejorado magistralmente, este remake presenta los horrores de una tierra de fantas\u00eda oscura<\/p>\n","protected":false},"featured_media":89615,"comment_status":"open","ping_status":"closed","template":"","meta":{"_acf_changed":false,"_joinchat":[]},"product_brand":[],"product_cat":[277,894],"product_tag":[],"class_list":{"0":"post-89614","1":"product","2":"type-product","3":"status-publish","4":"has-post-thumbnail","6":"product_cat-zona-gamer","7":"product_cat-videojuegos","9":"first","10":"instock","11":"sale","12":"shipping-taxable","13":"purchasable","14":"product-type-simple"},"acf":[],"_links":{"self":[{"href":"https:\/\/defabrica.com.mx\/defabrica\/wp-json\/wp\/v2\/product\/89614","targetHints":{"allow":["GET"]}}],"collection":[{"href":"https:\/\/defabrica.com.mx\/defabrica\/wp-json\/wp\/v2\/product"}],"about":[{"href":"https:\/\/defabrica.com.mx\/defabrica\/wp-json\/wp\/v2\/types\/product"}],"replies":[{"embeddable":true,"href":"https:\/\/defabrica.com.mx\/defabrica\/wp-json\/wp\/v2\/comments?post=89614"}],"wp:featuredmedia":[{"embeddable":true,"href":"https:\/\/defabrica.com.mx\/defabrica\/wp-json\/wp\/v2\/media\/89615"}],"wp:attachment":[{"href":"https:\/\/defabrica.com.mx\/defabrica\/wp-json\/wp\/v2\/media?parent=89614"}],"wp:term":[{"taxonomy":"product_brand","embeddable":true,"href":"https:\/\/defabrica.com.mx\/defabrica\/wp-json\/wp\/v2\/product_brand?post=89614"},{"taxonomy":"product_cat","embeddable":true,"href":"https:\/\/defabrica.com.mx\/defabrica\/wp-json\/wp\/v2\/product_cat?post=89614"},{"taxonomy":"product_tag","embeddable":true,"href":"https:\/\/defabrica.com.mx\/defabrica\/wp-json\/wp\/v2\/product_tag?post=89614"}],"curies":[{"name":"wp","href":"https:\/\/api.w.org\/{rel}","templated":true}]}}