{"id":89606,"date":"2022-07-15T07:13:32","date_gmt":"2022-07-15T12:13:32","guid":{"rendered":"https:\/\/defabrica.com.mx\/defabrica\/?post_type=product&#038;p=89606"},"modified":"2023-01-18T13:57:38","modified_gmt":"2023-01-18T19:57:38","slug":"sackboy-una-gran-aventura-playstation-4","status":"publish","type":"product","link":"https:\/\/defabrica.com.mx\/defabrica\/producto\/sackboy-una-gran-aventura-playstation-4\/","title":{"rendered":"Sackboy: Una gran aventura &#8211; PlayStation 4"},"content":{"rendered":"<div class=\"embedded-component-container lv product-description\">\n<div>\n<div id=\"shop-product-description-27718099\" class=\"_none\" data-version=\"1.3.46\">\n<div class=\"shop-product-description\">\n<section class=\"align-heading-left\" data-reactroot=\"\">\n<div class=\"long-description-container body-copy \">\n<div class=\"html-fragment\">Juega solo en una \u00e9pica carrera contra el tiempo llena de peligros y peligros, o crea equipos de dos a cuatro aventureros para un juego de fiesta lleno de diversi\u00f3n mientras trabajan juntos para superar tareas nefastas como puedas imaginar.<\/div>\n<\/div>\n<\/section>\n<\/div>\n<\/div>\n<\/div>\n<\/div>\n<div class=\"embedded-component-container lv product-features\">\n<h3><\/h3>\n<h3 class=\"heading-5 v-fw-regular feature-heading\"><strong>Caracter\u00edsticas<\/strong><\/h3>\n<ul>\n<li><strong>Experiencia de plataformas peligrosas<\/strong><br \/>\nExplora aqu\u00ed, all\u00e1 y en todas partes mientras utilizas el genial y diverso conjunto de movimientos de Sackboy para enfrentar una gran variedad de emocionantes desaf\u00edos, feroces enemigos y sorprendentes sorpresas.<\/li>\n<li><strong>Multijugador colaborativo, ca\u00f3tico y alegre.<\/strong><br \/>\nEnfr\u00e9ntate a desaf\u00edos emocionantes en juegos de grupo locales y en l\u00ednea*. Los grupos pueden jugar durante todo el juego, incluidos los niveles cooperativos imperdibles.<\/li>\n<li><strong>Relleno. cosido de nuevo. recomprimido<\/strong><br \/>\nSackboy regresa a lo grande repleto de nuevos movimientos y artilugios que cambian el juego en una aventura en 3D impresionante y francamente divertida en este mundo nuevo pero familiar.<\/li>\n<\/ul>\n<div class=\"embedded-component-container lv gift-with-purchase\">\n<div>\n<div id=\"pricing-gift-with-purchase-5195229\" class=\"_none\" data-version=\"1.2227.9\">\n<div class=\"pricing-gift-with-purchase\">\n<div data-reactroot=\"\"><\/div>\n<\/div>\n<\/div>\n<\/div>\n<\/div>\n<div class=\"embedded-component-container lv whats-included\"><\/div>\n<\/div>\n","protected":false},"excerpt":{"rendered":"<p>Juega solo en una \u00e9pica carrera contra el tiempo llena de peligros y peligros, o crea equipos de dos a cuatro aventureros para un juego de fiesta lleno de diversi\u00f3n<\/p>\n","protected":false},"featured_media":89607,"comment_status":"open","ping_status":"closed","template":"","meta":{"_acf_changed":false,"_joinchat":[]},"product_brand":[],"product_cat":[277,894],"product_tag":[],"class_list":{"0":"post-89606","1":"product","2":"type-product","3":"status-publish","4":"has-post-thumbnail","6":"product_cat-zona-gamer","7":"product_cat-videojuegos","9":"first","10":"instock","11":"sale","12":"shipping-taxable","13":"purchasable","14":"product-type-simple"},"acf":[],"_links":{"self":[{"href":"https:\/\/defabrica.com.mx\/defabrica\/wp-json\/wp\/v2\/product\/89606","targetHints":{"allow":["GET"]}}],"collection":[{"href":"https:\/\/defabrica.com.mx\/defabrica\/wp-json\/wp\/v2\/product"}],"about":[{"href":"https:\/\/defabrica.com.mx\/defabrica\/wp-json\/wp\/v2\/types\/product"}],"replies":[{"embeddable":true,"href":"https:\/\/defabrica.com.mx\/defabrica\/wp-json\/wp\/v2\/comments?post=89606"}],"wp:featuredmedia":[{"embeddable":true,"href":"https:\/\/defabrica.com.mx\/defabrica\/wp-json\/wp\/v2\/media\/89607"}],"wp:attachment":[{"href":"https:\/\/defabrica.com.mx\/defabrica\/wp-json\/wp\/v2\/media?parent=89606"}],"wp:term":[{"taxonomy":"product_brand","embeddable":true,"href":"https:\/\/defabrica.com.mx\/defabrica\/wp-json\/wp\/v2\/product_brand?post=89606"},{"taxonomy":"product_cat","embeddable":true,"href":"https:\/\/defabrica.com.mx\/defabrica\/wp-json\/wp\/v2\/product_cat?post=89606"},{"taxonomy":"product_tag","embeddable":true,"href":"https:\/\/defabrica.com.mx\/defabrica\/wp-json\/wp\/v2\/product_tag?post=89606"}],"curies":[{"name":"wp","href":"https:\/\/api.w.org\/{rel}","templated":true}]}}