{"id":89600,"date":"2022-07-15T07:09:06","date_gmt":"2022-07-15T12:09:06","guid":{"rendered":"https:\/\/defabrica.com.mx\/defabrica\/?post_type=product&#038;p=89600"},"modified":"2023-01-18T13:57:18","modified_gmt":"2023-01-18T19:57:18","slug":"sackboy-una-gran-aventura-estandar-playstation-5","status":"publish","type":"product","link":"https:\/\/defabrica.com.mx\/defabrica\/producto\/sackboy-una-gran-aventura-estandar-playstation-5\/","title":{"rendered":"Sackboy: Una gran aventura Est\u00e1ndar &#8211; PlayStation 5"},"content":{"rendered":"<div class=\"embedded-component-container lv product-description\">\n<div>\n<div id=\"shop-product-description-26885196\" class=\"_none\" data-version=\"1.3.46\">\n<div class=\"shop-product-description\">\n<section class=\"align-heading-left\" data-reactroot=\"\">\n<div class=\"long-description-container body-copy \">\n<div class=\"html-fragment\">Juega solo en una \u00e9pica carrera contra el tiempo repleta de peligros y peligros, o crea equipos de dos a cuatro aventureros para jugar en grupo lleno de diversi\u00f3n mientras trabajan juntos para superar tareas nefastas como puedas imaginar.<\/div>\n<\/div>\n<\/section>\n<\/div>\n<\/div>\n<\/div>\n<\/div>\n<div class=\"embedded-component-container lv product-features\">\n<h3><\/h3>\n<h3 class=\"heading-5 v-fw-regular feature-heading\"><strong>Caracter\u00edsticas<\/strong><\/h3>\n<ul>\n<li><strong>Enfr\u00e9ntate a desaf\u00edos emocionantes e impredecibles mientras exploras tierras artesanales distintivas a trav\u00e9s de controles expresivos y profundamente inmersivos.<\/strong><\/li>\n<li><strong>Experiencia de plataformas peligrosas: explore aqu\u00ed, all\u00e1 y en todas partes mientras utiliza el excelente y diverso conjunto de movimientos de Sackboy para enfrentar una variedad de desaf\u00edos emocionantes, enemigos feroces y sorpresas sorprendentes.<\/strong><\/li>\n<li><strong>Rellenado, vuelto a coser, vuelto a comprimir: Sackboy regresa al gran momento repleto de nuevos movimientos y dispositivos que cambian el juego en una aventura en 3D impresionante y francamente divertida en este mundo nuevo pero familiar.<\/strong><\/li>\n<li><strong>Para 1 jugador y soporte multijugador<\/strong><\/li>\n<\/ul>\n<\/div>\n","protected":false},"excerpt":{"rendered":"<p>Juega solo en una \u00e9pica carrera contra el tiempo repleta de peligros y peligros, o crea equipos de dos a cuatro aventureros para jugar en grupo lleno de diversi\u00f3n mientras<\/p>\n","protected":false},"featured_media":89601,"comment_status":"open","ping_status":"closed","template":"","meta":{"_acf_changed":false,"_joinchat":[]},"product_brand":[],"product_cat":[277,894],"product_tag":[],"class_list":{"0":"post-89600","1":"product","2":"type-product","3":"status-publish","4":"has-post-thumbnail","6":"product_cat-zona-gamer","7":"product_cat-videojuegos","9":"first","10":"instock","11":"sale","12":"shipping-taxable","13":"purchasable","14":"product-type-simple"},"acf":[],"_links":{"self":[{"href":"https:\/\/defabrica.com.mx\/defabrica\/wp-json\/wp\/v2\/product\/89600","targetHints":{"allow":["GET"]}}],"collection":[{"href":"https:\/\/defabrica.com.mx\/defabrica\/wp-json\/wp\/v2\/product"}],"about":[{"href":"https:\/\/defabrica.com.mx\/defabrica\/wp-json\/wp\/v2\/types\/product"}],"replies":[{"embeddable":true,"href":"https:\/\/defabrica.com.mx\/defabrica\/wp-json\/wp\/v2\/comments?post=89600"}],"wp:featuredmedia":[{"embeddable":true,"href":"https:\/\/defabrica.com.mx\/defabrica\/wp-json\/wp\/v2\/media\/89601"}],"wp:attachment":[{"href":"https:\/\/defabrica.com.mx\/defabrica\/wp-json\/wp\/v2\/media?parent=89600"}],"wp:term":[{"taxonomy":"product_brand","embeddable":true,"href":"https:\/\/defabrica.com.mx\/defabrica\/wp-json\/wp\/v2\/product_brand?post=89600"},{"taxonomy":"product_cat","embeddable":true,"href":"https:\/\/defabrica.com.mx\/defabrica\/wp-json\/wp\/v2\/product_cat?post=89600"},{"taxonomy":"product_tag","embeddable":true,"href":"https:\/\/defabrica.com.mx\/defabrica\/wp-json\/wp\/v2\/product_tag?post=89600"}],"curies":[{"name":"wp","href":"https:\/\/api.w.org\/{rel}","templated":true}]}}