{"id":89594,"date":"2022-07-15T07:05:25","date_gmt":"2022-07-15T12:05:25","guid":{"rendered":"https:\/\/defabrica.com.mx\/defabrica\/?post_type=product&#038;p=89594"},"modified":"2023-01-18T13:56:26","modified_gmt":"2023-01-18T19:56:26","slug":"mlb-the-show-22-edicion-mvp-playstation-4-playstation-5","status":"publish","type":"product","link":"https:\/\/defabrica.com.mx\/defabrica\/producto\/mlb-the-show-22-edicion-mvp-playstation-4-playstation-5\/","title":{"rendered":"MLB The Show 22 Edici\u00f3n MVP &#8211; PlayStation 4, PlayStation 5"},"content":{"rendered":"<div class=\"embedded-component-container lv product-description\">\n<div>\n<div id=\"shop-product-description-27643976\" class=\"_none\" data-version=\"1.3.46\">\n<div class=\"shop-product-description\">\n<section class=\"align-heading-left\" data-reactroot=\"\">\n<div class=\"long-description-container body-copy \">\n<div class=\"html-fragment\">Con el nuevo MLB The Show, hay m\u00e1s formas que nunca para que los jugadores jueguen: forme el equipo perfecto, re\u00fana a sus amigos para ver qui\u00e9n es el campe\u00f3n en el sof\u00e1 o en l\u00ednea, o pase una noche acumulando jonrones a medida que avanza su carrera a las grandes ligas en Road to the Show.\u00a0La edici\u00f3n incluye: acceso anticipado de cuatro d\u00edas, juego completo: disco de PS4 de titularidad doble + c\u00f3digo de PS5*, paquete One Diamond Choice, dos paquetes Gold Choice, paquete One Ballplayer, 10 paquetes The Show, recompensas de inicio de sesi\u00f3n diarias dobles, aspecto de murci\u00e9lago con tem\u00e1tica de atleta de portada, Talones de 10K.<\/div>\n<\/div>\n<\/section>\n<\/div>\n<\/div>\n<\/div>\n<\/div>\n<div class=\"embedded-component-container lv product-features\">\n<h3><\/h3>\n<h3 class=\"heading-5 v-fw-regular feature-heading\"><strong>Caracter\u00edsticas<\/strong><\/h3>\n<ul>\n<li><strong>Juega, colecciona y construye tu colecci\u00f3n de cartas de fantas\u00eda en Diamond Dynasty, y aseg\u00farate de probar el nuevo modo Mini Seasons.<\/strong><\/li>\n<li><strong>\u00a1Crea, personaliza y usa varios jugadores de pelota en m\u00e1s modos para ayudarte en tu progresi\u00f3n!<\/strong><\/li>\n<li><strong>Enfr\u00e9ntate a tus amigos con el juego multiplataforma.** Con la progresi\u00f3n cruzada, contin\u00faa tu progreso y gana y usa contenido en otras plataformas de consola.***<\/strong><\/li>\n<li><strong>\u00bfNovato? Los estilos de juego y la configuraci\u00f3n de dificultad ampliada te ayudan a dominar los conceptos b\u00e1sicos.<\/strong><\/li>\n<li><strong>Juega de marzo a octubre a tu estilo, con herramientas de modo actualizadas para utilizar uniformes personalizados, logotipos y estadios creados.<\/strong><\/li>\n<\/ul>\n<\/div>\n","protected":false},"excerpt":{"rendered":"<p>Con el nuevo MLB The Show, hay m\u00e1s formas que nunca para que los jugadores jueguen: forme el equipo perfecto, re\u00fana a sus amigos para ver qui\u00e9n es el campe\u00f3n<\/p>\n","protected":false},"featured_media":89599,"comment_status":"open","ping_status":"closed","template":"","meta":{"_acf_changed":false,"_joinchat":[]},"product_brand":[],"product_cat":[277,894],"product_tag":[],"class_list":{"0":"post-89594","1":"product","2":"type-product","3":"status-publish","4":"has-post-thumbnail","6":"product_cat-zona-gamer","7":"product_cat-videojuegos","9":"first","10":"instock","11":"sale","12":"shipping-taxable","13":"purchasable","14":"product-type-simple"},"acf":[],"_links":{"self":[{"href":"https:\/\/defabrica.com.mx\/defabrica\/wp-json\/wp\/v2\/product\/89594","targetHints":{"allow":["GET"]}}],"collection":[{"href":"https:\/\/defabrica.com.mx\/defabrica\/wp-json\/wp\/v2\/product"}],"about":[{"href":"https:\/\/defabrica.com.mx\/defabrica\/wp-json\/wp\/v2\/types\/product"}],"replies":[{"embeddable":true,"href":"https:\/\/defabrica.com.mx\/defabrica\/wp-json\/wp\/v2\/comments?post=89594"}],"wp:featuredmedia":[{"embeddable":true,"href":"https:\/\/defabrica.com.mx\/defabrica\/wp-json\/wp\/v2\/media\/89599"}],"wp:attachment":[{"href":"https:\/\/defabrica.com.mx\/defabrica\/wp-json\/wp\/v2\/media?parent=89594"}],"wp:term":[{"taxonomy":"product_brand","embeddable":true,"href":"https:\/\/defabrica.com.mx\/defabrica\/wp-json\/wp\/v2\/product_brand?post=89594"},{"taxonomy":"product_cat","embeddable":true,"href":"https:\/\/defabrica.com.mx\/defabrica\/wp-json\/wp\/v2\/product_cat?post=89594"},{"taxonomy":"product_tag","embeddable":true,"href":"https:\/\/defabrica.com.mx\/defabrica\/wp-json\/wp\/v2\/product_tag?post=89594"}],"curies":[{"name":"wp","href":"https:\/\/api.w.org\/{rel}","templated":true}]}}