{"id":89586,"date":"2022-07-15T06:56:13","date_gmt":"2022-07-15T11:56:13","guid":{"rendered":"https:\/\/defabrica.com.mx\/defabrica\/?post_type=product&#038;p=89586"},"modified":"2023-01-18T13:55:44","modified_gmt":"2023-01-18T19:55:44","slug":"gran-turismo-7-playstation-4","status":"publish","type":"product","link":"https:\/\/defabrica.com.mx\/defabrica\/producto\/gran-turismo-7-playstation-4\/","title":{"rendered":"Gran Turismo 7 &#8211; PlayStation 4"},"content":{"rendered":"<div class=\"embedded-component-container lv product-description\">\n<div>\n<div id=\"shop-product-description-58143303\" class=\"_none\" data-version=\"1.3.46\">\n<div class=\"shop-product-description\">\n<section class=\"align-heading-left\" data-reactroot=\"\">\n<div class=\"long-description-container body-copy \">\n<div class=\"html-fragment\">Gran Turismo 7 re\u00fane las mejores funciones de Real Driving Simulator.\u00a0Tanto si eres un corredor competitivo o casual, coleccionista, sintonizador, dise\u00f1ador de librea o fot\u00f3grafo, encuentra tu l\u00ednea con una asombrosa colecci\u00f3n de modos de juego que incluyen los favoritos de los fan\u00e1ticos como GT Campaign*, Arcade y Driving School*.<\/div>\n<\/div>\n<\/section>\n<\/div>\n<\/div>\n<\/div>\n<\/div>\n<div>\n<h3><\/h3>\n<h3 class=\"heading-5 v-fw-regular feature-heading\"><strong>Caracter\u00edsticas<\/strong><\/h3>\n<ul>\n<li><strong>Con la reintroducci\u00f3n del legendario modo de simulaci\u00f3n GT*, compre, ajuste, compita y venda su camino a trav\u00e9s de una gratificante campa\u00f1a en solitario mientras desbloquea nuevos autos y desaf\u00edos.<\/strong><\/li>\n<li><strong>Con m\u00e1s de 420 autos disponibles en Brand Central* y el concesionario de autos usados* desde el primer d\u00eda, Gran Turismo 7 recrea la apariencia de los motores cl\u00e1sicos y los superdeportivos de \u00faltima generaci\u00f3n con detalles incomparables.<\/strong><\/li>\n<li><strong>Cada autom\u00f3vil se maneja de manera diferente y se siente \u00fanico a medida que navega por m\u00e1s de 90 rutas de pista en condiciones clim\u00e1ticas din\u00e1micas, incluidos los recorridos cl\u00e1sicos de la historia de GT.<\/strong><\/li>\n<\/ul>\n<\/div>\n","protected":false},"excerpt":{"rendered":"<p>Gran Turismo 7 re\u00fane las mejores funciones de Real Driving Simulator.\u00a0Tanto si eres un corredor competitivo o casual, coleccionista, sintonizador, dise\u00f1ador de librea o fot\u00f3grafo, encuentra tu l\u00ednea con una<\/p>\n","protected":false},"featured_media":89587,"comment_status":"open","ping_status":"closed","template":"","meta":{"_acf_changed":false,"_joinchat":[]},"product_brand":[],"product_cat":[277,894],"product_tag":[],"class_list":{"0":"post-89586","1":"product","2":"type-product","3":"status-publish","4":"has-post-thumbnail","6":"product_cat-zona-gamer","7":"product_cat-videojuegos","9":"first","10":"instock","11":"sale","12":"shipping-taxable","13":"purchasable","14":"product-type-simple"},"acf":[],"_links":{"self":[{"href":"https:\/\/defabrica.com.mx\/defabrica\/wp-json\/wp\/v2\/product\/89586","targetHints":{"allow":["GET"]}}],"collection":[{"href":"https:\/\/defabrica.com.mx\/defabrica\/wp-json\/wp\/v2\/product"}],"about":[{"href":"https:\/\/defabrica.com.mx\/defabrica\/wp-json\/wp\/v2\/types\/product"}],"replies":[{"embeddable":true,"href":"https:\/\/defabrica.com.mx\/defabrica\/wp-json\/wp\/v2\/comments?post=89586"}],"wp:featuredmedia":[{"embeddable":true,"href":"https:\/\/defabrica.com.mx\/defabrica\/wp-json\/wp\/v2\/media\/89587"}],"wp:attachment":[{"href":"https:\/\/defabrica.com.mx\/defabrica\/wp-json\/wp\/v2\/media?parent=89586"}],"wp:term":[{"taxonomy":"product_brand","embeddable":true,"href":"https:\/\/defabrica.com.mx\/defabrica\/wp-json\/wp\/v2\/product_brand?post=89586"},{"taxonomy":"product_cat","embeddable":true,"href":"https:\/\/defabrica.com.mx\/defabrica\/wp-json\/wp\/v2\/product_cat?post=89586"},{"taxonomy":"product_tag","embeddable":true,"href":"https:\/\/defabrica.com.mx\/defabrica\/wp-json\/wp\/v2\/product_tag?post=89586"}],"curies":[{"name":"wp","href":"https:\/\/api.w.org\/{rel}","templated":true}]}}