{"id":89578,"date":"2022-07-15T06:52:30","date_gmt":"2022-07-15T11:52:30","guid":{"rendered":"https:\/\/defabrica.com.mx\/defabrica\/?post_type=product&#038;p=89578"},"modified":"2023-01-18T13:55:25","modified_gmt":"2023-01-18T19:55:25","slug":"death-stranding-directors-cut-playstation-5","status":"publish","type":"product","link":"https:\/\/defabrica.com.mx\/defabrica\/producto\/death-stranding-directors-cut-playstation-5\/","title":{"rendered":"Death Stranding Director\u2019s Cut &#8211; PlayStation 5"},"content":{"rendered":"<div class=\"embedded-component-container lv product-description\">\n<div>\n<div id=\"shop-product-description-59608247\" class=\"_none\" data-version=\"1.3.46\">\n<div class=\"shop-product-description\">\n<section class=\"align-heading-left\" data-reactroot=\"\">\n<div class=\"long-description-container body-copy \">\n<div class=\"html-fragment\">Del legendario creador de juegos Hideo Kojima llega una experiencia que desaf\u00eda el g\u00e9nero, ahora ampliada y remasterizada para la consola PlayStation\u00ae5 en este Director&#8217;s Cut definitivo.<\/div>\n<\/div>\n<\/section>\n<\/div>\n<\/div>\n<\/div>\n<\/div>\n<div class=\"embedded-component-container lv product-features\">\n<h3><\/h3>\n<h3 class=\"heading-5 v-fw-regular feature-heading\"><strong>Caracter\u00edsticas<\/strong><\/h3>\n<ul>\n<li><strong>Remasterizado para la consola PlayStation\u00ae5: disfruta del combate avanzado y un nuevo sistema de clasificaci\u00f3n competitivo.*<\/strong><\/li>\n<li><strong>Contenido ampliado: usa armas y veh\u00edculos adicionales, enfr\u00e9ntate a nuevos enemigos y explora nuevas ubicaciones con misiones adicionales y minijuegos.<\/strong><\/li>\n<li><strong>Nuevos descubrimientos: experimente una historia extendida en un \u00e1rea ampliada.<\/strong><\/li>\n<li><strong>Sistema Social Strand: mant\u00e9ngase conectado con jugadores de todo el mundo.*<\/strong><\/li>\n<li><strong>Experimente los efectos ambientales con la retroalimentaci\u00f3n h\u00e1ptica del controlador inal\u00e1mbrico DualSense\u2122 y escuche c\u00f3mo los efectos de sonido cobran vida en 3D Audio (requiere auriculares compatibles).<\/strong><\/li>\n<\/ul>\n<\/div>\n","protected":false},"excerpt":{"rendered":"<p>Del legendario creador de juegos Hideo Kojima llega una experiencia que desaf\u00eda el g\u00e9nero, ahora ampliada y remasterizada para la consola PlayStation\u00ae5 en este Director&#8217;s Cut definitivo. Caracter\u00edsticas Remasterizado para<\/p>\n","protected":false},"featured_media":89585,"comment_status":"open","ping_status":"closed","template":"","meta":{"_acf_changed":false,"_joinchat":[]},"product_brand":[],"product_cat":[277,894],"product_tag":[],"class_list":{"0":"post-89578","1":"product","2":"type-product","3":"status-publish","4":"has-post-thumbnail","6":"product_cat-zona-gamer","7":"product_cat-videojuegos","9":"first","10":"instock","11":"sale","12":"shipping-taxable","13":"purchasable","14":"product-type-simple"},"acf":[],"_links":{"self":[{"href":"https:\/\/defabrica.com.mx\/defabrica\/wp-json\/wp\/v2\/product\/89578","targetHints":{"allow":["GET"]}}],"collection":[{"href":"https:\/\/defabrica.com.mx\/defabrica\/wp-json\/wp\/v2\/product"}],"about":[{"href":"https:\/\/defabrica.com.mx\/defabrica\/wp-json\/wp\/v2\/types\/product"}],"replies":[{"embeddable":true,"href":"https:\/\/defabrica.com.mx\/defabrica\/wp-json\/wp\/v2\/comments?post=89578"}],"wp:featuredmedia":[{"embeddable":true,"href":"https:\/\/defabrica.com.mx\/defabrica\/wp-json\/wp\/v2\/media\/89585"}],"wp:attachment":[{"href":"https:\/\/defabrica.com.mx\/defabrica\/wp-json\/wp\/v2\/media?parent=89578"}],"wp:term":[{"taxonomy":"product_brand","embeddable":true,"href":"https:\/\/defabrica.com.mx\/defabrica\/wp-json\/wp\/v2\/product_brand?post=89578"},{"taxonomy":"product_cat","embeddable":true,"href":"https:\/\/defabrica.com.mx\/defabrica\/wp-json\/wp\/v2\/product_cat?post=89578"},{"taxonomy":"product_tag","embeddable":true,"href":"https:\/\/defabrica.com.mx\/defabrica\/wp-json\/wp\/v2\/product_tag?post=89578"}],"curies":[{"name":"wp","href":"https:\/\/api.w.org\/{rel}","templated":true}]}}