{"id":89572,"date":"2022-07-15T06:47:53","date_gmt":"2022-07-15T11:47:53","guid":{"rendered":"https:\/\/defabrica.com.mx\/defabrica\/?post_type=product&#038;p=89572"},"modified":"2023-01-18T13:55:07","modified_gmt":"2023-01-18T19:55:07","slug":"edicion-de-lanzamiento-de-horizon-forbidden-west-playstation-5","status":"publish","type":"product","link":"https:\/\/defabrica.com.mx\/defabrica\/producto\/edicion-de-lanzamiento-de-horizon-forbidden-west-playstation-5\/","title":{"rendered":"Edici\u00f3n de lanzamiento de Horizon Forbidden West &#8211; PlayStation 5"},"content":{"rendered":"<div class=\"embedded-component-container lv product-description\">\n<div>\n<div id=\"shop-product-description-77470492\" class=\"_none\" data-version=\"1.3.46\">\n<div class=\"shop-product-description\">\n<section class=\"align-heading-left\" data-reactroot=\"\">\n<div class=\"long-description-container body-copy \">\n<div class=\"html-fragment\">C\u00f3mpralo en el lanzamiento para recibir estos bonos digitales*: atuendo de Nora Legacy, lanza de Nora Legacy<\/div>\n<\/div>\n<\/section>\n<\/div>\n<\/div>\n<\/div>\n<\/div>\n<div class=\"embedded-component-container lv product-features\">\n<h3><\/h3>\n<h3 class=\"heading-5 v-fw-regular feature-heading\"><strong>Caracter\u00edsticas<\/strong><\/h3>\n<ul>\n<li><strong>Caracter\u00edsticas de PS5:<\/strong><br \/>\nCarga m\u00e1s r\u00e1pida: viaje r\u00e1pido por el mapa y vuelva al juego casi al instante<\/li>\n<li><strong>Im\u00e1genes impresionantes: experimente el vasto mundo de Horizon Forbidden West en impresionantes 4K y HDR.**<\/strong><\/li>\n<li><strong>Disparadores adaptables: ac\u00e9rquese a cada pelea que Aloy enfrenta con la retroalimentaci\u00f3n h\u00e1ptica del controlador inal\u00e1mbrico DualSense \u2122.<\/strong><\/li>\n<li><strong>Retroalimentaci\u00f3n h\u00e1ptica: disfrute de un nuevo nivel de inmersi\u00f3n cuando interact\u00fae con diferentes objetos usando los disparadores adaptativos del controlador inal\u00e1mbrico DualSense<\/strong><\/li>\n<li><strong>Tempest 3D AudioTech: escucha c\u00f3mo los paisajes de Horizon Forbidden West cobran vida a tu alrededor<\/strong><\/li>\n<\/ul>\n<\/div>\n","protected":false},"excerpt":{"rendered":"<p>C\u00f3mpralo en el lanzamiento para recibir estos bonos digitales*: atuendo de Nora Legacy, lanza de Nora Legacy Caracter\u00edsticas Caracter\u00edsticas de PS5: Carga m\u00e1s r\u00e1pida: viaje r\u00e1pido por el mapa y<\/p>\n","protected":false},"featured_media":89573,"comment_status":"open","ping_status":"closed","template":"","meta":{"_acf_changed":false,"_joinchat":[]},"product_brand":[],"product_cat":[277,894],"product_tag":[],"class_list":{"0":"post-89572","1":"product","2":"type-product","3":"status-publish","4":"has-post-thumbnail","6":"product_cat-zona-gamer","7":"product_cat-videojuegos","9":"first","10":"instock","11":"sale","12":"shipping-taxable","13":"purchasable","14":"product-type-simple"},"acf":[],"_links":{"self":[{"href":"https:\/\/defabrica.com.mx\/defabrica\/wp-json\/wp\/v2\/product\/89572","targetHints":{"allow":["GET"]}}],"collection":[{"href":"https:\/\/defabrica.com.mx\/defabrica\/wp-json\/wp\/v2\/product"}],"about":[{"href":"https:\/\/defabrica.com.mx\/defabrica\/wp-json\/wp\/v2\/types\/product"}],"replies":[{"embeddable":true,"href":"https:\/\/defabrica.com.mx\/defabrica\/wp-json\/wp\/v2\/comments?post=89572"}],"wp:featuredmedia":[{"embeddable":true,"href":"https:\/\/defabrica.com.mx\/defabrica\/wp-json\/wp\/v2\/media\/89573"}],"wp:attachment":[{"href":"https:\/\/defabrica.com.mx\/defabrica\/wp-json\/wp\/v2\/media?parent=89572"}],"wp:term":[{"taxonomy":"product_brand","embeddable":true,"href":"https:\/\/defabrica.com.mx\/defabrica\/wp-json\/wp\/v2\/product_brand?post=89572"},{"taxonomy":"product_cat","embeddable":true,"href":"https:\/\/defabrica.com.mx\/defabrica\/wp-json\/wp\/v2\/product_cat?post=89572"},{"taxonomy":"product_tag","embeddable":true,"href":"https:\/\/defabrica.com.mx\/defabrica\/wp-json\/wp\/v2\/product_tag?post=89572"}],"curies":[{"name":"wp","href":"https:\/\/api.w.org\/{rel}","templated":true}]}}