{"id":89567,"date":"2022-07-15T06:43:44","date_gmt":"2022-07-15T11:43:44","guid":{"rendered":"https:\/\/defabrica.com.mx\/defabrica\/?post_type=product&#038;p=89567"},"modified":"2023-01-18T13:54:46","modified_gmt":"2023-01-18T19:54:46","slug":"gran-turismo-7-playstation-5","status":"publish","type":"product","link":"https:\/\/defabrica.com.mx\/defabrica\/producto\/gran-turismo-7-playstation-5\/","title":{"rendered":"Gran Turismo 7 &#8211; PlayStation 5"},"content":{"rendered":"<div class=\"embedded-component-container lv product-description\">\n<div>\n<div id=\"shop-product-description-9305419\" class=\"_none\" data-version=\"1.3.46\">\n<div class=\"shop-product-description\">\n<section class=\"align-heading-left\" data-reactroot=\"\">\n<div class=\"long-description-container body-copy \">\n<div class=\"html-fragment\">Gran Turismo 7 re\u00fane las mejores funciones de Real Driving Simulator.\u00a0Tanto si eres un corredor competitivo o casual, coleccionista, sintonizador, dise\u00f1ador de librea o fot\u00f3grafo, encuentra tu l\u00ednea con una asombrosa colecci\u00f3n de modos de juego que incluyen los favoritos de los fan\u00e1ticos como GT Campaign*, Arcade y Driving School*.<\/div>\n<\/div>\n<\/section>\n<\/div>\n<\/div>\n<\/div>\n<\/div>\n<div class=\"embedded-component-container lv product-features\">\n<h3><\/h3>\n<h3 class=\"heading-5 v-fw-regular feature-heading\"><strong>Caracter\u00edsticas<\/strong><\/h3>\n<ul>\n<li><strong>Impresionantes efectos visuales<\/strong><br \/>\nMire al conductor en su espejo retrovisor y observe c\u00f3mo el sol se refleja en las curvas de la carrocer\u00eda de su autom\u00f3vil, con soporte para 4K y HDR a una velocidad de cuadros espec\u00edfica de 60 fps.* Tambi\u00e9n puede tomar fotos incre\u00edblemente realistas con el poder del trazado de rayos. en PS5.<\/li>\n<li><strong>Carga r\u00e1pida<\/strong><br \/>\nEl SSD de velocidad ultrarr\u00e1pida de la consola PS5 le permite iniciar r\u00e1pidamente eventos de carrera, reunirse en los lobbies, navegar por su garaje y navegar sin problemas por los modos y men\u00fas de GT7.<\/li>\n<li><strong>Disparadores adaptativos<\/strong><br \/>\nSiente la vibraci\u00f3n del sistema de frenos antibloqueo y los giros de las ruedas, y la variaci\u00f3n en la resistencia de frenado de cada autom\u00f3vil diferente, todo a trav\u00e9s de los activadores adaptativos de tu controlador inal\u00e1mbrico DualSense.<\/li>\n<li><strong>Retroalimentaci\u00f3n h\u00e1ptica<\/strong><br \/>\nDesde los sutiles ba\u00a0ches del asfalto hasta los surcos del bordillo, siente tu posici\u00f3n en la carretera a trav\u00e9s de una retroalimentaci\u00f3n h\u00e1ptica inmersiva.<\/li>\n<li><strong>Tempestad 3D AudioTech<\/strong><br \/>\nSiente la posici\u00f3n de otros autos y conductores en la carretera con una claridad incomparable a trav\u00e9s del audio 3D de la consola PS5.**<\/li>\n<\/ul>\n<\/div>\n","protected":false},"excerpt":{"rendered":"<p>Gran Turismo 7 re\u00fane las mejores funciones de Real Driving Simulator.\u00a0Tanto si eres un corredor competitivo o casual, coleccionista, sintonizador, dise\u00f1ador de librea o fot\u00f3grafo, encuentra tu l\u00ednea con una<\/p>\n","protected":false},"featured_media":89568,"comment_status":"open","ping_status":"closed","template":"","meta":{"_acf_changed":false,"_joinchat":[]},"product_brand":[],"product_cat":[277,894],"product_tag":[],"class_list":{"0":"post-89567","1":"product","2":"type-product","3":"status-publish","4":"has-post-thumbnail","6":"product_cat-zona-gamer","7":"product_cat-videojuegos","9":"first","10":"instock","11":"sale","12":"shipping-taxable","13":"purchasable","14":"product-type-simple"},"acf":[],"_links":{"self":[{"href":"https:\/\/defabrica.com.mx\/defabrica\/wp-json\/wp\/v2\/product\/89567","targetHints":{"allow":["GET"]}}],"collection":[{"href":"https:\/\/defabrica.com.mx\/defabrica\/wp-json\/wp\/v2\/product"}],"about":[{"href":"https:\/\/defabrica.com.mx\/defabrica\/wp-json\/wp\/v2\/types\/product"}],"replies":[{"embeddable":true,"href":"https:\/\/defabrica.com.mx\/defabrica\/wp-json\/wp\/v2\/comments?post=89567"}],"wp:featuredmedia":[{"embeddable":true,"href":"https:\/\/defabrica.com.mx\/defabrica\/wp-json\/wp\/v2\/media\/89568"}],"wp:attachment":[{"href":"https:\/\/defabrica.com.mx\/defabrica\/wp-json\/wp\/v2\/media?parent=89567"}],"wp:term":[{"taxonomy":"product_brand","embeddable":true,"href":"https:\/\/defabrica.com.mx\/defabrica\/wp-json\/wp\/v2\/product_brand?post=89567"},{"taxonomy":"product_cat","embeddable":true,"href":"https:\/\/defabrica.com.mx\/defabrica\/wp-json\/wp\/v2\/product_cat?post=89567"},{"taxonomy":"product_tag","embeddable":true,"href":"https:\/\/defabrica.com.mx\/defabrica\/wp-json\/wp\/v2\/product_tag?post=89567"}],"curies":[{"name":"wp","href":"https:\/\/api.w.org\/{rel}","templated":true}]}}