{"id":89560,"date":"2022-07-15T06:39:04","date_gmt":"2022-07-15T11:39:04","guid":{"rendered":"https:\/\/defabrica.com.mx\/defabrica\/?post_type=product&#038;p=89560"},"modified":"2023-01-18T13:54:23","modified_gmt":"2023-01-18T19:54:23","slug":"uncharted-coleccion-legacy-of-thieves-playstation-5","status":"publish","type":"product","link":"https:\/\/defabrica.com.mx\/defabrica\/producto\/uncharted-coleccion-legacy-of-thieves-playstation-5\/","title":{"rendered":"UNCHARTED: Colecci\u00f3n Legacy of Thieves &#8211; PlayStation 5"},"content":{"rendered":"<p>Busca tu fortuna y deja tu huella en el mapa en UNCHARTED: Legacy of Thieves Collection.\u00a0Descubre la emocionante narraci\u00f3n cinematogr\u00e1fica y las escenas de acci\u00f3n m\u00e1s taquilleras de la franquicia UNCHARTED, llenas de ingenio, astucia y momentos extraordinarios de los amados ladrones: Nathan Drake y Chloe Frazer.\u00a0En una experiencia brindada por el galardonado desarrollador Naughty Dog, UNCHARTED: Legacy of Thieves Collection incluye las dos aventuras para un jugador aclamadas por la cr\u00edtica y trotamundos de UNCHARTED 4: A Thief&#8217;s End y UNCHARTED: The Lost Legacy.\u00a0Cada historia est\u00e1 llena de risas, drama, combates de alto octanaje y una sensaci\u00f3n de asombro, remasterizada para ser a\u00fan m\u00e1s inmersiva.<\/p>\n<h3 class=\"heading-5 v-fw-regular feature-heading\"><strong>Caracter\u00edsticas<\/strong><\/h3>\n<ul>\n<li><strong>Caracter\u00edsticas de PS5<\/strong><br \/>\nSiente c\u00f3mo se desarrolla la acci\u00f3n con la retroalimentaci\u00f3n h\u00e1ptica del controlador inal\u00e1mbrico DualSense a trav\u00e9s de golpes, b\u00f3vedas y recorridos vehiculares. Experimente la tensi\u00f3n en los columpios de cuerda a trav\u00e9s de gatillos adaptativos din\u00e1micos.<\/li>\n<li><strong>Regrese a la aventura r\u00e1pidamente con el SSD de ultra alta velocidad de la consola PS5 y los tiempos de carga casi instant\u00e1neos.<\/strong><\/li>\n<li><strong>Escucha c\u00f3mo el mundo de UNCHARTED: Legacy of Thieves Collection cobra vida a tu alrededor con 3D Audio.<\/strong><\/li>\n<li><strong>Juega en una resoluci\u00f3n 4K nativa s\u00faper n\u00edtida con una velocidad de fotogramas objetivo de 30 fps.<\/strong><\/li>\n<li><strong>Juega con una velocidad de fotogramas objetivo uniforme de 60 fps.<\/strong><\/li>\n<\/ul>\n","protected":false},"excerpt":{"rendered":"<p>Busca tu fortuna y deja tu huella en el mapa en UNCHARTED: Legacy of Thieves Collection.\u00a0Descubre la emocionante narraci\u00f3n cinematogr\u00e1fica y las escenas de acci\u00f3n m\u00e1s taquilleras de la franquicia<\/p>\n","protected":false},"featured_media":89561,"comment_status":"open","ping_status":"closed","template":"","meta":{"_acf_changed":false,"_joinchat":[]},"product_brand":[],"product_cat":[277,894],"product_tag":[],"class_list":{"0":"post-89560","1":"product","2":"type-product","3":"status-publish","4":"has-post-thumbnail","6":"product_cat-zona-gamer","7":"product_cat-videojuegos","9":"first","10":"instock","11":"sale","12":"shipping-taxable","13":"purchasable","14":"product-type-simple"},"acf":[],"_links":{"self":[{"href":"https:\/\/defabrica.com.mx\/defabrica\/wp-json\/wp\/v2\/product\/89560","targetHints":{"allow":["GET"]}}],"collection":[{"href":"https:\/\/defabrica.com.mx\/defabrica\/wp-json\/wp\/v2\/product"}],"about":[{"href":"https:\/\/defabrica.com.mx\/defabrica\/wp-json\/wp\/v2\/types\/product"}],"replies":[{"embeddable":true,"href":"https:\/\/defabrica.com.mx\/defabrica\/wp-json\/wp\/v2\/comments?post=89560"}],"wp:featuredmedia":[{"embeddable":true,"href":"https:\/\/defabrica.com.mx\/defabrica\/wp-json\/wp\/v2\/media\/89561"}],"wp:attachment":[{"href":"https:\/\/defabrica.com.mx\/defabrica\/wp-json\/wp\/v2\/media?parent=89560"}],"wp:term":[{"taxonomy":"product_brand","embeddable":true,"href":"https:\/\/defabrica.com.mx\/defabrica\/wp-json\/wp\/v2\/product_brand?post=89560"},{"taxonomy":"product_cat","embeddable":true,"href":"https:\/\/defabrica.com.mx\/defabrica\/wp-json\/wp\/v2\/product_cat?post=89560"},{"taxonomy":"product_tag","embeddable":true,"href":"https:\/\/defabrica.com.mx\/defabrica\/wp-json\/wp\/v2\/product_tag?post=89560"}],"curies":[{"name":"wp","href":"https:\/\/api.w.org\/{rel}","templated":true}]}}