{"id":89548,"date":"2022-07-15T06:21:44","date_gmt":"2022-07-15T11:21:44","guid":{"rendered":"https:\/\/defabrica.com.mx\/defabrica\/?post_type=product&#038;p=89548"},"modified":"2022-07-15T06:21:45","modified_gmt":"2022-07-15T11:21:45","slug":"danganronpa-decadence-nintendo-switch","status":"publish","type":"product","link":"https:\/\/defabrica.com.mx\/defabrica\/producto\/danganronpa-decadence-nintendo-switch\/","title":{"rendered":"Danganronpa Decadence &#8211; Nintendo Switch"},"content":{"rendered":"<p>\u00a1Ya es hora de que llevemos la tan esperada batalla entre la esperanza y la desesperaci\u00f3n a Nintendo Switch!\u00a0Danganronpa Decadence contiene los tres t\u00edtulos principales de la legendaria franquicia Danganronpa , un juego de bonificaci\u00f3n al estilo de un juego de mesa con escenas e interacciones completamente nuevas entre tus personajes favoritos. Celebra el d\u00e9cimo aniversario de Danganronpa con este paquete exclusivo de cuatro juegos en uno para Nintendo Switch.<\/p>\n<h3 class=\"heading-5 v-fw-regular feature-heading\"><strong>Caracter\u00edsticas<\/strong><\/h3>\n<ul>\n<li><strong>En Danganronpa 1, 2 y V3, t\u00fa y tus compa\u00f1eros de clase deben participar en un juego de matar; \u00a1La \u00fanica forma de sobrevivir es identificar correctamente al asesino durante la prueba de clase y ser el \u00faltimo en pie!<\/strong><\/li>\n<li><strong>\u00a1Cada juego viene con una funci\u00f3n de galer\u00eda que te permite ver ilustraciones de eventos, escenas y escuchar di\u00e1logos expresados!<\/strong><\/li>\n<li><strong>\u00a1Incluye Danganronpa S: Ultimate Summer Camp, el t\u00edtulo del d\u00e9cimo aniversario que es una versi\u00f3n ampliada del contenido adicional del Plan de desarrollo de talentos definitivo de Danganronpa V3!<\/strong><\/li>\n<li><strong>Incluye texto en ingl\u00e9s y audio en japon\u00e9s e ingl\u00e9s.<\/strong><\/li>\n<\/ul>\n","protected":false},"excerpt":{"rendered":"<p>\u00a1Ya es hora de que llevemos la tan esperada batalla entre la esperanza y la desesperaci\u00f3n a Nintendo Switch!\u00a0Danganronpa Decadence contiene los tres t\u00edtulos principales de la legendaria franquicia Danganronpa<\/p>\n","protected":false},"featured_media":89549,"comment_status":"open","ping_status":"closed","template":"","meta":{"_acf_changed":false,"_joinchat":[]},"product_brand":[],"product_cat":[277,894],"product_tag":[],"class_list":{"0":"post-89548","1":"product","2":"type-product","3":"status-publish","4":"has-post-thumbnail","6":"product_cat-zona-gamer","7":"product_cat-videojuegos","9":"first","10":"instock","11":"sale","12":"shipping-taxable","13":"purchasable","14":"product-type-simple"},"acf":[],"_links":{"self":[{"href":"https:\/\/defabrica.com.mx\/defabrica\/wp-json\/wp\/v2\/product\/89548","targetHints":{"allow":["GET"]}}],"collection":[{"href":"https:\/\/defabrica.com.mx\/defabrica\/wp-json\/wp\/v2\/product"}],"about":[{"href":"https:\/\/defabrica.com.mx\/defabrica\/wp-json\/wp\/v2\/types\/product"}],"replies":[{"embeddable":true,"href":"https:\/\/defabrica.com.mx\/defabrica\/wp-json\/wp\/v2\/comments?post=89548"}],"wp:featuredmedia":[{"embeddable":true,"href":"https:\/\/defabrica.com.mx\/defabrica\/wp-json\/wp\/v2\/media\/89549"}],"wp:attachment":[{"href":"https:\/\/defabrica.com.mx\/defabrica\/wp-json\/wp\/v2\/media?parent=89548"}],"wp:term":[{"taxonomy":"product_brand","embeddable":true,"href":"https:\/\/defabrica.com.mx\/defabrica\/wp-json\/wp\/v2\/product_brand?post=89548"},{"taxonomy":"product_cat","embeddable":true,"href":"https:\/\/defabrica.com.mx\/defabrica\/wp-json\/wp\/v2\/product_cat?post=89548"},{"taxonomy":"product_tag","embeddable":true,"href":"https:\/\/defabrica.com.mx\/defabrica\/wp-json\/wp\/v2\/product_tag?post=89548"}],"curies":[{"name":"wp","href":"https:\/\/api.w.org\/{rel}","templated":true}]}}