{"id":89529,"date":"2022-07-15T01:06:20","date_gmt":"2022-07-15T06:06:20","guid":{"rendered":"https:\/\/defabrica.com.mx\/defabrica\/?post_type=product&#038;p=89529"},"modified":"2023-01-18T13:52:24","modified_gmt":"2023-01-18T19:52:24","slug":"redragon-s101-5-paquete-de-teclado-para-juegos-con-cable-y-mouse-optico-para-juegos-con-retroiluminacion-rgb-negro","status":"publish","type":"product","link":"https:\/\/defabrica.com.mx\/defabrica\/producto\/redragon-s101-5-paquete-de-teclado-para-juegos-con-cable-y-mouse-optico-para-juegos-con-retroiluminacion-rgb-negro\/","title":{"rendered":"REDRAGON &#8211; S101-5 Paquete de teclado para juegos con cable y mouse \u00f3ptico para juegos con retroiluminaci\u00f3n RGB &#8211; Negro"},"content":{"rendered":"<div class=\"embedded-component-container lv product-description\">\n<div>\n<div id=\"shop-product-description-44369260\" class=\"_none\" data-version=\"1.3.46\">\n<div class=\"shop-product-description\">\n<section class=\"align-heading-left\" data-reactroot=\"\">\n<div class=\"long-description-container body-copy \">\n<div class=\"html-fragment\">El combo de teclado y mouse para juegos con cable Redragon S101-5 incluye un teclado para juegos de computadora con retroiluminaci\u00f3n RGB Redragon y un mouse para juegos con retroiluminaci\u00f3n RGB.\u00a0Hardware de grado profesional a un precio b\u00e1sico, \u00a1fant\u00e1stico para jugadores de todos los niveles!<\/div>\n<\/div>\n<\/section>\n<\/div>\n<\/div>\n<\/div>\n<\/div>\n<div class=\"embedded-component-container lv product-features\">\n<h3><\/h3>\n<h3 class=\"heading-5 v-fw-regular feature-heading\"><strong>Caracter\u00edsticas<\/strong><\/h3>\n<ul>\n<li><strong>Rat\u00f3n \u00f3ptico con cable de 7200 ppp<\/strong><br \/>\nCuenta con DPI ajustable (800\/1200\/1600\/2400\/7200), 6 botones programables, pesas de ajuste y suaves almohadillas de tefl\u00f3n.<\/li>\n<li><strong>114 teclas est\u00e1ndar<\/strong><br \/>\nProporciona 10 teclas de acceso directo, 12 teclas FN multimedia y 25 teclas de rollover.<\/li>\n<li><strong>Compatible con Windows<\/strong><br \/>\nFunciona con Windows XP\/Vista\/Windows 7\/Windows 8\/Windows 10<\/li>\n<li><strong>Dise\u00f1o de teclado est\u00e1ndar de tama\u00f1o completo<\/strong><br \/>\nDise\u00f1o de tama\u00f1o completo con teclado num\u00e9rico completo<\/li>\n<li><strong>Interfaz USB 2.0<\/strong><br \/>\nProporciona una conexi\u00f3n por cable simple a su computadora<\/li>\n<li><strong>Dise\u00f1o resistente a derrames<\/strong><br \/>\nLos accidentes ocurren, por lo que el teclado S101-5 est\u00e1 dise\u00f1ado para soportar el derrame de l\u00edquido promedio<\/li>\n<li><strong>Teclas dise\u00f1adas con precisi\u00f3n<\/strong><br \/>\nOfrece retroiluminaci\u00f3n y letras transparentes y uniformes que no se desgastan.<\/li>\n<li><strong>Retroiluminaci\u00f3n LED RGB<\/strong><br \/>\nCuenta con 7 modos y efectos de iluminaci\u00f3n RGB diferentes, 4 niveles de brillo de retroiluminaci\u00f3n y velocidad de respiraci\u00f3n ajustable.<\/li>\n<\/ul>\n<\/div>\n","protected":false},"excerpt":{"rendered":"<p>El combo de teclado y mouse para juegos con cable Redragon S101-5 incluye un teclado para juegos de computadora con retroiluminaci\u00f3n RGB Redragon y un mouse para juegos con retroiluminaci\u00f3n<\/p>\n","protected":false},"featured_media":89530,"comment_status":"open","ping_status":"closed","template":"","meta":{"_acf_changed":false,"_joinchat":[]},"product_brand":[],"product_cat":[277,280,434],"product_tag":[],"class_list":{"0":"post-89529","1":"product","2":"type-product","3":"status-publish","4":"has-post-thumbnail","6":"product_cat-zona-gamer","7":"product_cat-pc-gaming","8":"product_cat-mouse-y-teclado-gamer","10":"first","11":"instock","12":"sale","13":"shipping-taxable","14":"purchasable","15":"product-type-simple"},"acf":[],"_links":{"self":[{"href":"https:\/\/defabrica.com.mx\/defabrica\/wp-json\/wp\/v2\/product\/89529","targetHints":{"allow":["GET"]}}],"collection":[{"href":"https:\/\/defabrica.com.mx\/defabrica\/wp-json\/wp\/v2\/product"}],"about":[{"href":"https:\/\/defabrica.com.mx\/defabrica\/wp-json\/wp\/v2\/types\/product"}],"replies":[{"embeddable":true,"href":"https:\/\/defabrica.com.mx\/defabrica\/wp-json\/wp\/v2\/comments?post=89529"}],"wp:featuredmedia":[{"embeddable":true,"href":"https:\/\/defabrica.com.mx\/defabrica\/wp-json\/wp\/v2\/media\/89530"}],"wp:attachment":[{"href":"https:\/\/defabrica.com.mx\/defabrica\/wp-json\/wp\/v2\/media?parent=89529"}],"wp:term":[{"taxonomy":"product_brand","embeddable":true,"href":"https:\/\/defabrica.com.mx\/defabrica\/wp-json\/wp\/v2\/product_brand?post=89529"},{"taxonomy":"product_cat","embeddable":true,"href":"https:\/\/defabrica.com.mx\/defabrica\/wp-json\/wp\/v2\/product_cat?post=89529"},{"taxonomy":"product_tag","embeddable":true,"href":"https:\/\/defabrica.com.mx\/defabrica\/wp-json\/wp\/v2\/product_tag?post=89529"}],"curies":[{"name":"wp","href":"https:\/\/api.w.org\/{rel}","templated":true}]}}