{"id":89523,"date":"2022-07-15T01:03:00","date_gmt":"2022-07-15T06:03:00","guid":{"rendered":"https:\/\/defabrica.com.mx\/defabrica\/?post_type=product&#038;p=89523"},"modified":"2023-01-18T13:52:05","modified_gmt":"2023-01-18T19:52:05","slug":"redragon-k630-dragonborn-tkl-teclado-mecanico-con-interruptor-marron-para-juegos-con-cable-con-retroiluminacion-negro","status":"publish","type":"product","link":"https:\/\/defabrica.com.mx\/defabrica\/producto\/redragon-k630-dragonborn-tkl-teclado-mecanico-con-interruptor-marron-para-juegos-con-cable-con-retroiluminacion-negro\/","title":{"rendered":"REDRAGON &#8211; K630 Dragonborn TKL Teclado mec\u00e1nico con interruptor marr\u00f3n para juegos con cable con retroiluminaci\u00f3n &#8211; Negro"},"content":{"rendered":"<div class=\"embedded-component-container lv product-description\">\n<div>\n<div id=\"shop-product-description-62468391\" class=\"_none\" data-version=\"1.3.45\">\n<div class=\"shop-product-description\">\n<section class=\"align-heading-left\" data-reactroot=\"\">\n<div class=\"long-description-container body-copy \">\n<div class=\"html-fragment\">El teclado mec\u00e1nico para juegos Redragon K630 Dragonborn compact tenkeyless (TKL) es excelente tanto para escribir como para jugar.\u00a0Con los interruptores mec\u00e1nicos marrones, experimentar\u00e1 una escritura m\u00e1s precisa y una respuesta notable sin el sonido de \u00abclic\u00bb de otros interruptores mec\u00e1nicos.\u00a0La retroiluminaci\u00f3n rosa ajustable con m\u00faltiples modos le permite personalizar la retroiluminaci\u00f3n para que coincida con su estado de \u00e1nimo.\u00a0El K630 es resistente a los derrames, lo que significa que ya no tendr\u00e1 que preocuparse por los derrames ocasionales mientras trabaja o juega en su escritorio.\u00a0El conector USB tipo C extra\u00edble proporciona una velocidad de transferencia de datos m\u00e1s alta que un conector USB tradicional y proporciona compatibilidad lista para usar con una mayor cantidad de dispositivos.<\/div>\n<\/div>\n<\/section>\n<\/div>\n<\/div>\n<\/div>\n<\/div>\n<div class=\"embedded-component-container lv product-features\">\n<h3><\/h3>\n<h3 class=\"heading-5 v-fw-regular feature-heading\"><strong>Caracter\u00edsticas<\/strong><\/h3>\n<ul>\n<li><strong>Interruptores de llave marr\u00f3n Outemu<\/strong><br \/>\nLos interruptores equivalentes a Cherry MX Brown ofrecen una sensaci\u00f3n t\u00e1ctil sin el ruido audible de otros interruptores de teclado mec\u00e1nico.<\/li>\n<li><strong>61 llaves<\/strong><br \/>\nEl dise\u00f1o ultracompacto con 61 teclas brinda un dise\u00f1o minimalista y deja m\u00e1s espacio en su escritorio para el movimiento del mouse.<\/li>\n<li><strong>Compatible con Windows\/Mac OS<\/strong><br \/>\nFunciona con Windows XP\/Vista\/Windows 7\/Windows 8\/Windows 10\/Mac OS\/Android<\/li>\n<li><strong>Dise\u00f1o ergonomico<\/strong><br \/>\nEl dise\u00f1o de la tapa de la tecla de escalera proporciona la m\u00e1xima comodidad y minimiza la fatiga de la mano despu\u00e9s de largos per\u00edodos de uso.<\/li>\n<li><strong>Cable USB tipo C desmontable<\/strong><br \/>\nProporciona una tasa de transferencia de datos m\u00e1s alta que un conector USB tradicional y proporciona compatibilidad lista para usar con una mayor cantidad de dispositivos.<\/li>\n<li><strong>Dise\u00f1o resistente a derrames<\/strong><br \/>\nLos accidentes ocurren, por lo que el teclado K630 est\u00e1 dise\u00f1ado para resistir el derrame de l\u00edquido promedio.<\/li>\n<\/ul>\n<\/div>\n","protected":false},"excerpt":{"rendered":"<p>El teclado mec\u00e1nico para juegos Redragon K630 Dragonborn compact tenkeyless (TKL) es excelente tanto para escribir como para jugar.\u00a0Con los interruptores mec\u00e1nicos marrones, experimentar\u00e1 una escritura m\u00e1s precisa y una<\/p>\n","protected":false},"featured_media":89524,"comment_status":"open","ping_status":"closed","template":"","meta":{"_acf_changed":false,"_joinchat":[]},"product_brand":[],"product_cat":[277,280,434],"product_tag":[],"class_list":{"0":"post-89523","1":"product","2":"type-product","3":"status-publish","4":"has-post-thumbnail","6":"product_cat-zona-gamer","7":"product_cat-pc-gaming","8":"product_cat-mouse-y-teclado-gamer","10":"first","11":"instock","12":"sale","13":"shipping-taxable","14":"purchasable","15":"product-type-simple"},"acf":[],"_links":{"self":[{"href":"https:\/\/defabrica.com.mx\/defabrica\/wp-json\/wp\/v2\/product\/89523","targetHints":{"allow":["GET"]}}],"collection":[{"href":"https:\/\/defabrica.com.mx\/defabrica\/wp-json\/wp\/v2\/product"}],"about":[{"href":"https:\/\/defabrica.com.mx\/defabrica\/wp-json\/wp\/v2\/types\/product"}],"replies":[{"embeddable":true,"href":"https:\/\/defabrica.com.mx\/defabrica\/wp-json\/wp\/v2\/comments?post=89523"}],"wp:featuredmedia":[{"embeddable":true,"href":"https:\/\/defabrica.com.mx\/defabrica\/wp-json\/wp\/v2\/media\/89524"}],"wp:attachment":[{"href":"https:\/\/defabrica.com.mx\/defabrica\/wp-json\/wp\/v2\/media?parent=89523"}],"wp:term":[{"taxonomy":"product_brand","embeddable":true,"href":"https:\/\/defabrica.com.mx\/defabrica\/wp-json\/wp\/v2\/product_brand?post=89523"},{"taxonomy":"product_cat","embeddable":true,"href":"https:\/\/defabrica.com.mx\/defabrica\/wp-json\/wp\/v2\/product_cat?post=89523"},{"taxonomy":"product_tag","embeddable":true,"href":"https:\/\/defabrica.com.mx\/defabrica\/wp-json\/wp\/v2\/product_tag?post=89523"}],"curies":[{"name":"wp","href":"https:\/\/api.w.org\/{rel}","templated":true}]}}