{"id":89511,"date":"2022-07-15T00:56:00","date_gmt":"2022-07-15T05:56:00","guid":{"rendered":"https:\/\/defabrica.com.mx\/defabrica\/?post_type=product&#038;p=89511"},"modified":"2022-07-15T00:56:00","modified_gmt":"2022-07-15T05:56:00","slug":"roccat-kain-200-aimo-inalambrico-rgb-105-gramos-16k-dpi-owl-eye-sensor-gaming-mouse-con-titan-click-negro","status":"publish","type":"product","link":"https:\/\/defabrica.com.mx\/defabrica\/producto\/roccat-kain-200-aimo-inalambrico-rgb-105-gramos-16k-dpi-owl-eye-sensor-gaming-mouse-con-titan-click-negro\/","title":{"rendered":"ROCCAT &#8211; Kain 200 AIMO Inal\u00e1mbrico RGB 105 gramos 16K DPI Owl-Eye Sensor Gaming Mouse con Titan-Click &#8211; Negro"},"content":{"rendered":"<div class=\"embedded-component-container lv product-description\">\n<div>\n<div id=\"shop-product-description-19640760\" class=\"_none\" data-version=\"1.3.46\">\n<div class=\"shop-product-description\">\n<section class=\"align-heading-left\" data-reactroot=\"\">\n<div class=\"long-description-container body-copy \">\n<div class=\"html-fragment\"><span>El mouse inal\u00e1mbrico para juegos ROCCAT Kain 200 AIMO RGB presenta una forma ergon\u00f3mica c\u00f3moda y la tecnolog\u00eda Titan Click para mejorar enormemente el equilibrio y la precisi\u00f3n del clic.\u00a0El preciso sensor \u00f3ptico Owl-Eye de ROCCAT se puede ajustar hasta 16\u00a0000 ppp y le permite lograr un seguimiento perfecto.\u00a0Su bater\u00eda de larga duraci\u00f3n est\u00e1 optimizada para funcionar hasta 50 horas con una sola carga completa.\u00a0El ecosistema de iluminaci\u00f3n AIMO proporciona iluminaci\u00f3n RGB y efectos LED personalizables en 16,8 millones de colores distintos.<\/span><\/div>\n<\/div>\n<\/section>\n<\/div>\n<\/div>\n<\/div>\n<\/div>\n<div class=\"embedded-component-container lv product-features\">\n<h3><\/h3>\n<h3 class=\"heading-5 v-fw-regular feature-heading\"><strong>Caracter\u00edsticas<\/strong><\/h3>\n<ul>\n<li><strong>Rueda de desplazamiento Titan Wheel 2.0<\/strong><br \/>\nDesbloquea clics s\u00f3lidos y pasos de desplazamiento sensibles.<\/li>\n<li><strong>Ecosistema de iluminaci\u00f3n AIMO<\/strong><br \/>\nLleva tu configuraci\u00f3n a otro nivel al agregar efectos de iluminaci\u00f3n LED org\u00e1nicos y retroiluminaci\u00f3n RGB. Funciona en sinergia con otros dispositivos compatibles con AIMO para crear una est\u00e9tica v\u00edvida y de vanguardia sin necesidad de una configuraci\u00f3n extensa.<\/li>\n<li><strong>Sensor \u00f3ptico ROCCAT Owl-Eye<\/strong><br \/>\nEs ajustable incrementalmente hasta 16000 ppp y cuenta con precisi\u00f3n.<\/li>\n<li><strong>Tecnolog\u00eda Titan Click<\/strong><br \/>\nGarantiza que todos y cada uno de los clics se registren y se sientan consistentes.<\/li>\n<li><strong>Recubrimiento antidesgaste h\u00edbrido<\/strong><br \/>\nEs f\u00e1cil de sostener durante la intensa acci\u00f3n del juego. Tambi\u00e9n es adherente, duradero y resistente a la suciedad para un f\u00e1cil mantenimiento.<\/li>\n<li><strong>Interruptores ROCCAT Omron<\/strong><br \/>\nCuenta con un ciclo de vida virtualmente ilimitado de 50 millones de clics.<\/li>\n<li><strong>El dise\u00f1o de bot\u00f3n dividido con una ubicaci\u00f3n de interruptor optimizada<\/strong><br \/>\nSignifica que puede sentir f\u00e1cilmente la diferencia en distinci\u00f3n, movimiento y precisi\u00f3n.<\/li>\n<li><strong>tecnolog\u00eda \u00f3ptica<\/strong><br \/>\nLas luces LED escanean la superficie debajo del mouse para detectar movimiento con bastante precisi\u00f3n, adecuado para la inform\u00e1tica y la navegaci\u00f3n diarias.<\/li>\n<li><strong>Compatible con la mayor\u00eda de las versiones de Windows<\/strong><br \/>\nFunciona con la mayor\u00eda de las PC.<\/li>\n<li><strong>Conexi\u00f3n inal\u00e1mbrica\/por cable<\/strong><br \/>\nEste mouse se conecta a su computadora mediante un receptor o cable USB inal\u00e1mbrico.<\/li>\n<\/ul>\n<\/div>\n","protected":false},"excerpt":{"rendered":"<p>El mouse inal\u00e1mbrico para juegos ROCCAT Kain 200 AIMO RGB presenta una forma ergon\u00f3mica c\u00f3moda y la tecnolog\u00eda Titan Click para mejorar enormemente el equilibrio y la precisi\u00f3n del clic.\u00a0El<\/p>\n","protected":false},"featured_media":89512,"comment_status":"open","ping_status":"closed","template":"","meta":{"_acf_changed":false,"_joinchat":[]},"product_brand":[],"product_cat":[277,280,434],"product_tag":[],"class_list":{"0":"post-89511","1":"product","2":"type-product","3":"status-publish","4":"has-post-thumbnail","6":"product_cat-zona-gamer","7":"product_cat-pc-gaming","8":"product_cat-mouse-y-teclado-gamer","10":"first","11":"instock","12":"sale","13":"shipping-taxable","14":"purchasable","15":"product-type-simple"},"acf":[],"_links":{"self":[{"href":"https:\/\/defabrica.com.mx\/defabrica\/wp-json\/wp\/v2\/product\/89511","targetHints":{"allow":["GET"]}}],"collection":[{"href":"https:\/\/defabrica.com.mx\/defabrica\/wp-json\/wp\/v2\/product"}],"about":[{"href":"https:\/\/defabrica.com.mx\/defabrica\/wp-json\/wp\/v2\/types\/product"}],"replies":[{"embeddable":true,"href":"https:\/\/defabrica.com.mx\/defabrica\/wp-json\/wp\/v2\/comments?post=89511"}],"wp:featuredmedia":[{"embeddable":true,"href":"https:\/\/defabrica.com.mx\/defabrica\/wp-json\/wp\/v2\/media\/89512"}],"wp:attachment":[{"href":"https:\/\/defabrica.com.mx\/defabrica\/wp-json\/wp\/v2\/media?parent=89511"}],"wp:term":[{"taxonomy":"product_brand","embeddable":true,"href":"https:\/\/defabrica.com.mx\/defabrica\/wp-json\/wp\/v2\/product_brand?post=89511"},{"taxonomy":"product_cat","embeddable":true,"href":"https:\/\/defabrica.com.mx\/defabrica\/wp-json\/wp\/v2\/product_cat?post=89511"},{"taxonomy":"product_tag","embeddable":true,"href":"https:\/\/defabrica.com.mx\/defabrica\/wp-json\/wp\/v2\/product_tag?post=89511"}],"curies":[{"name":"wp","href":"https:\/\/api.w.org\/{rel}","templated":true}]}}