{"id":89497,"date":"2022-07-15T00:30:50","date_gmt":"2022-07-15T05:30:50","guid":{"rendered":"https:\/\/defabrica.com.mx\/defabrica\/?post_type=product&#038;p=89497"},"modified":"2023-01-18T13:50:45","modified_gmt":"2023-01-18T19:50:45","slug":"roccat-teclado-mecanico-compacto-para-juegos-de-pc-vulcan-tkl-con-interruptor-lineal-titan-iluminacion-rgb-y-placa-superior-de-aluminio-anodizado-negro","status":"publish","type":"product","link":"https:\/\/defabrica.com.mx\/defabrica\/producto\/roccat-teclado-mecanico-compacto-para-juegos-de-pc-vulcan-tkl-con-interruptor-lineal-titan-iluminacion-rgb-y-placa-superior-de-aluminio-anodizado-negro\/","title":{"rendered":"ROCCAT &#8211; Teclado mec\u00e1nico compacto para juegos de PC Vulcan TKL con interruptor lineal Titan, iluminaci\u00f3n RGB y placa superior de aluminio anodizado &#8211; Negro"},"content":{"rendered":"<div class=\"embedded-component-container lv product-description\">\n<div>\n<div id=\"shop-product-description-80758860\" class=\"_none\" data-version=\"1.3.46\">\n<div class=\"shop-product-description\">\n<section class=\"align-heading-left\" data-reactroot=\"\">\n<div class=\"long-description-container body-copy \">\n<div class=\"html-fragment\">El ROCCAT\u00ae Vulcan TKL es una variante sin llave de la galardonada familia Vulcan.\u00a0Este factor de forma m\u00e1s peque\u00f1o significa que los jugadores tienen espacio para una almohadilla m\u00e1s grande y pueden usar un mayor rango de movimientos del mouse, lo que en \u00faltima instancia les brinda una mayor precisi\u00f3n.\u00a0El Titan Switch Mechanical lineal ofrece lo mejor de la industria en velocidad y capacidad de respuesta.\u00a0El interruptor se suma a un conjunto integral de caracter\u00edsticas que los jugadores conocen y aman.\u00a0El dise\u00f1o de perfil bajo est\u00e1 dise\u00f1ado para brindar comodidad y reducir la fatiga.\u00a0Impresionante durabilidad y calidad de construcci\u00f3n gracias a su placa superior de aluminio anodizado negro reforzado, interruptores clasificados para 100 millones de pulsaciones de teclas, controles de audio estilo mezclador dedicados e iluminaci\u00f3n AIMO RGB por tecla.<\/div>\n<\/div>\n<\/section>\n<\/div>\n<\/div>\n<\/div>\n<\/div>\n<div class=\"embedded-component-container lv product-features\">\n<h3><\/h3>\n<h3 class=\"heading-5 v-fw-regular feature-heading\"><strong>Caracter\u00edsticas<\/strong><\/h3>\n<ul>\n<li><strong>Lo mejor hecho mejor\u202f<\/strong><br \/>\nEl galardonado Vulcan se reinventa en un factor de forma sin llave, sin comprometer el dise\u00f1o galardonado y las caracter\u00edsticas por las que es conocida la gama. Todo lo que esperas en un dise\u00f1o m\u00e1s peque\u00f1o.<\/li>\n<li><strong>Factor de forma sin llave<\/strong><br \/>\nUna reliquia de la oficina, el factor de forma sin teclas le permite jugar en una posici\u00f3n m\u00e1s natural y c\u00f3moda, al tiempo que permite una almohadilla m\u00e1s grande y una mayor variedad de movimientos del mouse gracias a que el teclado ocupa menos espacio en el escritorio, mejorando su<\/li>\n<li><strong>Torneo listo<\/strong><br \/>\nLa introducci\u00f3n de un cable USB-C desmontable brinda a los usuarios una portabilidad m\u00e1s f\u00e1cil y la capacidad de usar un cable personalizado. El almacenamiento a bordo de un perfil de torneo garantiza que alcances el mismo rendimiento m\u00e1ximo en casa y fuera.<\/li>\n<li><strong>Titan Switch Mec\u00e1nico Lineal<\/strong><br \/>\nDise\u00f1ado y construido \u00edntegramente por ingenieros de ROCCAT, el Titan Switch Linear presenta un punto de actuaci\u00f3n de 1,4 mm para una distancia de recorrido total de 3,6 mm. Es nuestro cambio m\u00e1s r\u00e1pido, un 30 % m\u00e1s r\u00e1pido que el est\u00e1ndar, y es n\u00edtido y receptivo.<\/li>\n<li><strong>Durabilidad duradera<\/strong><br \/>\nEl teclado est\u00e1 reforzado con una capa de aluminio de calidad aeron\u00e1utica para que sea m\u00e1s resistente y duradero. Los interruptores Titan est\u00e1n dise\u00f1ados para evitar la entrada de polvo y suciedad, lo que ayuda a mantenerlo en las mejores condiciones.<\/li>\n<li><strong>MOTOR DE ILUMINACI\u00d3N INTELIGENTE AIMO<\/strong><br \/>\nLa carcasa del interruptor transparente permite que AIMO brille m\u00e1s y lo convierte en su mejor escaparate hasta el momento, y se ve a\u00fan mejor cuando se combina con otros dispositivos AIMO<\/li>\n<li><strong>Controles multimedia estilo mezclador<\/strong><br \/>\nEl dial de volumen t\u00e1ctil y el bot\u00f3n de silencio le permiten ajustar el volumen y silenciar\/reactivar el sonido sobre la marcha. Control instant\u00e1neo al alcance de tu mano.<\/li>\n<li><strong>Cambio f\u00e1cil[+]<\/strong><br \/>\nLa tecnolog\u00eda Easy-Shift[+] de ROCCAT a\u00f1ade una funci\u00f3n secundaria a las teclas compatibles. Simplemente mantenga presionada la tecla modificadora designada para duplicar la potencia de comando en un instante. Totalmente personalizable en Swarm.<\/li>\n<li><strong>Anti-efecto fantasma avanzado<\/strong><br \/>\nTecnolog\u00eda optimizada para que los jugadores garanticen que se registre cada pulsaci\u00f3n de tecla de las teclas m\u00e1s utilizadas, sin importar cu\u00e1n fren\u00e9tica se vuelva la acci\u00f3n.<\/li>\n<li><strong>Iluminaci\u00f3n AIMO<\/strong><br \/>\nEl ecosistema de iluminaci\u00f3n patentado de ROCCAT conecta dispositivos compatibles que presentan escenarios de iluminaci\u00f3n v\u00edvidos desde el primer momento, sin necesidad de una configuraci\u00f3n extensa. La placa superior del Magma se ilumina por completo en 16,8 millones de colores para una impresionante exhibici\u00f3n de AIMO.<\/li>\n<li><strong>Garant\u00eda del fabricante de 2 a\u00f1os<\/strong><br \/>\nConfiamos en la calidad y longevidad de nuestros productos. Para garantizar una mayor tranquilidad, ofrecemos una garant\u00eda limitada del fabricante de 2 a\u00f1os.<\/li>\n<\/ul>\n<\/div>\n","protected":false},"excerpt":{"rendered":"<p>El ROCCAT\u00ae Vulcan TKL es una variante sin llave de la galardonada familia Vulcan.\u00a0Este factor de forma m\u00e1s peque\u00f1o significa que los jugadores tienen espacio para una almohadilla m\u00e1s grande<\/p>\n","protected":false},"featured_media":89498,"comment_status":"open","ping_status":"closed","template":"","meta":{"_acf_changed":false,"_joinchat":[]},"product_brand":[],"product_cat":[277,280,434],"product_tag":[],"class_list":{"0":"post-89497","1":"product","2":"type-product","3":"status-publish","4":"has-post-thumbnail","6":"product_cat-zona-gamer","7":"product_cat-pc-gaming","8":"product_cat-mouse-y-teclado-gamer","10":"first","11":"instock","12":"sale","13":"shipping-taxable","14":"purchasable","15":"product-type-simple"},"acf":[],"_links":{"self":[{"href":"https:\/\/defabrica.com.mx\/defabrica\/wp-json\/wp\/v2\/product\/89497","targetHints":{"allow":["GET"]}}],"collection":[{"href":"https:\/\/defabrica.com.mx\/defabrica\/wp-json\/wp\/v2\/product"}],"about":[{"href":"https:\/\/defabrica.com.mx\/defabrica\/wp-json\/wp\/v2\/types\/product"}],"replies":[{"embeddable":true,"href":"https:\/\/defabrica.com.mx\/defabrica\/wp-json\/wp\/v2\/comments?post=89497"}],"wp:featuredmedia":[{"embeddable":true,"href":"https:\/\/defabrica.com.mx\/defabrica\/wp-json\/wp\/v2\/media\/89498"}],"wp:attachment":[{"href":"https:\/\/defabrica.com.mx\/defabrica\/wp-json\/wp\/v2\/media?parent=89497"}],"wp:term":[{"taxonomy":"product_brand","embeddable":true,"href":"https:\/\/defabrica.com.mx\/defabrica\/wp-json\/wp\/v2\/product_brand?post=89497"},{"taxonomy":"product_cat","embeddable":true,"href":"https:\/\/defabrica.com.mx\/defabrica\/wp-json\/wp\/v2\/product_cat?post=89497"},{"taxonomy":"product_tag","embeddable":true,"href":"https:\/\/defabrica.com.mx\/defabrica\/wp-json\/wp\/v2\/product_tag?post=89497"}],"curies":[{"name":"wp","href":"https:\/\/api.w.org\/{rel}","templated":true}]}}