{"id":89479,"date":"2022-07-15T00:17:27","date_gmt":"2022-07-15T05:17:27","guid":{"rendered":"https:\/\/defabrica.com.mx\/defabrica\/?post_type=product&#038;p=89479"},"modified":"2023-01-18T13:49:42","modified_gmt":"2023-01-18T19:49:42","slug":"nzxt-funcion-teclado-mecanico-modular-con-cable-de-tamano-completo-con-interruptores-lineales-rgb-mx-negro","status":"publish","type":"product","link":"https:\/\/defabrica.com.mx\/defabrica\/producto\/nzxt-funcion-teclado-mecanico-modular-con-cable-de-tamano-completo-con-interruptores-lineales-rgb-mx-negro\/","title":{"rendered":"NZXT &#8211; Funci\u00f3n Teclado mec\u00e1nico modular con cable de tama\u00f1o completo con interruptores lineales RGB MX &#8211; Negro"},"content":{"rendered":"<div class=\"embedded-component-container lv product-description\">\n<div>\n<div id=\"shop-product-description-7367085\" class=\"_none\" data-version=\"1.3.46\">\n<div class=\"shop-product-description\">\n<section class=\"align-heading-left\" data-reactroot=\"\">\n<div class=\"long-description-container body-copy \">\n<div class=\"html-fragment\">La familia de teclados mec\u00e1nicos NZXT Function combina una placa superior de aluminio duradero con interruptores RGB lineales suaves, lo que lo convierte en el compa\u00f1ero perfecto para los juegos de PC.\u00a0Actualice la apariencia de su teclado en cualquier momento gracias a los enchufes de interruptores de teclas intercambiables en caliente en cada posici\u00f3n y el tama\u00f1o est\u00e1ndar de la fila inferior que hace que los cambios de teclas sean muy sencillos.<\/div>\n<\/div>\n<\/section>\n<\/div>\n<\/div>\n<\/div>\n<\/div>\n<div class=\"embedded-component-container lv product-features\">\n<h3><\/h3>\n<h3 class=\"heading-5 v-fw-regular feature-heading\"><strong>Caracter\u00edsticas<\/strong><\/h3>\n<ul>\n<li><strong>Personalizaci\u00f3n definitiva<\/strong><br \/>\nCambie a cualquier interruptor compatible con MX gracias a los enchufes intercambiables en caliente en cada posici\u00f3n del interruptor de llave.<\/li>\n<li><strong>CAM-Powered<\/strong><br \/>\nCAM facilita la personalizaci\u00f3n de RGB por tecla, control macro y efectos de iluminaci\u00f3n con cuatro perfiles integrados.<\/li>\n<li><strong>Simple y elegante<\/strong><br \/>\nPlaca superior duradera y de aluminio con dise\u00f1o de perfil bajo.<\/li>\n<li><strong>Hecho para la modularidad<\/strong><br \/>\nEl dise\u00f1o est\u00e1ndar del teclado de la fila inferior permite a los usuarios instalar cualquier tecla est\u00e1ndar del mercado de accesorios. El cable USB-C extra\u00edble est\u00e1 listo para personalizarse.<\/li>\n<\/ul>\n<\/div>\n","protected":false},"excerpt":{"rendered":"<p>La familia de teclados mec\u00e1nicos NZXT Function combina una placa superior de aluminio duradero con interruptores RGB lineales suaves, lo que lo convierte en el compa\u00f1ero perfecto para los juegos<\/p>\n","protected":false},"featured_media":89480,"comment_status":"open","ping_status":"closed","template":"","meta":{"_acf_changed":false,"_joinchat":[]},"product_brand":[],"product_cat":[277,280,434],"product_tag":[],"class_list":{"0":"post-89479","1":"product","2":"type-product","3":"status-publish","4":"has-post-thumbnail","6":"product_cat-zona-gamer","7":"product_cat-pc-gaming","8":"product_cat-mouse-y-teclado-gamer","10":"first","11":"instock","12":"sale","13":"shipping-taxable","14":"purchasable","15":"product-type-simple"},"acf":[],"_links":{"self":[{"href":"https:\/\/defabrica.com.mx\/defabrica\/wp-json\/wp\/v2\/product\/89479","targetHints":{"allow":["GET"]}}],"collection":[{"href":"https:\/\/defabrica.com.mx\/defabrica\/wp-json\/wp\/v2\/product"}],"about":[{"href":"https:\/\/defabrica.com.mx\/defabrica\/wp-json\/wp\/v2\/types\/product"}],"replies":[{"embeddable":true,"href":"https:\/\/defabrica.com.mx\/defabrica\/wp-json\/wp\/v2\/comments?post=89479"}],"wp:featuredmedia":[{"embeddable":true,"href":"https:\/\/defabrica.com.mx\/defabrica\/wp-json\/wp\/v2\/media\/89480"}],"wp:attachment":[{"href":"https:\/\/defabrica.com.mx\/defabrica\/wp-json\/wp\/v2\/media?parent=89479"}],"wp:term":[{"taxonomy":"product_brand","embeddable":true,"href":"https:\/\/defabrica.com.mx\/defabrica\/wp-json\/wp\/v2\/product_brand?post=89479"},{"taxonomy":"product_cat","embeddable":true,"href":"https:\/\/defabrica.com.mx\/defabrica\/wp-json\/wp\/v2\/product_cat?post=89479"},{"taxonomy":"product_tag","embeddable":true,"href":"https:\/\/defabrica.com.mx\/defabrica\/wp-json\/wp\/v2\/product_tag?post=89479"}],"curies":[{"name":"wp","href":"https:\/\/api.w.org\/{rel}","templated":true}]}}