{"id":89459,"date":"2022-07-14T22:24:40","date_gmt":"2022-07-15T03:24:40","guid":{"rendered":"https:\/\/defabrica.com.mx\/defabrica\/?post_type=product&#038;p=89459"},"modified":"2022-07-14T22:24:40","modified_gmt":"2022-07-15T03:24:40","slug":"patriot-viper-v770-teclado-para-juegos-con-interruptor-rojo-kailh-mecanico-con-cable-de-tamano-completo-con-retroiluminacion-rgb","status":"publish","type":"product","link":"https:\/\/defabrica.com.mx\/defabrica\/producto\/patriot-viper-v770-teclado-para-juegos-con-interruptor-rojo-kailh-mecanico-con-cable-de-tamano-completo-con-retroiluminacion-rgb\/","title":{"rendered":"Patriot Viper V770 Teclado para juegos con interruptor rojo Kailh mec\u00e1nico con cable de tama\u00f1o completo con retroiluminaci\u00f3n RGB"},"content":{"rendered":"<div class=\"embedded-component-container lv product-description\">\n<div>\n<div id=\"shop-product-description-69116671\" class=\"_none\" data-version=\"1.3.46\">\n<div class=\"shop-product-description\">\n<section class=\"align-heading-left\" data-reactroot=\"\">\n<div class=\"long-description-container body-copy \">\n<div class=\"html-fragment\"><span>El teclado mec\u00e1nico para juegos Patriot V770 RGB seguramente ser\u00e1 la envidia de todos tus amigos en la pr\u00f3xima fiesta LAN.\u00a0Los interruptores mec\u00e1nicos Kailh Red brindan una respuesta suave, r\u00e1pida y lineal, lo que le brinda la ventaja t\u00e1ctica mientras juega.\u00a0Con 5 teclas de macro dedicadas, controles multimedia dedicados, rueda de control de volumen\/silencio y puertos de paso de audio y USB auxiliares incorporados, el V770 le brinda el m\u00e1ximo control al alcance de su mano.\u00a0El V770, junto con el software Viper, le brinda la capacidad de iluminar cada tecla con hasta 16,8 millones de colores, configurar hasta cinco perfiles de usuario, diez efectos de iluminaci\u00f3n diferentes y hasta 108 configuraciones de macro, lo que lo convierte en uno de los teclados m\u00e1s personalizables disponibles en el mercado. el mercado hoy.\u00a0Con 109 teclas rollover y capacidades anti-ghosting,\u00a0ning\u00fan golpe de tecla pasar\u00e1 desapercibido mientras editas tu \u00faltimo video de YouTube o dominas a tus amigos en el \u00faltimo juego de PC.\u00a0El V770 est\u00e1 construido con un chasis de aluminio y un reposamanos desmontable magn\u00e9tico iluminado para mayor durabilidad y comodidad durante horas de juego.\u00a0Respaldado por una garant\u00eda de dos a\u00f1os, el V770 es compatible con casi todos los sistemas operativos Windows, incluido Windows 10 y superior.<\/span><\/div>\n<\/div>\n<\/section>\n<\/div>\n<\/div>\n<\/div>\n<\/div>\n<div class=\"embedded-component-container lv product-features\">\n<h3><\/h3>\n<h3 class=\"heading-5 v-fw-regular feature-heading\"><strong>Caracter\u00edsticas<\/strong><\/h3>\n<ul>\n<li><strong>Interruptores Kailh Red 100% mec\u00e1nicos<\/strong><br \/>\nProporciona una pulsaci\u00f3n de tecla suave con un recorrido de tecla ligero a medio y un nivel de ruido m\u00ednimo.<\/li>\n<li><strong>109 dise\u00f1o clave<\/strong><br \/>\nIncluye 5 teclas macro dedicadas para un total de 108 teclas macro programables.<\/li>\n<li><strong>Retroiluminaci\u00f3n RGB de espectro completo<\/strong><br \/>\nProporciona retroiluminaci\u00f3n de 16,8 millones de colores.<\/li>\n<li><strong>Compatible con Windows<\/strong><br \/>\nFunciona con su computadora actual con Windows\u00ae 11, 10, 8 o 7.<\/li>\n<li><strong>Paso de audio y USB<\/strong><br \/>\nLos pasos dobles le permiten conectar auriculares, ratones u otros perif\u00e9ricos.<\/li>\n<li><strong>Reposamu\u00f1ecas con iluminaci\u00f3n LED<\/strong><br \/>\nEl reposamanos incluido es magn\u00e9tico y extra\u00edble.<\/li>\n<\/ul>\n<\/div>\n","protected":false},"excerpt":{"rendered":"<p>El teclado mec\u00e1nico para juegos Patriot V770 RGB seguramente ser\u00e1 la envidia de todos tus amigos en la pr\u00f3xima fiesta LAN.\u00a0Los interruptores mec\u00e1nicos Kailh Red brindan una respuesta suave, r\u00e1pida<\/p>\n","protected":false},"featured_media":89463,"comment_status":"open","ping_status":"closed","template":"","meta":{"_acf_changed":false,"_joinchat":[]},"product_brand":[],"product_cat":[277,280,434],"product_tag":[],"class_list":{"0":"post-89459","1":"product","2":"type-product","3":"status-publish","4":"has-post-thumbnail","6":"product_cat-zona-gamer","7":"product_cat-pc-gaming","8":"product_cat-mouse-y-teclado-gamer","10":"first","11":"instock","12":"sale","13":"shipping-taxable","14":"purchasable","15":"product-type-simple"},"acf":[],"_links":{"self":[{"href":"https:\/\/defabrica.com.mx\/defabrica\/wp-json\/wp\/v2\/product\/89459","targetHints":{"allow":["GET"]}}],"collection":[{"href":"https:\/\/defabrica.com.mx\/defabrica\/wp-json\/wp\/v2\/product"}],"about":[{"href":"https:\/\/defabrica.com.mx\/defabrica\/wp-json\/wp\/v2\/types\/product"}],"replies":[{"embeddable":true,"href":"https:\/\/defabrica.com.mx\/defabrica\/wp-json\/wp\/v2\/comments?post=89459"}],"wp:featuredmedia":[{"embeddable":true,"href":"https:\/\/defabrica.com.mx\/defabrica\/wp-json\/wp\/v2\/media\/89463"}],"wp:attachment":[{"href":"https:\/\/defabrica.com.mx\/defabrica\/wp-json\/wp\/v2\/media?parent=89459"}],"wp:term":[{"taxonomy":"product_brand","embeddable":true,"href":"https:\/\/defabrica.com.mx\/defabrica\/wp-json\/wp\/v2\/product_brand?post=89459"},{"taxonomy":"product_cat","embeddable":true,"href":"https:\/\/defabrica.com.mx\/defabrica\/wp-json\/wp\/v2\/product_cat?post=89459"},{"taxonomy":"product_tag","embeddable":true,"href":"https:\/\/defabrica.com.mx\/defabrica\/wp-json\/wp\/v2\/product_tag?post=89459"}],"curies":[{"name":"wp","href":"https:\/\/api.w.org\/{rel}","templated":true}]}}