{"id":89452,"date":"2022-07-14T21:36:34","date_gmt":"2022-07-15T02:36:34","guid":{"rendered":"https:\/\/defabrica.com.mx\/defabrica\/?post_type=product&#038;p=89452"},"modified":"2022-07-14T21:36:34","modified_gmt":"2022-07-15T02:36:34","slug":"patriot-viper-v765-teclado-para-juegos-con-interruptor-de-caja-blanca-kailh-mecanico-con-cable-de-tamano-completo-con-retroiluminacion-rgb","status":"publish","type":"product","link":"https:\/\/defabrica.com.mx\/defabrica\/producto\/patriot-viper-v765-teclado-para-juegos-con-interruptor-de-caja-blanca-kailh-mecanico-con-cable-de-tamano-completo-con-retroiluminacion-rgb\/","title":{"rendered":"Patriot Viper V765 Teclado para juegos con interruptor de caja blanca Kailh mec\u00e1nico con cable de tama\u00f1o completo con retroiluminaci\u00f3n RGB"},"content":{"rendered":"<div class=\"embedded-component-container lv product-description\">\n<div>\n<div id=\"shop-product-description-63724752\" class=\"_none\" data-version=\"1.3.46\">\n<div class=\"shop-product-description\">\n<section class=\"align-heading-left\" data-reactroot=\"\">\n<div class=\"long-description-container body-copy \">\n<div class=\"html-fragment\"><span>El teclado RGB mec\u00e1nico Viper V765 viene con un conjunto completo de funciones, incluido el primer interruptor de caja LED DIP para un efecto de iluminaci\u00f3n m\u00e1ximo.\u00a0Los interruptores de caja Kailh White son resistentes al agua y al polvo (IP56) para que su teclado dure m\u00e1s y permanezca m\u00e1s limpio.\u00a0\u00a1El dise\u00f1o de tama\u00f1o completo con dise\u00f1o compacto hace que el Viper V765 sea la opci\u00f3n perfecta para llevarlo cuando lo necesite!\u00a0Los interruptores de caja Kailh White cuentan con una distancia de recorrido de 3,6 mm, lo que le brinda un tiempo de respuesta m\u00e1s r\u00e1pido sin sacrificar la sensaci\u00f3n mec\u00e1nica que necesitan los jugadores.\u00a0No solo actualices tu configuraci\u00f3n, dale vida y sum\u00e9rgete en el juego.\u00a0El V765 est\u00e1 fabricado con un chasis de aluminio duradero y un reposamanos extra\u00edble magn\u00e9tico para mayor comodidad y apoyo durante esas largas noches de juego.\u00a0Respaldado por una garant\u00eda de dos a\u00f1os, el V765 es compatible con todas las plataformas actualizadas.<\/span><\/div>\n<\/div>\n<\/section>\n<\/div>\n<\/div>\n<\/div>\n<\/div>\n<div class=\"embedded-component-container lv product-features\">\n<h3><\/h3>\n<h3 class=\"heading-5 v-fw-regular feature-heading\"><strong>Caracter\u00edsticas<\/strong><\/h3>\n<ul>\n<li><strong>Interruptores de caja blanca Kailh 100% mec\u00e1nicos<\/strong><br \/>\nProporciona retroalimentaci\u00f3n t\u00e1ctil con un ligero recorrido de la tecla y un clic audible con cada pulsaci\u00f3n.<\/li>\n<li><strong>104 teclas est\u00e1ndar<\/strong><br \/>\nIncluye 103 teclas macro programables, N-key rollover y anti-ghosting.<\/li>\n<li><strong>Retroiluminaci\u00f3n RGB de espectro completo<\/strong><br \/>\nProporciona retroiluminaci\u00f3n de 16,8 millones de colores.<\/li>\n<li><strong>Compatible con Windows<\/strong><br \/>\nFunciona con su computadora actual con Windows\u00ae 11, 10, 8 o 7.<\/li>\n<li><strong>Controles de medios dedicados<\/strong><br \/>\nCuenta con 4 teclas multimedia dedicadas y rueda de volumen con funci\u00f3n de silencio.<\/li>\n<li><strong>Reposamu\u00f1ecas extra\u00edble<\/strong><br \/>\nEl reposamanos incluido es magn\u00e9tico y extra\u00edble.<\/li>\n<\/ul>\n<\/div>\n","protected":false},"excerpt":{"rendered":"<p>El teclado RGB mec\u00e1nico Viper V765 viene con un conjunto completo de funciones, incluido el primer interruptor de caja LED DIP para un efecto de iluminaci\u00f3n m\u00e1ximo.\u00a0Los interruptores de caja<\/p>\n","protected":false},"featured_media":89453,"comment_status":"open","ping_status":"closed","template":"","meta":{"_acf_changed":false,"_joinchat":[]},"product_brand":[],"product_cat":[277,280,434],"product_tag":[],"class_list":{"0":"post-89452","1":"product","2":"type-product","3":"status-publish","4":"has-post-thumbnail","6":"product_cat-zona-gamer","7":"product_cat-pc-gaming","8":"product_cat-mouse-y-teclado-gamer","10":"first","11":"instock","12":"sale","13":"shipping-taxable","14":"purchasable","15":"product-type-simple"},"acf":[],"_links":{"self":[{"href":"https:\/\/defabrica.com.mx\/defabrica\/wp-json\/wp\/v2\/product\/89452","targetHints":{"allow":["GET"]}}],"collection":[{"href":"https:\/\/defabrica.com.mx\/defabrica\/wp-json\/wp\/v2\/product"}],"about":[{"href":"https:\/\/defabrica.com.mx\/defabrica\/wp-json\/wp\/v2\/types\/product"}],"replies":[{"embeddable":true,"href":"https:\/\/defabrica.com.mx\/defabrica\/wp-json\/wp\/v2\/comments?post=89452"}],"wp:featuredmedia":[{"embeddable":true,"href":"https:\/\/defabrica.com.mx\/defabrica\/wp-json\/wp\/v2\/media\/89453"}],"wp:attachment":[{"href":"https:\/\/defabrica.com.mx\/defabrica\/wp-json\/wp\/v2\/media?parent=89452"}],"wp:term":[{"taxonomy":"product_brand","embeddable":true,"href":"https:\/\/defabrica.com.mx\/defabrica\/wp-json\/wp\/v2\/product_brand?post=89452"},{"taxonomy":"product_cat","embeddable":true,"href":"https:\/\/defabrica.com.mx\/defabrica\/wp-json\/wp\/v2\/product_cat?post=89452"},{"taxonomy":"product_tag","embeddable":true,"href":"https:\/\/defabrica.com.mx\/defabrica\/wp-json\/wp\/v2\/product_tag?post=89452"}],"curies":[{"name":"wp","href":"https:\/\/api.w.org\/{rel}","templated":true}]}}