{"id":89446,"date":"2022-07-14T21:33:29","date_gmt":"2022-07-15T02:33:29","guid":{"rendered":"https:\/\/defabrica.com.mx\/defabrica\/?post_type=product&#038;p=89446"},"modified":"2022-07-14T21:33:29","modified_gmt":"2022-07-15T02:33:29","slug":"patriot-viper-v730-teclado-para-juegos-con-interruptor-kailh-brown-mecanico-con-cable-de-tamano-completo-con-retroiluminacion","status":"publish","type":"product","link":"https:\/\/defabrica.com.mx\/defabrica\/producto\/patriot-viper-v730-teclado-para-juegos-con-interruptor-kailh-brown-mecanico-con-cable-de-tamano-completo-con-retroiluminacion\/","title":{"rendered":"Patriot Viper V730 Teclado para juegos con interruptor Kailh Brown mec\u00e1nico con cable de tama\u00f1o completo con retroiluminaci\u00f3n"},"content":{"rendered":"<div class=\"embedded-component-container lv product-description\">\n<div>\n<div id=\"shop-product-description-4909838\" class=\"_none\" data-version=\"1.3.46\">\n<div class=\"shop-product-description\">\n<section class=\"align-heading-left\" data-reactroot=\"\">\n<div class=\"long-description-container body-copy \">\n<div class=\"html-fragment\"><span>El teclado mec\u00e1nico para juegos Patriot Viper V730 es perfecto para el jugador casual y de nivel de entrada.\u00a0Los interruptores mec\u00e1nicos Kailh Brown brindan una respuesta suave, r\u00e1pida y lineal, lo que le brinda una ventaja t\u00e1ctica.\u00a0Con 5 perfiles de iluminaci\u00f3n, controles multimedia integrados y 6 efectos de iluminaci\u00f3n LED, el V730 es una excelente opci\u00f3n plug and play para cualquier jugador.\u00a0Con 104 funciones de rollover de teclas y anti-ghosting, no se perder\u00e1 ninguna pulsaci\u00f3n de tecla mientras edita su \u00faltimo video de YouTube o domina a sus amigos en el \u00faltimo juego de PC.\u00a0El V730 est\u00e1 fabricado con un chasis de aluminio y un reposamanos integrado teniendo en cuenta la durabilidad y la comodidad durante horas de juego.\u00a0Respaldado por una garant\u00eda de dos a\u00f1os, el V730 es compatible con Windows 10 y Mac OS X o superior.<\/span><\/div>\n<\/div>\n<\/section>\n<\/div>\n<\/div>\n<\/div>\n<\/div>\n<div class=\"embedded-component-container lv product-features\">\n<h3><\/h3>\n<h3 class=\"heading-5 v-fw-regular feature-heading\"><strong>Caracter\u00edsticas<\/strong><\/h3>\n<ul>\n<li><strong>Interruptores Kailh Brown 100% mec\u00e1nicos<\/strong><br \/>\nProporciona retroalimentaci\u00f3n t\u00e1ctil con un nivel de ruido moderado.<\/li>\n<li><strong>104 teclas est\u00e1ndar<\/strong><br \/>\nCuenta con 104 teclas rollover y capacidades anti-ghosting.<\/li>\n<li><strong>Retroiluminaci\u00f3n LED personalizable<\/strong><br \/>\nCuenta con 6 modos de efectos de luz LED, 6 niveles de atenuaci\u00f3n y 5 perfiles de iluminaci\u00f3n.<\/li>\n<li><strong>Compatible con Windows<\/strong><br \/>\nFunciona con su computadora actual con Windows\u00ae 11, 10, 8 o 7.<\/li>\n<li><strong>Teclas de control multimedia<\/strong><br \/>\nUn total de 8 teclas multimedia FN para ajustar el volumen, saltar pistas y m\u00e1s.<\/li>\n<li><strong>Interfaz USB 2.0<\/strong><br \/>\nProporciona una conexi\u00f3n por cable simple a su computadora<\/li>\n<\/ul>\n<\/div>\n","protected":false},"excerpt":{"rendered":"<p>El teclado mec\u00e1nico para juegos Patriot Viper V730 es perfecto para el jugador casual y de nivel de entrada.\u00a0Los interruptores mec\u00e1nicos Kailh Brown brindan una respuesta suave, r\u00e1pida y lineal,<\/p>\n","protected":false},"featured_media":89447,"comment_status":"open","ping_status":"closed","template":"","meta":{"_acf_changed":false,"_joinchat":[]},"product_brand":[],"product_cat":[277,280,434],"product_tag":[],"class_list":{"0":"post-89446","1":"product","2":"type-product","3":"status-publish","4":"has-post-thumbnail","6":"product_cat-zona-gamer","7":"product_cat-pc-gaming","8":"product_cat-mouse-y-teclado-gamer","10":"first","11":"instock","12":"sale","13":"shipping-taxable","14":"purchasable","15":"product-type-simple"},"acf":[],"_links":{"self":[{"href":"https:\/\/defabrica.com.mx\/defabrica\/wp-json\/wp\/v2\/product\/89446","targetHints":{"allow":["GET"]}}],"collection":[{"href":"https:\/\/defabrica.com.mx\/defabrica\/wp-json\/wp\/v2\/product"}],"about":[{"href":"https:\/\/defabrica.com.mx\/defabrica\/wp-json\/wp\/v2\/types\/product"}],"replies":[{"embeddable":true,"href":"https:\/\/defabrica.com.mx\/defabrica\/wp-json\/wp\/v2\/comments?post=89446"}],"wp:featuredmedia":[{"embeddable":true,"href":"https:\/\/defabrica.com.mx\/defabrica\/wp-json\/wp\/v2\/media\/89447"}],"wp:attachment":[{"href":"https:\/\/defabrica.com.mx\/defabrica\/wp-json\/wp\/v2\/media?parent=89446"}],"wp:term":[{"taxonomy":"product_brand","embeddable":true,"href":"https:\/\/defabrica.com.mx\/defabrica\/wp-json\/wp\/v2\/product_brand?post=89446"},{"taxonomy":"product_cat","embeddable":true,"href":"https:\/\/defabrica.com.mx\/defabrica\/wp-json\/wp\/v2\/product_cat?post=89446"},{"taxonomy":"product_tag","embeddable":true,"href":"https:\/\/defabrica.com.mx\/defabrica\/wp-json\/wp\/v2\/product_tag?post=89446"}],"curies":[{"name":"wp","href":"https:\/\/api.w.org\/{rel}","templated":true}]}}