{"id":89440,"date":"2022-07-14T21:30:12","date_gmt":"2022-07-15T02:30:12","guid":{"rendered":"https:\/\/defabrica.com.mx\/defabrica\/?post_type=product&#038;p=89440"},"modified":"2022-07-14T21:30:12","modified_gmt":"2022-07-15T02:30:12","slug":"microsoft-pro-intellimouse-raton-optico-para-juegos-con-cable-dark-shadow","status":"publish","type":"product","link":"https:\/\/defabrica.com.mx\/defabrica\/producto\/microsoft-pro-intellimouse-raton-optico-para-juegos-con-cable-dark-shadow\/","title":{"rendered":"Microsoft &#8211; Pro IntelliMouse Rat\u00f3n \u00f3ptico para juegos con cable &#8211; Dark Shadow"},"content":{"rendered":"<div class=\"embedded-component-container lv product-description\">\n<div>\n<div id=\"shop-product-description-72645591\" class=\"_none\" data-version=\"1.3.46\">\n<div class=\"shop-product-description\">\n<section class=\"align-heading-left\" data-reactroot=\"\">\n<div class=\"long-description-container body-copy \">\n<div class=\"html-fragment\"><span>Con cable para trabajar y jugar en serio.\u00a0Microsoft Pro IntelliMouse le brinda un mouse de alto rendimiento listo para jugar y trabajar con velocidad, capacidad de respuesta, precisi\u00f3n y durabilidad.\u00a0Cuenta con botones personalizables*, una apariencia elegante y un sensor de seguimiento para los movimientos m\u00e1s peque\u00f1os y los gestos m\u00e1s grandes.\u00a0Complete su experiencia eligiendo un color de luz trasera personalizado.*<\/span><\/div>\n<\/div>\n<\/section>\n<\/div>\n<\/div>\n<\/div>\n<\/div>\n<div class=\"embedded-component-container lv product-features\">\n<h3><\/h3>\n<h3 class=\"heading-5 v-fw-regular feature-heading\"><strong>Caracter\u00edsticas<\/strong><\/h3>\n<ul>\n<li><strong>Elegante y moderno por fuera, listo para jugar por dentro<\/strong><br \/>\nUn dise\u00f1o moderno de mouse con cable listo para trabajar y jugar, con un sensor de seguimiento PixArt mejorado, botones receptivos y detalles distintivos.<\/li>\n<li><strong>Tu rat\u00f3n, a tu manera<\/strong><br \/>\nRealice tareas exigentes de manera r\u00e1pida y eficiente con dos botones de pulgar personalizables* y un clic central.<\/li>\n<li><strong>Durabilidad de siguiente nivel<\/strong><br \/>\nGracias al ciclo de vida mejorado de activaci\u00f3n de la tecla superior para un uso intenso y repetido, adem\u00e1s de un mejor rendimiento de abrasi\u00f3n de la falda para una respuesta ultra suave y de baja fricci\u00f3n.<\/li>\n<li><strong>Dise\u00f1ado para mantenerse al d\u00eda<\/strong><br \/>\nDise\u00f1o ergon\u00f3mico para horas de trabajo y comodidad de juego, adem\u00e1s de un cable trenzado mejorado para un rendimiento sin enredos y textura de teclas laterales para una mejor sensibilidad al tacto.<\/li>\n<li><strong>Sin espera<\/strong><br \/>\nEnchufe el conector USB con cable r\u00e1pido sin esperar a que Bluetooth se empareje o buscar un dongle.<\/li>\n<li><strong>Seguimiento excepcional y personalizable<\/strong><br \/>\nAjuste el DPI para juegos FPS y RPG por igual, o configure un DPI temporal para un acceso r\u00e1pido en escenarios espec\u00edficos.*<\/li>\n<li><strong>F\u00e1cil de maniobrar<\/strong><br \/>\nCon peso, estabilidad y control cuidadosamente calculados.<\/li>\n<li><strong>aspecto moderno<\/strong><br \/>\nComplete su experiencia eligiendo un color de luz trasera personalizado.*<\/li>\n<li><strong>Rendimiento de siguiente nivel<\/strong><br \/>\nLos botones se sienten m\u00e1s receptivos y confiables que nunca.<\/li>\n<\/ul>\n<\/div>\n","protected":false},"excerpt":{"rendered":"<p>Con cable para trabajar y jugar en serio.\u00a0Microsoft Pro IntelliMouse le brinda un mouse de alto rendimiento listo para jugar y trabajar con velocidad, capacidad de respuesta, precisi\u00f3n y durabilidad.\u00a0Cuenta<\/p>\n","protected":false},"featured_media":89441,"comment_status":"open","ping_status":"closed","template":"","meta":{"_acf_changed":false,"_joinchat":[]},"product_brand":[],"product_cat":[277,280,434],"product_tag":[],"class_list":{"0":"post-89440","1":"product","2":"type-product","3":"status-publish","4":"has-post-thumbnail","6":"product_cat-zona-gamer","7":"product_cat-pc-gaming","8":"product_cat-mouse-y-teclado-gamer","10":"first","11":"instock","12":"sale","13":"shipping-taxable","14":"purchasable","15":"product-type-simple"},"acf":[],"_links":{"self":[{"href":"https:\/\/defabrica.com.mx\/defabrica\/wp-json\/wp\/v2\/product\/89440","targetHints":{"allow":["GET"]}}],"collection":[{"href":"https:\/\/defabrica.com.mx\/defabrica\/wp-json\/wp\/v2\/product"}],"about":[{"href":"https:\/\/defabrica.com.mx\/defabrica\/wp-json\/wp\/v2\/types\/product"}],"replies":[{"embeddable":true,"href":"https:\/\/defabrica.com.mx\/defabrica\/wp-json\/wp\/v2\/comments?post=89440"}],"wp:featuredmedia":[{"embeddable":true,"href":"https:\/\/defabrica.com.mx\/defabrica\/wp-json\/wp\/v2\/media\/89441"}],"wp:attachment":[{"href":"https:\/\/defabrica.com.mx\/defabrica\/wp-json\/wp\/v2\/media?parent=89440"}],"wp:term":[{"taxonomy":"product_brand","embeddable":true,"href":"https:\/\/defabrica.com.mx\/defabrica\/wp-json\/wp\/v2\/product_brand?post=89440"},{"taxonomy":"product_cat","embeddable":true,"href":"https:\/\/defabrica.com.mx\/defabrica\/wp-json\/wp\/v2\/product_cat?post=89440"},{"taxonomy":"product_tag","embeddable":true,"href":"https:\/\/defabrica.com.mx\/defabrica\/wp-json\/wp\/v2\/product_tag?post=89440"}],"curies":[{"name":"wp","href":"https:\/\/api.w.org\/{rel}","templated":true}]}}