{"id":89422,"date":"2022-07-14T21:20:35","date_gmt":"2022-07-15T02:20:35","guid":{"rendered":"https:\/\/defabrica.com.mx\/defabrica\/?post_type=product&#038;p=89422"},"modified":"2023-01-18T13:46:58","modified_gmt":"2023-01-18T19:46:58","slug":"steelseries-aerox-3-2022-edition-raton-optico-inalambrico-para-juegos-con-diseno-ultraligero-onyx","status":"publish","type":"product","link":"https:\/\/defabrica.com.mx\/defabrica\/producto\/steelseries-aerox-3-2022-edition-raton-optico-inalambrico-para-juegos-con-diseno-ultraligero-onyx\/","title":{"rendered":"SteelSeries &#8211; Aerox 3 2022 Edition Rat\u00f3n \u00f3ptico inal\u00e1mbrico para juegos con dise\u00f1o ultraligero &#8211; Onyx"},"content":{"rendered":"<div class=\"embedded-component-container lv product-description\">\n<div>\n<div id=\"shop-product-description-81569337\" class=\"_none\" data-version=\"1.3.46\">\n<div class=\"shop-product-description\">\n<section class=\"align-heading-left\" data-reactroot=\"\">\n<div class=\"long-description-container body-copy \">\n<div class=\"html-fragment\">El mouse SteelSeries Aerox 3 Wireless 2022 tiene un dise\u00f1o ultraligero de 68 g perfectamente optimizado para movimientos de mouse superligeros.\u00a0Una duraci\u00f3n de la bater\u00eda de 200 horas con carga r\u00e1pida garantiza una conexi\u00f3n inal\u00e1mbrica dual sin estr\u00e9s con un sensor TrueMove Air, patines deslizantes 100 % PTFE de grado virgen suaves como la seda para mejorar el control y la velocidad, AquaBarrier \u2122 resistente al agua brinda seguridad y el cable USB-C facilita Conectividad y personalizaci\u00f3n del mercado de accesorios.<\/div>\n<\/div>\n<\/section>\n<\/div>\n<\/div>\n<\/div>\n<\/div>\n<div class=\"embedded-component-container lv product-features\">\n<h3><\/h3>\n<h3 class=\"heading-5 v-fw-regular feature-heading\"><strong>Caracter\u00edsticas<\/strong><\/h3>\n<ul>\n<li><strong>ultraligero<\/strong><br \/>\nCuando los movimientos r\u00e1pidos y los deslizamientos grandes importan, el dise\u00f1o superligero de Aerox 3 permite tiempos de reacci\u00f3n m\u00e1s r\u00e1pidos y precisos en el juego.<\/li>\n<li><strong>200 horas de duraci\u00f3n de la bater\u00eda<\/strong><br \/>\nDise\u00f1ada espec\u00edficamente para optimizar el consumo de energ\u00eda, la bater\u00eda del Aerox 3 Wireless ofrece hasta 200 horas de uso continuo sin sacrificar el rendimiento ni el peso.<\/li>\n<li><strong>Patines deslizantes de PTFE de grado 100 % virgen<\/strong><br \/>\nDise\u00f1ado con PTFE 100 % puro para brindar los deslizamientos m\u00e1s suaves y un control mejorado para movimientos de mouse superligeros.<\/li>\n<li><strong>Sensor de aire TrueMove<\/strong><br \/>\nUn sensor de seguimiento personalizado real 1 a 1 desarrollado conjuntamente con PixArt especialmente para el rendimiento inal\u00e1mbrico. Este sensor \u00f3ptico de 18 000 CPI, 400 IPS y 40 G ofrece la velocidad y la precisi\u00f3n necesarias para mejorar su juego.<\/li>\n<li><strong>AquaBarrier\u2122<\/strong><br \/>\nEl primer mouse para juegos en recibir una clasificaci\u00f3n IP54, que brinda resistencia al agua y protecci\u00f3n contra el polvo, la suciedad, el aceite, la piel y m\u00e1s. El mouse est\u00e1 dise\u00f1ado para proteger el circuito interior de pr\u00e1cticamente todos los tipos de da\u00f1os ambientales, por lo que nunca tendr\u00e1 que preocuparse por los accidentes.<\/li>\n<\/ul>\n<\/div>\n","protected":false},"excerpt":{"rendered":"<p>El mouse SteelSeries Aerox 3 Wireless 2022 tiene un dise\u00f1o ultraligero de 68 g perfectamente optimizado para movimientos de mouse superligeros.\u00a0Una duraci\u00f3n de la bater\u00eda de 200 horas con carga<\/p>\n","protected":false},"featured_media":89423,"comment_status":"open","ping_status":"closed","template":"","meta":{"_acf_changed":false,"_joinchat":[]},"product_brand":[],"product_cat":[277,280,434],"product_tag":[],"class_list":{"0":"post-89422","1":"product","2":"type-product","3":"status-publish","4":"has-post-thumbnail","6":"product_cat-zona-gamer","7":"product_cat-pc-gaming","8":"product_cat-mouse-y-teclado-gamer","10":"first","11":"instock","12":"sale","13":"shipping-taxable","14":"purchasable","15":"product-type-simple"},"acf":[],"_links":{"self":[{"href":"https:\/\/defabrica.com.mx\/defabrica\/wp-json\/wp\/v2\/product\/89422","targetHints":{"allow":["GET"]}}],"collection":[{"href":"https:\/\/defabrica.com.mx\/defabrica\/wp-json\/wp\/v2\/product"}],"about":[{"href":"https:\/\/defabrica.com.mx\/defabrica\/wp-json\/wp\/v2\/types\/product"}],"replies":[{"embeddable":true,"href":"https:\/\/defabrica.com.mx\/defabrica\/wp-json\/wp\/v2\/comments?post=89422"}],"wp:featuredmedia":[{"embeddable":true,"href":"https:\/\/defabrica.com.mx\/defabrica\/wp-json\/wp\/v2\/media\/89423"}],"wp:attachment":[{"href":"https:\/\/defabrica.com.mx\/defabrica\/wp-json\/wp\/v2\/media?parent=89422"}],"wp:term":[{"taxonomy":"product_brand","embeddable":true,"href":"https:\/\/defabrica.com.mx\/defabrica\/wp-json\/wp\/v2\/product_brand?post=89422"},{"taxonomy":"product_cat","embeddable":true,"href":"https:\/\/defabrica.com.mx\/defabrica\/wp-json\/wp\/v2\/product_cat?post=89422"},{"taxonomy":"product_tag","embeddable":true,"href":"https:\/\/defabrica.com.mx\/defabrica\/wp-json\/wp\/v2\/product_tag?post=89422"}],"curies":[{"name":"wp","href":"https:\/\/api.w.org\/{rel}","templated":true}]}}