{"id":89346,"date":"2022-07-14T20:37:59","date_gmt":"2022-07-15T01:37:59","guid":{"rendered":"https:\/\/defabrica.com.mx\/defabrica\/?post_type=product&#038;p=89346"},"modified":"2022-07-14T20:37:59","modified_gmt":"2022-07-15T01:37:59","slug":"steelseries-raton-optico-para-juegos-con-cable-aerox-3-con-diseno-ultraligero-negro","status":"publish","type":"product","link":"https:\/\/defabrica.com.mx\/defabrica\/producto\/steelseries-raton-optico-para-juegos-con-cable-aerox-3-con-diseno-ultraligero-negro\/","title":{"rendered":"SteelSeries &#8211; Rat\u00f3n \u00f3ptico para juegos con cable Aerox 3 con dise\u00f1o ultraligero &#8211; Negro"},"content":{"rendered":"<div class=\"embedded-component-container lv product-description\">\n<div>\n<div id=\"shop-product-description-17473790\" class=\"_none\" data-version=\"1.3.46\">\n<div class=\"shop-product-description\">\n<section class=\"align-heading-left\" data-reactroot=\"\">\n<div class=\"long-description-container body-copy \">\n<div class=\"html-fragment\"><span>El mouse SteelSeries Aerox 3 tiene un dise\u00f1o ultraligero de 57 g para un juego sin esfuerzo, un cable de s\u00faper malla suave USB-C para menos arrastre y una sensaci\u00f3n de cable liviano, blindaje acu\u00e1tico resistente al agua con clasificaci\u00f3n IP54 y patines deslizantes de PTFE suaves como la seda para mejorar el control y la velocidad .\u00a0Estas funciones se combinan con otras funciones centradas en el rendimiento, como el sensor \u00f3ptico para juegos TrueMove Core.\u00a0Cada componente de la construcci\u00f3n externa e interna se dise\u00f1\u00f3 cuidadosamente para maximizar la durabilidad y la comodidad, lo que lo optimiza perfectamente para movimientos de mouse superligeros.<\/span><\/div>\n<\/div>\n<\/section>\n<\/div>\n<\/div>\n<\/div>\n<\/div>\n<div class=\"embedded-component-container lv product-features\">\n<h3><\/h3>\n<h3 class=\"heading-5 v-fw-regular feature-heading\"><strong>Caracter\u00edsticas<\/strong><\/h3>\n<ul>\n<li><strong>57 g ultraligero<\/strong><br \/>\nCuando los movimientos r\u00e1pidos importan y levantar el mouse puede ser agotador, el dise\u00f1o s\u00faper liviano de Aerox 3 permite tiempos de reacci\u00f3n m\u00e1s r\u00e1pidos y precisos en el juego.<\/li>\n<li><strong>Sensor de n\u00facleo TrueMove<\/strong><br \/>\nPresentamos TrueMove Core, un nuevo sensor de seguimiento 1 a 1 personalizado y desarrollado conjuntamente con PixArt especialmente para el rendimiento. Este sensor \u00f3ptico de 8500 CPI, 300 IPS, 35G ofrece la velocidad y precisi\u00f3n necesarias para mejorar su juego.<\/li>\n<li><strong>Cable Super Mesh USB-C<\/strong><br \/>\nLos deslizamientos r\u00e1pidos y los movimientos r\u00e1pidos son esenciales para rendir al m\u00e1ximo en el juego. Nuestro nuevo cable de malla de microfibra suave permite menos arrastre y una sensaci\u00f3n m\u00e1s ligera para cuando es el momento de golpear ese tiro crucial.<\/li>\n<li><strong>Patines deslizantes de PTFE<\/strong><br \/>\nDise\u00f1ado para proporcionar un mayor control y suavidad para movimientos de mouse s\u00faper ligeros, suaves como la seda y sin esfuerzo a trav\u00e9s de su mousepad sin resistencia.<\/li>\n<li><strong>AquaBarrier<\/strong><br \/>\nEl primer mouse para juegos en recibir una clasificaci\u00f3n IP54, que brinda resistencia al agua y protecci\u00f3n contra el polvo, la suciedad, el aceite, la piel y m\u00e1s. El mouse est\u00e1 dise\u00f1ado para proteger el circuito interior de pr\u00e1cticamente todos los tipos de da\u00f1os ambientales, por lo que nunca tendr\u00e1 que preocuparse por los accidentes.<\/li>\n<li><strong>Forma probada en batalla<\/strong><br \/>\nCada componente de la construcci\u00f3n externa e interna fue dise\u00f1ado cuidadosamente para maximizar la durabilidad y la comodidad.<\/li>\n<li><strong>Conectividad USB tipo C<\/strong><br \/>\nLa personalizaci\u00f3n definitiva de su mouse ahora es m\u00e1s f\u00e1cil. La conexi\u00f3n USB-C est\u00e1ndar es f\u00e1cil de enchufar y le permite personalizar el mouse con opciones de cable del mercado de accesorios.<\/li>\n<\/ul>\n<\/div>\n","protected":false},"excerpt":{"rendered":"<p>El mouse SteelSeries Aerox 3 tiene un dise\u00f1o ultraligero de 57 g para un juego sin esfuerzo, un cable de s\u00faper malla suave USB-C para menos arrastre y una sensaci\u00f3n<\/p>\n","protected":false},"featured_media":89347,"comment_status":"open","ping_status":"closed","template":"","meta":{"_acf_changed":false,"_joinchat":[]},"product_brand":[],"product_cat":[277,280,434],"product_tag":[],"class_list":{"0":"post-89346","1":"product","2":"type-product","3":"status-publish","4":"has-post-thumbnail","6":"product_cat-zona-gamer","7":"product_cat-pc-gaming","8":"product_cat-mouse-y-teclado-gamer","10":"first","11":"instock","12":"sale","13":"shipping-taxable","14":"purchasable","15":"product-type-simple"},"acf":[],"_links":{"self":[{"href":"https:\/\/defabrica.com.mx\/defabrica\/wp-json\/wp\/v2\/product\/89346","targetHints":{"allow":["GET"]}}],"collection":[{"href":"https:\/\/defabrica.com.mx\/defabrica\/wp-json\/wp\/v2\/product"}],"about":[{"href":"https:\/\/defabrica.com.mx\/defabrica\/wp-json\/wp\/v2\/types\/product"}],"replies":[{"embeddable":true,"href":"https:\/\/defabrica.com.mx\/defabrica\/wp-json\/wp\/v2\/comments?post=89346"}],"wp:featuredmedia":[{"embeddable":true,"href":"https:\/\/defabrica.com.mx\/defabrica\/wp-json\/wp\/v2\/media\/89347"}],"wp:attachment":[{"href":"https:\/\/defabrica.com.mx\/defabrica\/wp-json\/wp\/v2\/media?parent=89346"}],"wp:term":[{"taxonomy":"product_brand","embeddable":true,"href":"https:\/\/defabrica.com.mx\/defabrica\/wp-json\/wp\/v2\/product_brand?post=89346"},{"taxonomy":"product_cat","embeddable":true,"href":"https:\/\/defabrica.com.mx\/defabrica\/wp-json\/wp\/v2\/product_cat?post=89346"},{"taxonomy":"product_tag","embeddable":true,"href":"https:\/\/defabrica.com.mx\/defabrica\/wp-json\/wp\/v2\/product_tag?post=89346"}],"curies":[{"name":"wp","href":"https:\/\/api.w.org\/{rel}","templated":true}]}}